{"id":1667,"date":"2022-06-17T08:17:23","date_gmt":"2022-06-17T08:17:23","guid":{"rendered":"https:\/\/recosa.com\/canal-etico\/"},"modified":"2026-01-09T10:38:08","modified_gmt":"2026-01-09T10:38:08","slug":"canal-ethique","status":"publish","type":"page","link":"https:\/\/recosa.com\/fr\/canal-ethique\/","title":{"rendered":"Canal \u00e9thique"},"content":{"rendered":"\n<style type=\"text\/css\" data-created_by=\"avia_inline_auto\" id=\"style-css-av-cycfzz-9cc2966d2cac422301a0db29d4b789dc\">\n.avia-section.av-cycfzz-9cc2966d2cac422301a0db29d4b789dc{\nbackground-repeat:no-repeat;\nbackground-image:url(https:\/\/recosa.com\/wp-content\/uploads\/2016\/12\/20-QUALITAT-banner-superior.jpg);\nbackground-position:50% 50%;\nbackground-attachment:scroll;\n}\n<\/style>\n<div id='av_section_1'  class='avia-section av-cycfzz-9cc2966d2cac422301a0db29d4b789dc main_color avia-section-no-padding avia-no-border-styling  avia-builder-el-0  el_before_av_layout_row  avia-builder-el-first  slider-pral avia-bg-style-scroll av-minimum-height av-minimum-height-custom av-height-custom  container_wrap fullsize'  data-section-bg-repeat='no-repeat' data-av_minimum_height_px='475'><div class='container av-section-cont-open' style='height:475px'><main  role=\"main\" itemprop=\"mainContentOfPage\"  class='template-page content  av-content-full alpha units'><div class='post-entry post-entry-type-page post-entry-1667'><div class='entry-content-wrapper clearfix'>\n\n<style type=\"text\/css\" data-created_by=\"avia_inline_auto\" id=\"style-css-av-aap5nz-282a204b78c84bb6e4e3f90673cbda08\">\n.flex_column.av-aap5nz-282a204b78c84bb6e4e3f90673cbda08{\nborder-radius:0px 0px 0px 0px;\npadding:0px 0px 0px 0px;\nbackground-color:#bfac27;\n}\n<\/style>\n<div  class='flex_column av-aap5nz-282a204b78c84bb6e4e3f90673cbda08 av_one_full  avia-builder-el-1  avia-builder-el-no-sibling  caption-pral first flex_column_div av-zero-column-padding  '     ><p>\n<style type=\"text\/css\" data-created_by=\"avia_inline_auto\" id=\"style-css-av-l4i6eljf-e12b372947dd908770e5a56697cd9234\">\n#top .av-special-heading.av-l4i6eljf-e12b372947dd908770e5a56697cd9234{\npadding-bottom:0;\ncolor:#ffffff;\n}\nbody .av-special-heading.av-l4i6eljf-e12b372947dd908770e5a56697cd9234 .av-special-heading-tag .heading-char{\nfont-size:25px;\n}\n.av-special-heading.av-l4i6eljf-e12b372947dd908770e5a56697cd9234 .special-heading-inner-border{\nborder-color:#ffffff;\n}\n.av-special-heading.av-l4i6eljf-e12b372947dd908770e5a56697cd9234 .av-subheading{\nfont-size:15px;\n}\n<\/style>\n<div  class='av-special-heading av-l4i6eljf-e12b372947dd908770e5a56697cd9234 av-special-heading-h1 custom-color-heading blockquote modern-quote modern-centered  avia-builder-el-2  el_before_av_hr  avia-builder-el-first '><h1 class='av-special-heading-tag'  itemprop=\"headline\"  >Canal \u00e9thique<\/h1><div class=\"special-heading-border\"><div class=\"special-heading-inner-border\"><\/div><\/div><\/div><br \/>\n<div  class='hr av-8h5re7-5152f1baf1d49d13108e5e1c71a15462 hr-full  avia-builder-el-3  el_after_av_heading  avia-builder-el-last  hr-shadow'><span class='hr-inner '><span class=\"hr-inner-style\"><\/span><\/span><\/div><\/p><\/div>\n\n<\/div><\/div><\/main><!-- close content main element --><\/div><\/div><div id='av-layout-grid-1'  class='av-layout-grid-container av-89bhcv-a69f2cc48a8640322004655b11af215b entry-content-wrapper main_color av-border-top-bottom av-flex-cells  avia-builder-el-4  el_after_av_section  el_before_av_section  grid-row-not-first  container_wrap fullsize'  >\n\n<style type=\"text\/css\" data-created_by=\"avia_inline_auto\" id=\"style-css-av-nffxr-b28410c82b62c63fdc8bf048c5cfe1a1\">\n.flex_cell.av-nffxr-b28410c82b62c63fdc8bf048c5cfe1a1{\nvertical-align:top;\n}\n.responsive #top #wrap_all .flex_cell.av-nffxr-b28410c82b62c63fdc8bf048c5cfe1a1{\npadding:40px 60px 40px 60px !important;\n}\n<\/style>\n<div class='flex_cell av-nffxr-b28410c82b62c63fdc8bf048c5cfe1a1 av-gridrow-cell av_one_full no_margin  avia-builder-el-5  avia-builder-el-no-sibling '  ><div class='flex_cell_inner'><section  class='av_textblock_section av-l4i6grvq-355ca5a515518c7e5223d69c8babd8e9 '   itemscope=\"itemscope\" itemtype=\"https:\/\/schema.org\/CreativeWork\" ><div class='avia_textblock'  itemprop=\"text\" ><p><strong>RESINAS Y COLORES SA<\/strong> dans son mod\u00e8le d&rsquo;organisation et de gestion a permis un canal d&rsquo;\u00e9thique \u00e0 efficacit\u00e9 pr\u00e9ventive qui permet la d\u00e9tection d&rsquo;actes ou de comportements qui pourraient \u00eatre contraires aux r\u00e9glementations g\u00e9n\u00e9rales ou sectorielles qui peuvent \u00eatre applicables conform\u00e9ment au Code p\u00e9nal lorsqu&rsquo;il impose \u00ab\u00a0l&rsquo;obligation de signaler les risques et manquements \u00e9ventuels \u00e0 l&rsquo;organe charg\u00e9 de contr\u00f4ler le fonctionnement et le respect du mod\u00e8le de pr\u00e9vention\u00a0\u00bb.<\/p>\n<p>Le Canal \u00c9thique est activ\u00e9 pour tous les membres qui font partie de notre entit\u00e9 et\/ou des tiers susceptibles d&rsquo;informer l&rsquo;organisation de l&rsquo;existence de toute faiblesse proc\u00e9durale et organisationnelle pouvant entra\u00eener un risque p\u00e9nal ou la commission ou l&rsquo;omission d&rsquo;un acte criminel.<\/p>\n<p><strong>RESINAS Y COLORES SA<\/strong> garantit la confidentialit\u00e9, l&rsquo;anonymat et l&rsquo;absence de repr\u00e9sailles de quelque nature que ce soit envers la personne qui a mis les faits au jour. Les donn\u00e9es ne seront conserv\u00e9es dans le syst\u00e8me que pendant le temps n\u00e9cessaire pour enqu\u00eater sur les faits signal\u00e9s. Dans tous les cas, apr\u00e8s trois mois \u00e0 compter de l&rsquo;introduction de vos donn\u00e9es personnelles, notre organisation proc\u00e9dera \u00e0 leur suppression du syst\u00e8me. Si sa conservation est n\u00e9cessaire pour poursuivre l&rsquo;enqu\u00eate, notre organisation pourra continuer \u00e0 traiter vos donn\u00e9es dans un environnement diff\u00e9rent qui correspond l\u00e9galement.<\/p>\n<p>Les plaintes peuvent \u00eatre communiqu\u00e9es via l&rsquo;un des canaux suivants activ\u00e9s dans l&rsquo;organisation\u00a0:<\/p>\n<ol>\n<li>Courriel \u00e0 l&rsquo;adresse suivante: <a href=\"mailto:etica@recosa.com\">etica@recosa.com<\/a>.<\/li>\n<li>Mod\u00e8le de communication de preuves ou de soup\u00e7ons de comportement criminel pouvant \u00eatre obtenu en physique ou num\u00e9rique en en faisant la demande aux bureaux de l&rsquo;organisme.<\/li>\n<li>Remplir le formulaire web Canal \u00c9thique disponible ci-dessous.<\/li>\n<\/ol>\n<\/div><\/section>\n<\/div><\/div>\n<\/div>\n\n<style type=\"text\/css\" data-created_by=\"avia_inline_auto\" id=\"style-css-av-dvv43-309e7797ee01bc3cb92afee77ab45932\">\n.avia-section.av-dvv43-309e7797ee01bc3cb92afee77ab45932{\nbackground-color:#ffffff;\nbackground-image:unset;\n}\n<\/style>\n<div id='av_section_2'  class='avia-section av-dvv43-309e7797ee01bc3cb92afee77ab45932 main_color avia-section-default avia-no-shadow  avia-builder-el-7  el_after_av_layout_row  el_before_av_section  avia-bg-style-scroll container_wrap fullsize'  ><div class='container av-section-cont-open' ><div class='template-page content  av-content-full alpha units'><div class='post-entry post-entry-type-page post-entry-1667'><div class='entry-content-wrapper clearfix'>\n<form action=\"https:\/\/recosa.com\/fr\/canal-ethique\/\" method=\"post\" data-fields-with-error=\"Erreurs trouv\u00e9es dans les champs suivants :\" class=\"avia_ajax_form av-form-labels-visible   avia-builder-el-8  avia-builder-el-no-sibling   \" data-avia-form-id=\"1\" data-avia-redirect='' ><h3 class=''>Formulaire Canal \u00c9thique<\/h3><fieldset><p class='  first_form  form_element form_fullwidth' id='element_avia_1_1'><label for=\"avia_1_1\">Nom et pr\u00e9nom <abbr class=\"required\" title=\"requis(e)\">*<\/abbr><\/label> <input name=\"avia_1_1\" class=\"text_input is_empty\" type=\"text\" id=\"avia_1_1\" value=\"\" \/><\/p><p class='  first_form  form_element form_fullwidth' id='element_avia_2_1'><label for=\"avia_2_1\">E-Mail <abbr class=\"required\" title=\"requis(e)\">*<\/abbr><\/label> <input name=\"avia_2_1\" class=\"text_input is_email\" type=\"text\" id=\"avia_2_1\" value=\"\" \/><\/p><p class='  first_form  form_element form_fullwidth' id='element_avia_3_1'><label for=\"avia_3_1\" class=\"textare_label hidden textare_label_avia_3_1\">Message <abbr class=\"required\" title=\"requis(e)\">*<\/abbr><\/label><textarea  name=\"avia_3_1\" class=\"text_area is_empty\" cols=\"40\" rows=\"7\" id=\"avia_3_1\" ><\/textarea><\/p><p class=\"hidden\"><input type=\"text\" name=\"avia_4_1\" class=\"hidden \" id=\"avia_4_1\" value=\"\" \/><\/p><p class='   form_element form_fullwidth' id='element_avia_5_1'><span class='value_verifier_label'>0 + 5 = ?<\/span><input name=\"avia_5_1_verifier\" type=\"hidden\" id=\"avia_5_1_verifier\" value=\"213857464\"\/><label for=\"avia_5_1\">Veuillez prouver que vous \u00eates humain en r\u00e9solvant l'\u00e9quation <abbr class=\"required\" title=\"requis(e)\">*<\/abbr><\/label><input name=\"avia_5_1\" class=\"text_input captcha\" type=\"text\" id=\"avia_5_1\" value=\"\"\/><\/p><p class=\"form_element \"><input type=\"hidden\" value=\"1\" name=\"avia_generated_form1\" \/><input type=\"submit\" value=\"Envoyer\" class=\"button\"  data-sending-label=\"Envoi\"\/><\/p><\/fieldset><\/form><div id=\"ajaxresponse_1\" class=\"ajaxresponse ajaxresponse_1 hidden\"><\/div>\n\n<\/div><\/div><\/div><!-- close content main div --><\/div><\/div>\n<style type=\"text\/css\" data-created_by=\"avia_inline_auto\" id=\"style-css-av-41hay7-a196eb47c06c9babd95003efff7bcbe7\">\n.avia-section.av-41hay7-a196eb47c06c9babd95003efff7bcbe7{\nbackground-color:#ffffff;\nbackground-image:unset;\n}\n<\/style>\n<div id='av_section_3'  class='avia-section av-41hay7-a196eb47c06c9babd95003efff7bcbe7 main_color avia-section-default avia-no-shadow  avia-builder-el-9  el_after_av_section  avia-builder-el-last  avia-bg-style-scroll container_wrap fullsize'  ><div class='container av-section-cont-open' ><div class='template-page content  av-content-full alpha units'><div class='post-entry post-entry-type-page post-entry-1667'><div class='entry-content-wrapper clearfix'>\n\n<style type=\"text\/css\" data-created_by=\"avia_inline_auto\" id=\"style-css-av-ayu8v-8ad25d3280dfe406fcbff7f75aa779bd\">\n.avia-image-container.av-ayu8v-8ad25d3280dfe406fcbff7f75aa779bd img.avia_image{\nbox-shadow:none;\n}\n.avia-image-container.av-ayu8v-8ad25d3280dfe406fcbff7f75aa779bd .av-image-caption-overlay-center{\ncolor:#ffffff;\n}\n<\/style>\n<div  class='avia-image-container av-ayu8v-8ad25d3280dfe406fcbff7f75aa779bd av-styling- avia-align-right  avia-builder-el-10  avia-builder-el-no-sibling '   itemprop=\"image\" itemscope=\"itemscope\" itemtype=\"https:\/\/schema.org\/ImageObject\" ><div class=\"avia-image-container-inner\"><div class=\"avia-image-overlay-wrap\"><a href=\"https:\/\/recosa.com\/wp-content\/uploads\/2026\/01\/2028-Certificat.pdf\" class='avia_image' target=\"_blank\" rel=\"noopener noreferrer\" aria-label='certificat'><img decoding=\"async\" fetchpriority=\"high\" class='wp-image-1571 avia-img-lazy-loading-not-1571 avia_image ' src=\"https:\/\/recosa.com\/wp-content\/uploads\/2016\/11\/certificat-1.jpg\" alt='' title='certificat'  height=\"86\" width=\"80\"  itemprop=\"thumbnailUrl\"  \/><\/a><\/div><\/div><\/div>\n\n","protected":false},"excerpt":{"rendered":"","protected":false},"author":1,"featured_media":0,"parent":0,"menu_order":0,"comment_status":"closed","ping_status":"closed","template":"","meta":{"footnotes":""},"_links":{"self":[{"href":"https:\/\/recosa.com\/fr\/wp-json\/wp\/v2\/pages\/1667"}],"collection":[{"href":"https:\/\/recosa.com\/fr\/wp-json\/wp\/v2\/pages"}],"about":[{"href":"https:\/\/recosa.com\/fr\/wp-json\/wp\/v2\/types\/page"}],"author":[{"embeddable":true,"href":"https:\/\/recosa.com\/fr\/wp-json\/wp\/v2\/users\/1"}],"replies":[{"embeddable":true,"href":"https:\/\/recosa.com\/fr\/wp-json\/wp\/v2\/comments?post=1667"}],"version-history":[{"count":7,"href":"https:\/\/recosa.com\/fr\/wp-json\/wp\/v2\/pages\/1667\/revisions"}],"predecessor-version":[{"id":1845,"href":"https:\/\/recosa.com\/fr\/wp-json\/wp\/v2\/pages\/1667\/revisions\/1845"}],"wp:attachment":[{"href":"https:\/\/recosa.com\/fr\/wp-json\/wp\/v2\/media?parent=1667"}],"curies":[{"name":"wp","href":"https:\/\/api.w.org\/{rel}","templated":true}]}}