{"id":1283,"date":"2016-12-18T22:43:27","date_gmt":"2016-12-18T22:43:27","guid":{"rendered":"https:\/\/recosa.com\/politica-de-cookies\/"},"modified":"2026-01-09T10:38:45","modified_gmt":"2026-01-09T10:38:45","slug":"politique-de-cookies","status":"publish","type":"page","link":"https:\/\/recosa.com\/fr\/politique-de-cookies\/","title":{"rendered":"Politique de Cookies"},"content":{"rendered":"\n<style type=\"text\/css\" data-created_by=\"avia_inline_auto\" id=\"style-css-av-gajujx-c69c71fb33a04f8ecca0658a787557a4\">\n.avia-section.av-gajujx-c69c71fb33a04f8ecca0658a787557a4{\nbackground-repeat:no-repeat;\nbackground-image:url(https:\/\/recosa.com\/wp-content\/uploads\/2016\/12\/POLITICA-DE-PRIVACITAT-banner-superior.jpg);\nbackground-position:50% 50%;\nbackground-attachment:scroll;\n}\n<\/style>\n<div id='av_section_1'  class='avia-section av-gajujx-c69c71fb33a04f8ecca0658a787557a4 main_color avia-section-no-padding avia-no-border-styling  avia-builder-el-0  el_before_av_layout_row  avia-builder-el-first  slider-pral avia-bg-style-scroll av-minimum-height av-minimum-height-custom av-height-custom  container_wrap fullsize'  data-section-bg-repeat='no-repeat' data-av_minimum_height_px='475'><div class='container av-section-cont-open' style='height:475px'><main  role=\"main\" itemprop=\"mainContentOfPage\"  class='template-page content  av-content-full alpha units'><div class='post-entry post-entry-type-page post-entry-1283'><div class='entry-content-wrapper clearfix'>\n\n<style type=\"text\/css\" data-created_by=\"avia_inline_auto\" id=\"style-css-av-e2irf1-3de5fec75862ad343885189e071b083d\">\n.flex_column.av-e2irf1-3de5fec75862ad343885189e071b083d{\nborder-radius:0px 0px 0px 0px;\npadding:0px 0px 0px 0px;\nbackground-color:#bfac27;\n}\n<\/style>\n<div  class='flex_column av-e2irf1-3de5fec75862ad343885189e071b083d av_one_full  avia-builder-el-1  avia-builder-el-no-sibling  caption-pral first flex_column_div av-zero-column-padding  '     ><p>\n<style type=\"text\/css\" data-created_by=\"avia_inline_auto\" id=\"style-css-av-cs5qjh-7f89de8c2f9ae90767fea7a0396d08ff\">\n#top .av-special-heading.av-cs5qjh-7f89de8c2f9ae90767fea7a0396d08ff{\npadding-bottom:0;\ncolor:#ffffff;\n}\nbody .av-special-heading.av-cs5qjh-7f89de8c2f9ae90767fea7a0396d08ff .av-special-heading-tag .heading-char{\nfont-size:25px;\n}\n.av-special-heading.av-cs5qjh-7f89de8c2f9ae90767fea7a0396d08ff .special-heading-inner-border{\nborder-color:#ffffff;\n}\n.av-special-heading.av-cs5qjh-7f89de8c2f9ae90767fea7a0396d08ff .av-subheading{\nfont-size:15px;\n}\n<\/style>\n<div  class='av-special-heading av-cs5qjh-7f89de8c2f9ae90767fea7a0396d08ff av-special-heading-h1 custom-color-heading blockquote modern-quote modern-centered  avia-builder-el-2  el_before_av_hr  avia-builder-el-first '><h1 class='av-special-heading-tag'  itemprop=\"headline\"  >Politique de Cookies<\/h1><div class=\"special-heading-border\"><div class=\"special-heading-inner-border\"><\/div><\/div><\/div><br \/>\n<div  class='hr av-acxy4t-b569796f74c2f87de588ab9ee99afd2c hr-full  avia-builder-el-3  el_after_av_heading  avia-builder-el-last  hr-shadow'><span class='hr-inner '><span class=\"hr-inner-style\"><\/span><\/span><\/div><\/p><\/div>\n\n<\/div><\/div><\/main><!-- close content main element --><\/div><\/div><div id='av-layout-grid-1'  class='av-layout-grid-container av-8v4d1p-cf077799e0caaa639144e1a1560f0f18 entry-content-wrapper main_color av-border-top-bottom av-flex-cells  avia-builder-el-4  el_after_av_section  el_before_av_section  grid-row-not-first  container_wrap fullsize'  >\n\n<style type=\"text\/css\" data-created_by=\"avia_inline_auto\" id=\"style-css-av-75qcv1-ea4eb1ba36f3c3c5b7a4666a22b1a2aa\">\n.flex_cell.av-75qcv1-ea4eb1ba36f3c3c5b7a4666a22b1a2aa{\nvertical-align:top;\n}\n.responsive #top #wrap_all .flex_cell.av-75qcv1-ea4eb1ba36f3c3c5b7a4666a22b1a2aa{\npadding:40px 60px 40px 60px !important;\n}\n<\/style>\n<div class='flex_cell av-75qcv1-ea4eb1ba36f3c3c5b7a4666a22b1a2aa av-gridrow-cell av_one_full no_margin  avia-builder-el-5  avia-builder-el-no-sibling '  ><div class='flex_cell_inner'><section  class='av_textblock_section av-5firv1-a457d3af6e8d8a87ef4ab490b7c82b6d '   itemscope=\"itemscope\" itemtype=\"https:\/\/schema.org\/CreativeWork\" ><div class='avia_textblock'  itemprop=\"text\" ><h3 class=\"p1\">Qu&rsquo;est-ce qu&rsquo;un cookie?<\/h3>\n<p>Un cookie est un fichier t\u00e9l\u00e9charg\u00e9 sur votre ordinateur lorsque vous acc\u00e9dez \u00e0 certains sites Web. Les cookies permettent aux sites Web (entre autres) de stocker et de r\u00e9cup\u00e9rer des informations sur les habitudes de navigation des utilisateurs ou des appareils et, en fonction des informations qu\u2019ils contiennent et de la fa\u00e7on dont vous utilisez votre appareil, ils peuvent \u00eatre utilis\u00e9s pour identifier l\u2019utilisateur.<\/p>\n<p>Le navigateur de l\u2019utilisateur stocke les cookies sur le disque dur uniquement pendant la session en cours, de sorte qu\u2019ils prennent un minimum d\u2019espace m\u00e9moire et n\u2019endommagent pas le PC. Les cookies ne contiennent aucun type d\u2019informations personnelles sp\u00e9cifiques et la plupart d\u2019entre eux sont effac\u00e9s du disque dur lorsque la session du navigateur est termin\u00e9e (les cookies dits de session).<\/p>\n<p>La plupart des navigateurs acceptent les cookies en standard et, ind\u00e9pendamment d\u2019eux, ils autorisent ou emp\u00eachent les cookies temporaires ou m\u00e9moris\u00e9s sur les param\u00e8tres de s\u00e9curit\u00e9.<\/p>\n<p>Selon l\u2019entit\u00e9 exploitant l\u2019ordinateur ou le domaine o\u00f9 les cookies sont envoy\u00e9s et traitant les donn\u00e9es obtenues, deux types peuvent \u00eatre distingu\u00e9s: les cookies propri\u00e9taires et les cookies tiers. Il existe \u00e9galement une deuxi\u00e8me classification en fonction de la dur\u00e9e de conservation des cookies dans le navigateur de l\u2019utilisateur: cookies de session ou cookies persistants. Enfin, il peut y avoir une autre classification en 5 types de cookies, en fonction de la finalit\u00e9 d\u2019obtention de ces informations: cookies techniques, cookies de personnalisation, cookies d\u2019analyse, cookies publicitaires et cookies de publicit\u00e9 comportementale. Vous pouvez en savoir plus sur ce sujet dans le guide de\u00a0<a href=\"http:\/\/www.interior.gob.es\/documents\/10180\/13073\/Guia_Cookies.pdf\/7c72c988-1e55-42b5-aeee-f7c46a319903\" target=\"_blank\" rel=\"noopener noreferrer\">l\u2019Agence espagnole de protection des donn\u00e9es sur l\u2019utilisation des cookies (disponible uniquement en espagnol)<\/a>.<\/p>\n<\/div><\/section><br \/>\n\n<style type=\"text\/css\" data-created_by=\"avia_inline_auto\" id=\"style-css-av-kzi69bd3-3f51f00b751660354aa4e9b2538de4e9\">\n#top .hr.hr-invisible.av-kzi69bd3-3f51f00b751660354aa4e9b2538de4e9{\nheight:40px;\n}\n<\/style>\n<div  class='hr av-kzi69bd3-3f51f00b751660354aa4e9b2538de4e9 hr-invisible  avia-builder-el-7  el_after_av_textblock  el_before_av_textblock '><span class='hr-inner '><span class=\"hr-inner-style\"><\/span><\/span><\/div><br \/>\n<section  class='av_textblock_section av-kzi67opx-4000121570e926fd824f777e3bbb0eb9 '   itemscope=\"itemscope\" itemtype=\"https:\/\/schema.org\/CreativeWork\" ><div class='avia_textblock'  itemprop=\"text\" ><h3 class=\"p1\">Quelle utilisation donnons-nous aux diff\u00e9rents types de cookies?<\/h3>\n<p><strong>Selon son objectif:<\/strong><\/p>\n<table class=\"dcf-table dcf-table-responsive dcf-table-bordered dcf-table-striped dcf-w-100%\">\n<tbody>\n<tr>\n<td><strong>Cookies techniques<\/strong><\/td>\n<td>Les cookies techniques sont ceux qui facilitent la navigation de l\u2019utilisateur et l\u2019utilisation des diff\u00e9rentes options ou services propos\u00e9s par le site tels que l\u2019identification de la session, permettre l\u2019acc\u00e8s \u00e0 certaines zones, faciliter les commandes, les achats, remplir des formulaires, l\u2019inscription, la s\u00e9curit\u00e9, faciliter les fonctionnalit\u00e9s (vid\u00e9os, r\u00e9seaux sociaux\u2026).<\/td>\n<\/tr>\n<tr>\n<td><strong>Cookies de personnalisation<\/strong><\/td>\n<td>Les cookies de personnalisation permettent \u00e0 l\u2019utilisateur d\u2019acc\u00e9der aux services en fonction de ses pr\u00e9f\u00e9rences (langue, navigateur, param\u00e8tres\u2026).<\/td>\n<\/tr>\n<tr>\n<td><strong>Cookies analytiques<\/strong><\/td>\n<td>Les cookies d\u2019analyse sont ceux utilis\u00e9s pour effectuer une analyse anonyme du comportement des utilisateurs du site Web et qui permettent la mesure de l\u2019activit\u00e9 des utilisateurs et la cr\u00e9ation de profils de navigation afin d\u2019am\u00e9liorer les sites Web.<\/td>\n<\/tr>\n<tr>\n<td><strong>Cookies publicitaires<\/strong><\/td>\n<td>Les cookies publicitaires permettent la gestion des espaces publicitaires sur le site. De plus, ces cookies peuvent \u00eatre de la publicit\u00e9 personnalis\u00e9e et ainsi permettre la gestion des espaces publicitaires sur le site Web en fonction du comportement et des habitudes de navigation de l\u2019utilisateur, o\u00f9 vous obtenez votre profil et vous permettent de personnaliser la publicit\u00e9 qui s\u2019affiche dans le navigateur de l\u2019utilisateur ou autres profils d\u2019utilisateurs et r\u00e9seaux sociaux.<\/td>\n<\/tr>\n<\/tbody>\n<\/table>\n<\/div><\/section><br \/>\n<section  class='av_textblock_section av-kzi6y1e1-8dc390a97c3878802855cf426164ffd7 '   itemscope=\"itemscope\" itemtype=\"https:\/\/schema.org\/CreativeWork\" ><div class='avia_textblock'  itemprop=\"text\" ><p><strong>Selon son terme:<\/strong><\/p>\n<table class=\"dcf-table dcf-table-responsive dcf-table-bordered dcf-table-striped dcf-w-100%\">\n<tbody>\n<tr>\n<td><strong>Cookies de session<\/strong><\/td>\n<td>Les cookies de session sont ceux qui durent aussi longtemps que l\u2019utilisateur navigue sur le site Web et sont supprim\u00e9s lorsque le navigateur est ferm\u00e9.<\/td>\n<\/tr>\n<tr>\n<td><strong>Cookies persistants<\/strong><\/td>\n<td>Ces cookies sont stock\u00e9s dans le terminal de l\u2019utilisateur jusqu\u2019\u00e0 ce qu\u2019ils soient supprim\u00e9s manuellement ou que la p\u00e9riode de dur\u00e9e \u00e9tablie pour ce cookie soit termin\u00e9e.<\/td>\n<\/tr>\n<\/tbody>\n<\/table>\n<\/div><\/section><br \/>\n<section  class='av_textblock_section av-kzi6yhp4-c771906c9a4931d7bb16e7d5479e4b99 '   itemscope=\"itemscope\" itemtype=\"https:\/\/schema.org\/CreativeWork\" ><div class='avia_textblock'  itemprop=\"text\" ><p><strong>Selon sa propri\u00e9t\u00e9:<\/strong><\/p>\n<table class=\"dcf-table dcf-table-responsive dcf-table-bordered dcf-table-striped dcf-w-100%\">\n<tbody>\n<tr>\n<td><strong>Propres cookies<\/strong><\/td>\n<td>Ceux qui sont envoy\u00e9s \u00e0 l\u2019\u00e9quipement terminal de l\u2019utilisateur \u00e0 partir d\u2019un ordinateur ou d\u2019un domaine g\u00e9r\u00e9 par l\u2019\u00e9diteur et \u00e0 partir duquel le service demand\u00e9 par l\u2019utilisateur est fourni.<\/td>\n<\/tr>\n<tr>\n<td><strong>Cookies tiers<\/strong><\/td>\n<td>Ceux qui sont envoy\u00e9s au terminal de l\u2019utilisateur \u00e0 partir d\u2019un ordinateur ou d\u2019un domaine qui n\u2019est pas g\u00e9r\u00e9 par l\u2019\u00e9diteur, mais par une autre entit\u00e9 qui traite les donn\u00e9es obtenues par le biais de cookies.<\/td>\n<\/tr>\n<\/tbody>\n<\/table>\n<\/div><\/section><br \/>\n\n<style type=\"text\/css\" data-created_by=\"avia_inline_auto\" id=\"style-css-av-kmh71-764eb172e696afd41773479394587515\">\n#top .hr.hr-invisible.av-kmh71-764eb172e696afd41773479394587515{\nheight:40px;\n}\n<\/style>\n<div  class='hr av-kmh71-764eb172e696afd41773479394587515 hr-invisible  avia-builder-el-11  el_after_av_textblock  el_before_av_textblock '><span class='hr-inner '><span class=\"hr-inner-style\"><\/span><\/span><\/div><br \/>\n<section  class='av_textblock_section av-kzi72fzw-7bb0f42c6aa8d1089975130ed0e08d32 '   itemscope=\"itemscope\" itemtype=\"https:\/\/schema.org\/CreativeWork\" ><div class='avia_textblock'  itemprop=\"text\" ><p><strong>Le tableau suivant pr\u00e9sente la classification et la description des cookies utilis\u00e9s sur ce site Web afin que vous puissiez les identifier dans votre navigateur:<\/strong><\/p>\n<table class=\"cookielawinfo-row-cat-table cookielawinfo-winter\"><thead><tr><th class=\"cookielawinfo-column-1\">Cookie<\/th><th class=\"cookielawinfo-column-2\">Type<\/th><th class=\"cookielawinfo-column-3\">Dur\u00e9e<\/th><th class=\"cookielawinfo-column-4\">Description<\/th><\/tr><\/thead><tbody><tr class=\"cookielawinfo-row\"><td class=\"cookielawinfo-column-1\">_ga<\/td><td class=\"cookielawinfo-column-2\">Tiers<\/td><td class=\"cookielawinfo-column-3\">2 ann\u00e9es<\/td><td class=\"cookielawinfo-column-4\">Ce cookie est install\u00e9 par Google Analytics. Le cookie est utilis\u00e9 pour calculer les donn\u00e9es des visiteurs, les sessions, la camapign et suivre l'utilisation du site pour le rapport d'analyse du site. Les cookies stockent les informations de mani\u00e8re anonyme et attribuent un num\u00e9ro g\u00e9n\u00e9r\u00e9 al\u00e9atoirement pour identifier les visiteurs uniques.<\/td><\/tr><tr class=\"cookielawinfo-row\"><td class=\"cookielawinfo-column-1\">_ga_N2HR7GE0GR<\/td><td class=\"cookielawinfo-column-2\">Tiers<\/td><td class=\"cookielawinfo-column-3\">2 ann\u00e9es<\/td><td class=\"cookielawinfo-column-4\">Ce cookie est install\u00e9 par Google Analytics.<\/td><\/tr><tr class=\"cookielawinfo-row\"><td class=\"cookielawinfo-column-1\">cookielawinfo-checkbox-advertisement<\/td><td class=\"cookielawinfo-column-2\">Propres<\/td><td class=\"cookielawinfo-column-3\">1 an<\/td><td class=\"cookielawinfo-column-4\">D\u00e9fini par le plugin GDPR Cookie Consent, ce cookie est utilis\u00e9 pour enregistrer le consentement de l'utilisateur pour les cookies de la cat\u00e9gorie \"Publicit\u00e9\".<\/td><\/tr><tr class=\"cookielawinfo-row\"><td class=\"cookielawinfo-column-1\">cookielawinfo-checkbox-analytics<\/td><td class=\"cookielawinfo-column-2\">Propres<\/td><td class=\"cookielawinfo-column-3\">1 a\u00f1o<\/td><td class=\"cookielawinfo-column-4\">D\u00e9fini par le plugin GDPR Cookie Consent, ce cookie est utilis\u00e9 pour enregistrer le consentement de l'utilisateur pour les cookies de la cat\u00e9gorie \"Analytics\".<\/td><\/tr><tr class=\"cookielawinfo-row\"><td class=\"cookielawinfo-column-1\">cookielawinfo-checkbox-functional<\/td><td class=\"cookielawinfo-column-2\">Propres<\/td><td class=\"cookielawinfo-column-3\">1 an<\/td><td class=\"cookielawinfo-column-4\">Le cookie est d\u00e9fini par le plugin GDPR Cookie Consent pour enregistrer le consentement de l'utilisateur pour les cookies dans la cat\u00e9gorie \"Fonctionnel\".<\/td><\/tr><tr class=\"cookielawinfo-row\"><td class=\"cookielawinfo-column-1\">cookielawinfo-checkbox-necessary<\/td><td class=\"cookielawinfo-column-2\">Propres<\/td><td class=\"cookielawinfo-column-3\">1 an<\/td><td class=\"cookielawinfo-column-4\">D\u00e9fini par le plugin GDPR Cookie Consent, ce cookie est utilis\u00e9 pour enregistrer le consentement de l'utilisateur pour les cookies de la cat\u00e9gorie \"N\u00e9cessaires\".<\/td><\/tr><tr class=\"cookielawinfo-row\"><td class=\"cookielawinfo-column-1\">cookielawinfo-checkbox-others<\/td><td class=\"cookielawinfo-column-2\">Propres<\/td><td class=\"cookielawinfo-column-3\">1 an<\/td><td class=\"cookielawinfo-column-4\">D\u00e9fini par le plug-in GDPR Cookie Consent, ce cookie est utilis\u00e9 pour stocker le consentement de l'utilisateur pour les cookies de la cat\u00e9gorie \"Autres\".<\/td><\/tr><tr class=\"cookielawinfo-row\"><td class=\"cookielawinfo-column-1\">CookieLawInfoConsent<\/td><td class=\"cookielawinfo-column-2\">Propres<\/td><td class=\"cookielawinfo-column-3\">1 an<\/td><td class=\"cookielawinfo-column-4\">Enregistre l'\u00e9tat du bouton par d\u00e9faut de la cat\u00e9gorie correspondante et l'\u00e9tat du CCPA. Il fonctionne uniquement en coordination avec le cookie principal.<\/td><\/tr><tr class=\"cookielawinfo-row\"><td class=\"cookielawinfo-column-1\">PHPSESSID<\/td><td class=\"cookielawinfo-column-2\">Propres<\/td><td class=\"cookielawinfo-column-3\">Session<\/td><td class=\"cookielawinfo-column-4\">Ce cookie est natif des applications PHP. Le cookie est utilis\u00e9 pour stocker et identifier l'identifiant de session unique d'un utilisateur dans le but de g\u00e9rer la session de l'utilisateur sur le site Web. Le cookie est un cookie de session et est supprim\u00e9 lorsque toutes les fen\u00eatres du navigateur sont ferm\u00e9es.<\/td><\/tr><\/tbody><\/table>\n<h3 class=\"p1\"><\/h3>\n<\/div><\/section><br \/>\n\n<style type=\"text\/css\" data-created_by=\"avia_inline_auto\" id=\"style-css-av-43ulgd-d660e900d0565a5f97c61c48f7f7cb77\">\n#top .hr.hr-invisible.av-43ulgd-d660e900d0565a5f97c61c48f7f7cb77{\nheight:40px;\n}\n<\/style>\n<div  class='hr av-43ulgd-d660e900d0565a5f97c61c48f7f7cb77 hr-invisible  avia-builder-el-13  el_after_av_textblock  el_before_av_textblock '><span class='hr-inner '><span class=\"hr-inner-style\"><\/span><\/span><\/div><br \/>\n<section  class='av_textblock_section av-kzi73jav-ef5892401e374827fb5ac3d62d762e69 '   itemscope=\"itemscope\" itemtype=\"https:\/\/schema.org\/CreativeWork\" ><div class='avia_textblock'  itemprop=\"text\" ><h3>Acceptation de la politique de cookies<\/h3>\n<p>L\u2019Utilisateur, par l\u2019utilisation de ce Site, accepte express\u00e9ment le traitement des informations collect\u00e9es de la mani\u00e8re et aux fins pr\u00e9cit\u00e9es; et de m\u00eame, il \/ elle reconna\u00eet avoir connaissance de la possibilit\u00e9 de refuser le traitement desdites donn\u00e9es ou informations en refusant l\u2019utilisation de Cookies en s\u00e9lectionnant la configuration appropri\u00e9e \u00e0 cet effet dans son navigateur; bien que l\u2019option de blocage des cookies dans son navigateur puisse ne pas permettre aux fonctionnalit\u00e9s du site Web de fonctionner au mieux.<\/p>\n<p>De cette fa\u00e7on, nous affichons des informations sur la politique de cookies au bas des diff\u00e9rentes pages de ce site afin que vous puissiez en \u00eatre conscient. Lors de la lecture de ces informations, vous pouvez effectuer deux actions:<\/p>\n<ul>\n<li>Cacher ce message. L\u2019avertissement sera masqu\u00e9 dans la page actuelle.<\/li>\n<li>Modifier vos param\u00e8tres. Vous pouvez obtenir plus d\u2019informations sur ce que sont les cookies, lire la politique de cookies et modifier les param\u00e8tres de votre navigateur.<\/li>\n<\/ul>\n<h3 class=\"p1\"><\/h3>\n<\/div><\/section><br \/>\n\n<style type=\"text\/css\" data-created_by=\"avia_inline_auto\" id=\"style-css-av-1xulhp-4e7056d1282bd8dce10848dd6ff5e4c0\">\n#top .hr.hr-invisible.av-1xulhp-4e7056d1282bd8dce10848dd6ff5e4c0{\nheight:40px;\n}\n<\/style>\n<div  class='hr av-1xulhp-4e7056d1282bd8dce10848dd6ff5e4c0 hr-invisible  avia-builder-el-15  el_after_av_textblock  el_before_av_textblock '><span class='hr-inner '><span class=\"hr-inner-style\"><\/span><\/span><\/div><br \/>\n<section  class='av_textblock_section av-kzi74dx5-529729c58da1d6023691216502768fd3 '   itemscope=\"itemscope\" itemtype=\"https:\/\/schema.org\/CreativeWork\" ><div class='avia_textblock'  itemprop=\"text\" ><h3>\u00bfComment puis-je bloquer ou supprimer les cookies?<\/h3>\n<table class=\"dcf-table dcf-table-responsive dcf-table-bordered dcf-table-striped dcf-w-100%\">\n<tbody>\n<tr>\n<td><strong>Chrome<\/strong><\/td>\n<td>Configuration &gt; Montrer les options avanc\u00e9es &gt; Intimit\u00e9 &gt; Param\u00e8tres de contenu.<\/td>\n<td><a href=\"https:\/\/support.google.com\/\" target=\"_blank\" rel=\"noopener noreferrer\">support.google.com<\/a><\/td>\n<\/tr>\n<tr>\n<td><strong>Firefox<\/strong><\/td>\n<td>Outils &gt; Options &gt; Intimit\u00e9 &gt; Histoire &gt; Configuration personnalis\u00e9e.<\/td>\n<td><a href=\"https:\/\/support.mozilla.org\" target=\"_blank\" rel=\"noopener noreferrer\">support.mozilla.org<\/a><\/td>\n<\/tr>\n<tr>\n<td><strong>Internet Explorer<\/strong><\/td>\n<td>Outils &gt; Options Internet &gt; Intimit\u00e9 &gt; Configuration.<\/td>\n<td><a href=\"https:\/\/www.microsoft.com\/es-es\/windows\/\" target=\"_blank\" rel=\"noopener noreferrer\">windows.microsoft.com<\/a><\/td>\n<\/tr>\n<tr>\n<td><strong>Opera<\/strong><\/td>\n<td>Outils &gt; Pr\u00e9f\u00e9rences &gt; Modifier les pr\u00e9f\u00e9rences &gt; Cookies.<\/td>\n<td><a href=\"http:\/\/www.opera.com\/help\/tutorials\/security\/cookies\/\" target=\"_blank\" rel=\"noopener noreferrer\">http:\/\/www.opera.com\/help\/tutorials\/security\/cookies\/<\/a><\/td>\n<\/tr>\n<tr>\n<td><strong>Safari<\/strong><\/td>\n<td>Pr\u00e9f\u00e9rences &gt; S\u00e9curit\u00e9.<\/td>\n<td><a href=\"http:\/\/www.apple.com\" target=\"_blank\" rel=\"noopener noreferrer\">http:\/\/www.apple.com<\/a><\/td>\n<\/tr>\n<tr>\n<td><strong>Edge<\/strong><\/td>\n<td>Configuration &gt; Voir la configuration avanc\u00e9e &gt; Confidentialit\u00e9 et services &gt; Cookies.<\/td>\n<td width=\"184\"><a href=\"https:\/\/privacy.microsoft.com\/es-es\/windows-10-microsoft-edge-and-privacy\" target=\"_blank\" rel=\"noopener noreferrer\">https:\/\/privacy.microsoft.com\/es-es\/windows-10-microsoft-edge-and-privacy<\/a><\/td>\n<\/tr>\n<\/tbody>\n<\/table>\n<h3 class=\"p1\"><\/h3>\n<\/div><\/section><\/p>\n<\/div><\/div>\n<\/div>\n\n<style type=\"text\/css\" data-created_by=\"avia_inline_auto\" id=\"style-css-av-3vc3i5-b2495b2e9ac3704de824c90ed0dfe1f8\">\n.avia-section.av-3vc3i5-b2495b2e9ac3704de824c90ed0dfe1f8{\nbackground-color:#ffffff;\nbackground-image:unset;\n}\n<\/style>\n<div id='av_section_2'  class='avia-section av-3vc3i5-b2495b2e9ac3704de824c90ed0dfe1f8 main_color avia-section-default avia-no-shadow  avia-builder-el-17  el_after_av_layout_row  avia-builder-el-last  avia-bg-style-scroll container_wrap fullsize'  ><div class='container av-section-cont-open' ><div class='template-page content  av-content-full alpha units'><div class='post-entry post-entry-type-page post-entry-1283'><div class='entry-content-wrapper clearfix'>\n\n<style type=\"text\/css\" data-created_by=\"avia_inline_auto\" id=\"style-css-av-2phytp-22061255dd2661202db962ce4896f518\">\n.avia-image-container.av-2phytp-22061255dd2661202db962ce4896f518 img.avia_image{\nbox-shadow:none;\n}\n.avia-image-container.av-2phytp-22061255dd2661202db962ce4896f518 .av-image-caption-overlay-center{\ncolor:#ffffff;\n}\n<\/style>\n<div  class='avia-image-container av-2phytp-22061255dd2661202db962ce4896f518 av-styling- avia-align-right  avia-builder-el-18  avia-builder-el-no-sibling '   itemprop=\"image\" itemscope=\"itemscope\" itemtype=\"https:\/\/schema.org\/ImageObject\" ><div class=\"avia-image-container-inner\"><div class=\"avia-image-overlay-wrap\"><a href=\"https:\/\/recosa.com\/wp-content\/uploads\/2026\/01\/2028-Certificat.pdf\" class='avia_image' target=\"_blank\" rel=\"noopener noreferrer\" aria-label='certificat'><img decoding=\"async\" fetchpriority=\"high\" class='wp-image-1571 avia-img-lazy-loading-not-1571 avia_image ' src=\"https:\/\/recosa.com\/wp-content\/uploads\/2016\/11\/certificat-1.jpg\" alt='' title='certificat'  height=\"86\" width=\"80\"  itemprop=\"thumbnailUrl\"  \/><\/a><\/div><\/div><\/div>\n\n","protected":false},"excerpt":{"rendered":"","protected":false},"author":1,"featured_media":0,"parent":0,"menu_order":0,"comment_status":"closed","ping_status":"closed","template":"","meta":{"footnotes":""},"_links":{"self":[{"href":"https:\/\/recosa.com\/fr\/wp-json\/wp\/v2\/pages\/1283"}],"collection":[{"href":"https:\/\/recosa.com\/fr\/wp-json\/wp\/v2\/pages"}],"about":[{"href":"https:\/\/recosa.com\/fr\/wp-json\/wp\/v2\/types\/page"}],"author":[{"embeddable":true,"href":"https:\/\/recosa.com\/fr\/wp-json\/wp\/v2\/users\/1"}],"replies":[{"embeddable":true,"href":"https:\/\/recosa.com\/fr\/wp-json\/wp\/v2\/comments?post=1283"}],"version-history":[{"count":6,"href":"https:\/\/recosa.com\/fr\/wp-json\/wp\/v2\/pages\/1283\/revisions"}],"predecessor-version":[{"id":1849,"href":"https:\/\/recosa.com\/fr\/wp-json\/wp\/v2\/pages\/1283\/revisions\/1849"}],"wp:attachment":[{"href":"https:\/\/recosa.com\/fr\/wp-json\/wp\/v2\/media?parent=1283"}],"curies":[{"name":"wp","href":"https:\/\/api.w.org\/{rel}","templated":true}]}}