{"id":1280,"date":"2016-12-15T23:48:54","date_gmt":"2016-12-15T23:48:54","guid":{"rendered":"https:\/\/recosa.com\/politica-de-privacitat\/"},"modified":"2026-01-09T10:38:56","modified_gmt":"2026-01-09T10:38:56","slug":"politique-de-confidentialite","status":"publish","type":"page","link":"https:\/\/recosa.com\/fr\/politique-de-confidentialite\/","title":{"rendered":"Politique de confidentialit\u00e9"},"content":{"rendered":"\n<style type=\"text\/css\" data-created_by=\"avia_inline_auto\" id=\"style-css-av-1dxnhs-b8e49653501c9e6debd4a92d98fe4548\">\n.avia-section.av-1dxnhs-b8e49653501c9e6debd4a92d98fe4548{\nbackground-repeat:no-repeat;\nbackground-image:url(https:\/\/recosa.com\/wp-content\/uploads\/2016\/12\/POLITICA-DE-PRIVACITAT-banner-superior.jpg);\nbackground-position:50% 50%;\nbackground-attachment:scroll;\n}\n<\/style>\n<div id='av_section_1'  class='avia-section av-1dxnhs-b8e49653501c9e6debd4a92d98fe4548 main_color avia-section-no-padding avia-no-border-styling  avia-builder-el-0  el_before_av_layout_row  avia-builder-el-first  slider-pral avia-bg-style-scroll av-minimum-height av-minimum-height-custom av-height-custom  container_wrap fullsize'  data-section-bg-repeat='no-repeat' data-av_minimum_height_px='475'><div class='container av-section-cont-open' style='height:475px'><main  role=\"main\" itemprop=\"mainContentOfPage\"  class='template-page content  av-content-full alpha units'><div class='post-entry post-entry-type-page post-entry-1280'><div class='entry-content-wrapper clearfix'>\n\n<style type=\"text\/css\" data-created_by=\"avia_inline_auto\" id=\"style-css-av-c1n3g0-1d075e56e1351a31e649afeba1fe60cd\">\n.flex_column.av-c1n3g0-1d075e56e1351a31e649afeba1fe60cd{\nborder-radius:0px 0px 0px 0px;\npadding:0px 0px 0px 0px;\nbackground-color:#bfac27;\n}\n<\/style>\n<div  class='flex_column av-c1n3g0-1d075e56e1351a31e649afeba1fe60cd av_one_full  avia-builder-el-1  avia-builder-el-no-sibling  caption-pral first flex_column_div av-zero-column-padding  '     ><p>\n<style type=\"text\/css\" data-created_by=\"avia_inline_auto\" id=\"style-css-av-b3h11c-a7245c48dd9497b209bd29c082bede4f\">\n#top .av-special-heading.av-b3h11c-a7245c48dd9497b209bd29c082bede4f{\npadding-bottom:0;\ncolor:#ffffff;\n}\nbody .av-special-heading.av-b3h11c-a7245c48dd9497b209bd29c082bede4f .av-special-heading-tag .heading-char{\nfont-size:25px;\n}\n.av-special-heading.av-b3h11c-a7245c48dd9497b209bd29c082bede4f .special-heading-inner-border{\nborder-color:#ffffff;\n}\n.av-special-heading.av-b3h11c-a7245c48dd9497b209bd29c082bede4f .av-subheading{\nfont-size:15px;\n}\n<\/style>\n<div  class='av-special-heading av-b3h11c-a7245c48dd9497b209bd29c082bede4f av-special-heading-h1 custom-color-heading blockquote modern-quote modern-centered  avia-builder-el-2  el_before_av_hr  avia-builder-el-first '><h1 class='av-special-heading-tag'  itemprop=\"headline\"  >Politique de confidentialit\u00e9<\/h1><div class=\"special-heading-border\"><div class=\"special-heading-inner-border\"><\/div><\/div><\/div><br \/>\n<div  class='hr av-95x65c-f5b178328eda72abb6cab8b53ba4ef2f hr-full  avia-builder-el-3  el_after_av_heading  avia-builder-el-last  hr-shadow'><span class='hr-inner '><span class=\"hr-inner-style\"><\/span><\/span><\/div><\/p><\/div>\n\n<\/div><\/div><\/main><!-- close content main element --><\/div><\/div><div id='av-layout-grid-1'  class='av-layout-grid-container av-7doa9c-134f6d209214364bfbad000ae068ef85 entry-content-wrapper main_color av-border-top-bottom av-flex-cells  avia-builder-el-4  el_after_av_section  el_before_av_section  grid-row-not-first  container_wrap fullsize'  >\n\n<style type=\"text\/css\" data-created_by=\"avia_inline_auto\" id=\"style-css-av-5y4czk-5be34e70125ac1142106ab428f43f9a6\">\n.flex_cell.av-5y4czk-5be34e70125ac1142106ab428f43f9a6{\nvertical-align:top;\n}\n.responsive #top #wrap_all .flex_cell.av-5y4czk-5be34e70125ac1142106ab428f43f9a6{\npadding:40px 60px 40px 60px !important;\n}\n<\/style>\n<div class='flex_cell av-5y4czk-5be34e70125ac1142106ab428f43f9a6 av-gridrow-cell av_one_full no_margin  avia-builder-el-5  avia-builder-el-no-sibling '  ><div class='flex_cell_inner'><section  class='av_textblock_section av-3wor8g-f6febfa312628a3790dfd8a20adb3255 '   itemscope=\"itemscope\" itemtype=\"https:\/\/schema.org\/CreativeWork\" ><div class='avia_textblock'  itemprop=\"text\" ><p>La norme europ\u00e9enne de protection des donn\u00e9es, plus connue sous le nom de r\u00e8glement g\u00e9n\u00e9ral 2016\/679 (UE) sur la protection des donn\u00e9es (ci-apr\u00e8s RGPD), est entr\u00e9e en vigueur le 25 mai 2016 et a \u00e9t\u00e9 pleinement mise en application le 25 mai 2018.<\/p>\n<p>Ainsi, RESINAS Y COLORES SA se pr\u00e9pare pour assumer les nouveaux engagements \u00e9tablis par la r\u00e9glementation en mati\u00e8re de protection des donn\u00e9es \u00e0 caract\u00e8re personnel et vous offrir un service adapt\u00e9 aux futures exigences l\u00e9gales.<\/p>\n<p>En ce sens, nous nous adressons \u00e0 vous pour vous informer des principaux changements que comporte cette norme europ\u00e9enne de protection des donn\u00e9es personnelles, d\u00e9crits ci-dessous \u00e0 titre d\u2019exemple :<\/p>\n<ul>\n<li>\u00c9largissement des droits, comme le droit \u00e0 l\u2019oubli et le droit \u00e0 la portabilit\u00e9 des donn\u00e9es.<\/li>\n<li>Fonction de d\u00e9l\u00e9gu\u00e9 \u00e0 la protection des donn\u00e9es.<\/li>\n<li>Obligation d\u2019obtenir le consentement au moyen d\u2019une action claire ou affirmative de l\u2019int\u00e9ress\u00e9.<\/li>\n<li>Apparition de nouvelles bases l\u00e9gitimes permettant les traitements des donn\u00e9es.<\/li>\n<li>Obligation de communiquer les incidents de s\u00e9curit\u00e9 pouvant limiter les droits et les libert\u00e9s des int\u00e9ress\u00e9s.<\/li>\n<\/ul>\n<p>RESINAS Y COLORES SA vous informe que les traitements sont n\u00e9cessaires au bon d\u00e9roulement de la relation contractuelle entre vous et RESINAS Y COLORES SA.<\/p>\n<p>RESINAS Y COLORES SA vous informe que nous continuons de traiter vos donn\u00e9es avec votre consentement.<\/p>\n<p>Conform\u00e9ment aux droits que vous conf\u00e8re la norme en vigueur et applicable sur la protection des donn\u00e9es, vous pourrez exercer vos droits d\u2019acc\u00e8s, de rectification, de limitation de traitement, de suppression (droit \u00e0 l\u2019oubli), de portabilit\u00e9 et d\u2019opposition au traitement de vos donn\u00e9es \u00e0 caract\u00e8re personnel ainsi que de r\u00e9vocation de votre consentement au traitement des donn\u00e9es en adressant une demande \u00e0 l\u2019adresse postale AVDA DE LA RIERA, 10 08960, SANT JUST DESVERN (BARCELONA) ou par e-mail \u00e0 <a href=\"mailto:recosa@recosa.com\">recosa@recosa.com<\/a>. Vous pourrez vous adresser \u00e0 l\u2019autorit\u00e9 de contr\u00f4le comp\u00e9tente pour pr\u00e9senter toute r\u00e9clamation.<\/p>\n<p><strong>Signature:<\/strong><br \/>\nRESINAS Y COLORES SA<\/p>\n<\/div><\/section>\n<\/div><\/div>\n<\/div>\n\n<style type=\"text\/css\" data-created_by=\"avia_inline_auto\" id=\"style-css-av-2g9jf4-dcf07e2ae6996cfa9b7fd1e63e6be6e2\">\n.avia-section.av-2g9jf4-dcf07e2ae6996cfa9b7fd1e63e6be6e2{\nbackground-color:#ffffff;\nbackground-image:unset;\n}\n<\/style>\n<div id='av_section_2'  class='avia-section av-2g9jf4-dcf07e2ae6996cfa9b7fd1e63e6be6e2 main_color avia-section-default avia-no-shadow  avia-builder-el-7  el_after_av_layout_row  avia-builder-el-last  avia-bg-style-scroll container_wrap fullsize'  ><div class='container av-section-cont-open' ><div class='template-page content  av-content-full alpha units'><div class='post-entry post-entry-type-page post-entry-1280'><div class='entry-content-wrapper clearfix'>\n\n<style type=\"text\/css\" data-created_by=\"avia_inline_auto\" id=\"style-css-av-lb40pz38-0c30a62f954fb50e406bc5b4a7b3e8af\">\n.avia-image-container.av-lb40pz38-0c30a62f954fb50e406bc5b4a7b3e8af img.avia_image{\nbox-shadow:none;\n}\n.avia-image-container.av-lb40pz38-0c30a62f954fb50e406bc5b4a7b3e8af .av-image-caption-overlay-center{\ncolor:#ffffff;\n}\n<\/style>\n<div  class='avia-image-container av-lb40pz38-0c30a62f954fb50e406bc5b4a7b3e8af av-styling- avia-align-right  avia-builder-el-8  avia-builder-el-no-sibling '   itemprop=\"image\" itemscope=\"itemscope\" itemtype=\"https:\/\/schema.org\/ImageObject\" ><div class=\"avia-image-container-inner\"><div class=\"avia-image-overlay-wrap\"><a href=\"https:\/\/recosa.com\/wp-content\/uploads\/2026\/01\/2028-Certificat.pdf\" class='avia_image' target=\"_blank\" rel=\"noopener noreferrer\" aria-label='certificat'><img decoding=\"async\" fetchpriority=\"high\" class='wp-image-1571 avia-img-lazy-loading-not-1571 avia_image ' src=\"https:\/\/recosa.com\/wp-content\/uploads\/2016\/11\/certificat-1.jpg\" alt='' title='certificat'  height=\"86\" width=\"80\"  itemprop=\"thumbnailUrl\"  \/><\/a><\/div><\/div><\/div>\n\n","protected":false},"excerpt":{"rendered":"","protected":false},"author":1,"featured_media":0,"parent":0,"menu_order":0,"comment_status":"closed","ping_status":"closed","template":"","meta":{"footnotes":""},"_links":{"self":[{"href":"https:\/\/recosa.com\/fr\/wp-json\/wp\/v2\/pages\/1280"}],"collection":[{"href":"https:\/\/recosa.com\/fr\/wp-json\/wp\/v2\/pages"}],"about":[{"href":"https:\/\/recosa.com\/fr\/wp-json\/wp\/v2\/types\/page"}],"author":[{"embeddable":true,"href":"https:\/\/recosa.com\/fr\/wp-json\/wp\/v2\/users\/1"}],"replies":[{"embeddable":true,"href":"https:\/\/recosa.com\/fr\/wp-json\/wp\/v2\/comments?post=1280"}],"version-history":[{"count":4,"href":"https:\/\/recosa.com\/fr\/wp-json\/wp\/v2\/pages\/1280\/revisions"}],"predecessor-version":[{"id":1850,"href":"https:\/\/recosa.com\/fr\/wp-json\/wp\/v2\/pages\/1280\/revisions\/1850"}],"wp:attachment":[{"href":"https:\/\/recosa.com\/fr\/wp-json\/wp\/v2\/media?parent=1280"}],"curies":[{"name":"wp","href":"https:\/\/api.w.org\/{rel}","templated":true}]}}