{"id":1277,"date":"2016-12-15T23:50:33","date_gmt":"2016-12-15T23:50:33","guid":{"rendered":"https:\/\/recosa.com\/avis-legal\/"},"modified":"2026-01-09T10:37:46","modified_gmt":"2026-01-09T10:37:46","slug":"mentions-legales","status":"publish","type":"page","link":"https:\/\/recosa.com\/fr\/mentions-legales\/","title":{"rendered":"Mentions L\u00e9gales"},"content":{"rendered":"\n<style type=\"text\/css\" data-created_by=\"avia_inline_auto\" id=\"style-css-av-g1lhli-f0d9339ba0bd42e76b1a46d02b489a61\">\n.avia-section.av-g1lhli-f0d9339ba0bd42e76b1a46d02b489a61{\nbackground-repeat:no-repeat;\nbackground-image:url(https:\/\/recosa.com\/wp-content\/uploads\/2016\/12\/POLITICA-DE-PRIVACITAT-banner-superior.jpg);\nbackground-position:50% 50%;\nbackground-attachment:scroll;\n}\n<\/style>\n<div id='av_section_1'  class='avia-section av-g1lhli-f0d9339ba0bd42e76b1a46d02b489a61 main_color avia-section-no-padding avia-no-border-styling  avia-builder-el-0  el_before_av_layout_row  avia-builder-el-first  slider-pral avia-bg-style-scroll av-minimum-height av-minimum-height-custom av-height-custom  container_wrap fullsize'  data-section-bg-repeat='no-repeat' data-av_minimum_height_px='475'><div class='container av-section-cont-open' style='height:475px'><main  role=\"main\" itemprop=\"mainContentOfPage\"  class='template-page content  av-content-full alpha units'><div class='post-entry post-entry-type-page post-entry-1277'><div class='entry-content-wrapper clearfix'>\n\n<style type=\"text\/css\" data-created_by=\"avia_inline_auto\" id=\"style-css-av-ef5d52-e6536afb0902b183023468ad912196c8\">\n.flex_column.av-ef5d52-e6536afb0902b183023468ad912196c8{\nborder-radius:0px 0px 0px 0px;\npadding:0px 0px 0px 0px;\nbackground-color:#bfac27;\n}\n<\/style>\n<div  class='flex_column av-ef5d52-e6536afb0902b183023468ad912196c8 av_one_full  avia-builder-el-1  avia-builder-el-no-sibling  caption-pral first flex_column_div av-zero-column-padding  '     ><p>\n<style type=\"text\/css\" data-created_by=\"avia_inline_auto\" id=\"style-css-av-18r6bq-637b3d2b416222b977415d1baceced4a\">\n#top .av-special-heading.av-18r6bq-637b3d2b416222b977415d1baceced4a{\npadding-bottom:0;\ncolor:#ffffff;\n}\nbody .av-special-heading.av-18r6bq-637b3d2b416222b977415d1baceced4a .av-special-heading-tag .heading-char{\nfont-size:25px;\n}\n.av-special-heading.av-18r6bq-637b3d2b416222b977415d1baceced4a .special-heading-inner-border{\nborder-color:#ffffff;\n}\n.av-special-heading.av-18r6bq-637b3d2b416222b977415d1baceced4a .av-subheading{\nfont-size:15px;\n}\n<\/style>\n<div  class='av-special-heading av-18r6bq-637b3d2b416222b977415d1baceced4a av-special-heading-h1 custom-color-heading blockquote modern-quote modern-centered  avia-builder-el-2  el_before_av_hr  avia-builder-el-first '><h1 class='av-special-heading-tag'  itemprop=\"headline\"  >Mentions L\u00e9gales<\/h1><div class=\"special-heading-border\"><div class=\"special-heading-inner-border\"><\/div><\/div><\/div><br \/>\n<div  class='hr av-aadzxi-d50f70650b460b2fe0f32ceccb0794ad hr-full  avia-builder-el-3  el_after_av_heading  avia-builder-el-last  hr-shadow'><span class='hr-inner '><span class=\"hr-inner-style\"><\/span><\/span><\/div><\/p><\/div>\n\n<\/div><\/div><\/main><!-- close content main element --><\/div><\/div><div id='av-layout-grid-1'  class='av-layout-grid-container av-8lwsau-22e03efb3ffd373da1a3e75dee3f068b entry-content-wrapper main_color av-border-top-bottom av-flex-cells  avia-builder-el-4  el_after_av_section  el_before_av_section  grid-row-not-first  container_wrap fullsize'  >\n\n<style type=\"text\/css\" data-created_by=\"avia_inline_auto\" id=\"style-css-av-7wk5d2-2de9c1c40f04de37d56c1520a223676c\">\n.flex_cell.av-7wk5d2-2de9c1c40f04de37d56c1520a223676c{\nvertical-align:top;\n}\n.responsive #top #wrap_all .flex_cell.av-7wk5d2-2de9c1c40f04de37d56c1520a223676c{\npadding:40px 60px 40px 60px !important;\n}\n<\/style>\n<div class='flex_cell av-7wk5d2-2de9c1c40f04de37d56c1520a223676c av-gridrow-cell av_one_full no_margin  avia-builder-el-5  avia-builder-el-no-sibling '  ><div class='flex_cell_inner'><p><section  class='av_textblock_section av-5zskzq-5fb1c3123831b8b25572247c9fd2281d '   itemscope=\"itemscope\" itemtype=\"https:\/\/schema.org\/CreativeWork\" ><div class='avia_textblock'  itemprop=\"text\" ><p><strong>Conform\u00e9ment aux informations requises par l&rsquo;article 10 de la loi 34\/2002, du 11 juillet, sur les services de la soci\u00e9t\u00e9 de l&rsquo;information et le commerce \u00e9lectronique, nous vous informons des informations suivantes:<\/strong><\/p>\n<p>Le propri\u00e9taire du domaine Web est <strong>RESINAS Y COLORES S.A.<\/strong> (ci-apr\u00e8s \u00ab RECOSA \u00bb), domicili\u00e9e Avinguda de la riera 10, 08960, Sant Just Desvern, Barcelone, NIF: A08190894 et inscrite au Registre du Commerce de Barcelone, volume 23790, folio 70, feuille B-63618. Pour toute question, vous pouvez nous contacter par e-mail : recosa@recosa.com, ou par t\u00e9l\u00e9phone 933711913.<\/p>\n<p>Toute personne naviguant sur ce site Web assumera le r\u00f4le d&rsquo;utilisateur et s&rsquo;engage \u00e0 observer et \u00e0 se conformer strictement aux dispositions \u00e9nonc\u00e9es dans les pr\u00e9sentes, ainsi qu&rsquo;\u00e0 toute autre disposition l\u00e9gale applicable.<\/p>\n<\/div><\/section><br \/>\n\n<style type=\"text\/css\" data-created_by=\"avia_inline_auto\" id=\"style-css-av-kzi931jo-7c5b73706799836091f8d0171b59561c\">\n#top .hr.hr-invisible.av-kzi931jo-7c5b73706799836091f8d0171b59561c{\nheight:50px;\n}\n<\/style>\n<div  class='hr av-kzi931jo-7c5b73706799836091f8d0171b59561c hr-invisible  avia-builder-el-7  el_after_av_textblock  el_before_av_textblock '><span class='hr-inner '><span class=\"hr-inner-style\"><\/span><\/span><\/div><br \/>\n<section  class='av_textblock_section av-kzi92rx4-93ab45136be98a5c0696492b40612d59 '   itemscope=\"itemscope\" itemtype=\"https:\/\/schema.org\/CreativeWork\" ><div class='avia_textblock'  itemprop=\"text\" ><h3>CONDITIONS GENERALES D&rsquo;UTILISATION<\/h3>\n<p>Vous acc\u00e9dez au site Web RECOSA. Les pages web qui composent ce Site peuvent \u00eatre consult\u00e9es librement et gratuitement par les Utilisateurs, \u00e0 condition que leur usage soit exclusivement personnel. L&rsquo;utilisation de ce site vaut acceptation de la pr\u00e9sente notice l\u00e9gale.<\/p>\n<p>L&rsquo;Utilisateur acc\u00e8de librement \u00e0 ce Site Web, ce qui signifie qu&rsquo;il l&rsquo;utilisera conform\u00e9ment \u00e0 la pr\u00e9sente notice l\u00e9gale, aux autres mentions et clauses l\u00e9gales, \u00e0 la Loi, \u00e0 la morale, \u00e0 la bonne foi et\/ou aux bonnes mani\u00e8res.<\/p>\n<p>RECOSA se r\u00e9serve le droit de modifier le contenu de cet avis l\u00e9gal sans pr\u00e9avis, pour cette raison, et pour une bonne utilisation du site Web, nous vous recommandons de visiter cette section p\u00e9riodiquement. RECOSA se r\u00e9serve \u00e9galement le droit de refuser ou de retirer l&rsquo;acc\u00e8s \u00e0 ce Site Web et\/ou aux services qu&rsquo;il contient, \u00e0 tout moment et sans pr\u00e9avis, \u00e0 tout Utilisateur qui ne respecterait pas les dispositions de la pr\u00e9sente notice l\u00e9gale et, en particulier, ce est \u00e9tabli au paragraphe pr\u00e9c\u00e9dent.<\/p>\n<p>L&rsquo;inscription pr\u00e9alable en tant qu&rsquo;utilisateur de ce site Web n&rsquo;est g\u00e9n\u00e9ralement pas requise. Cependant, l&rsquo;utilisation de certains services et \/ ou contenus peut n\u00e9cessiter une identification et \/ ou un enregistrement pr\u00e9alable, de la mani\u00e8re indiqu\u00e9e dans chaque cas. Les pages r\u00e9serv\u00e9es aux Utilisateurs pr\u00e9alablement autoris\u00e9s par RECOSA par le biais de l&rsquo;inscription, pr\u00e9tendent que l&rsquo;Utilisateur ne divulgue pas \u00e0 des tiers le nom d&rsquo;utilisateur et le mot de passe, qui sont personnels et incessibles. L&rsquo;Utilisateur assume la responsabilit\u00e9 de tout dommage, direct ou indirect, pouvant d\u00e9couler de sa mauvaise utilisation, ainsi que de sa cession \u00e0 des tiers. A tout moment, RECOSA, pour des raisons de s\u00e9curit\u00e9, peut modifier le mot de passe de l&rsquo;Utilisateur, moyennant un pr\u00e9avis.<\/p>\n<p>L&rsquo;utilisateur s&rsquo;engage \u00e0 faire bon usage du contenu et des services (tels que les services de conseil, les forums de commentaires\/discussion) que RECOSA propose via ce site Web. A titre d&rsquo;exemple, mais non limitatif, ne les utilisez pas pour:<\/p>\n<ul>\n<li>Se livrer \u00e0 des activit\u00e9s ill\u00e9gales, ill\u00e9gales ou contraires \u00e0 la bonne foi et \u00e0 l&rsquo;ordre public\u00a0;<\/li>\n<li>Propager des contenus ou de la propagande \u00e0 caract\u00e8re raciste, x\u00e9nophobe, pornographique-ill\u00e9gal, pr\u00f4nant le terrorisme ou portant atteinte aux droits de l&rsquo;homme\u00a0;<\/li>\n<li>Dommages aux syst\u00e8mes physiques et logiques de RECOSA, de ses fournisseurs ou de tiers, insertion ou propagation sur le r\u00e9seau de virus informatiques ou de tout autre syst\u00e8me physique ou logique susceptible de causer les dommages susmentionn\u00e9s.<\/li>\n<\/ul>\n<p>Ce site Web est mod\u00e9r\u00e9. RECOSA se r\u00e9serve le droit de retirer tous les commentaires et contributions qui violent le respect de la dignit\u00e9 humaine, qui sont discriminatoires, x\u00e9nophobes, racistes, pornographiques, qui attaquent les jeunes ou les enfants, l&rsquo;ordre public ou la s\u00e9curit\u00e9 publique ou qui, \u00e0 son avis, ne se pr\u00eataient pas \u00e0 la publication. . Dans tous les cas, RECOSA ne sera pas responsable des opinions exprim\u00e9es par les Utilisateurs \u00e0 travers des forums, des bureaux, des commentaires ou d&rsquo;autres outils de participation.<\/p>\n<\/div><\/section><br \/>\n\n<style type=\"text\/css\" data-created_by=\"avia_inline_auto\" id=\"style-css-av-aumb2e-9a2b3f7133ebfbbe9cbea84f97320011\">\n#top .hr.hr-invisible.av-aumb2e-9a2b3f7133ebfbbe9cbea84f97320011{\nheight:50px;\n}\n<\/style>\n<div  class='hr av-aumb2e-9a2b3f7133ebfbbe9cbea84f97320011 hr-invisible  avia-builder-el-9  el_after_av_textblock  el_before_av_textblock '><span class='hr-inner '><span class=\"hr-inner-style\"><\/span><\/span><\/div><br \/>\n<section  class='av_textblock_section av-kzi93okh-b8666e9ee590519ca24a4d43f7ea2669 '   itemscope=\"itemscope\" itemtype=\"https:\/\/schema.org\/CreativeWork\" ><div class='avia_textblock'  itemprop=\"text\" ><h3>PROPRI\u00c9T\u00c9 INTELLECTUELLE ET INDUSTRIELLE<\/h3>\n<p>RECOSA, seul ou en tant que cessionnaire, est titulaire de tous les droits de propri\u00e9t\u00e9 intellectuelle et industrielle de ce site web, ainsi que des \u00e9l\u00e9ments qu&rsquo;il contient (par exemple, images, sons, audio, vid\u00e9o, logiciels ou textes, marques ou logos, combinaisons de couleurs, structure et conception, s\u00e9lection des mat\u00e9riaux utilis\u00e9s, programmes informatiques n\u00e9cessaires \u00e0 leur fonctionnement, acc\u00e8s et utilisation, etc.), propri\u00e9t\u00e9 de RECOSA ou de ses conc\u00e9dants. Tous les droits sont r\u00e9serv\u00e9s. Conform\u00e9ment aux dispositions des articles 8 et 32.1, deuxi\u00e8me alin\u00e9a, de la loi sur la propri\u00e9t\u00e9 intellectuelle, la reproduction, la distribution et la communication publique, y compris la mani\u00e8re de mettre \u00e0 disposition, de tout ou partie du contenu de ce site Web, sont express\u00e9ment interdites. \u00e0 des fins commerciales, sur tout support et par tout moyen technique, sans l&rsquo;autorisation expresse de RECOSA.<\/p>\n<p>L&rsquo;Utilisateur est responsable du respect des droits de Propri\u00e9t\u00e9 Intellectuelle et Industrielle d\u00e9tenus par RECOSA. Vous pouvez visualiser les \u00e9l\u00e9ments du portail et m\u00eame les imprimer, les copier et les sauvegarder sur le disque dur de votre ordinateur ou sur tout autre support physique \u00e0 condition que ce soit, uniquement et exclusivement, pour votre usage personnel et priv\u00e9. L&rsquo;Utilisateur doit s&rsquo;abstenir de supprimer, alt\u00e9rer, contourner ou manipuler tout dispositif de protection ou syst\u00e8me de s\u00e9curit\u00e9 pouvant \u00eatre install\u00e9 sur les pages RECOSA.<\/p>\n<\/div><\/section><br \/>\n\n<style type=\"text\/css\" data-created_by=\"avia_inline_auto\" id=\"style-css-av-94d81y-84bab31c6eb9cb7c12a70a4d80d55ea3\">\n#top .hr.hr-invisible.av-94d81y-84bab31c6eb9cb7c12a70a4d80d55ea3{\nheight:50px;\n}\n<\/style>\n<div  class='hr av-94d81y-84bab31c6eb9cb7c12a70a4d80d55ea3 hr-invisible  avia-builder-el-11  el_after_av_textblock  el_before_av_textblock '><span class='hr-inner '><span class=\"hr-inner-style\"><\/span><\/span><\/div><br \/>\n<section  class='av_textblock_section av-kzi94573-ab1b4bbd68070483350bb11a6680835b '   itemscope=\"itemscope\" itemtype=\"https:\/\/schema.org\/CreativeWork\" ><div class='avia_textblock'  itemprop=\"text\" ><h3>EXCLUSION DE GARANTIES ET DE RESPONSABILIT\u00c9<\/h3>\n<p>RECOSA n&rsquo;est responsable, \u00e0 aucun moment, des dommages de toute nature qui pourraient causer, par exemple: des erreurs ou des omissions dans le contenu, le manque de disponibilit\u00e9 du portail ou la transmission de virus ou de programmes malveillants ou nuisibles dans le contenu , malgr\u00e9 avoir pris toutes les mesures techniques n\u00e9cessaires pour l&#8217;emp\u00eacher.<\/p>\n<\/div><\/section><br \/>\n\n<style type=\"text\/css\" data-created_by=\"avia_inline_auto\" id=\"style-css-av-6y5xqu-1c18dddea63049e597f0e8a8d7b414d8\">\n#top .hr.hr-invisible.av-6y5xqu-1c18dddea63049e597f0e8a8d7b414d8{\nheight:50px;\n}\n<\/style>\n<div  class='hr av-6y5xqu-1c18dddea63049e597f0e8a8d7b414d8 hr-invisible  avia-builder-el-13  el_after_av_textblock  el_before_av_textblock '><span class='hr-inner '><span class=\"hr-inner-style\"><\/span><\/span><\/div><br \/>\n<section  class='av_textblock_section av-kzi94l7h-b5d99d83735aa329726655594a664d70 '   itemscope=\"itemscope\" itemtype=\"https:\/\/schema.org\/CreativeWork\" ><div class='avia_textblock'  itemprop=\"text\" ><h3>MODIFICATIONS<\/h3>\n<p>RECOSA se r\u00e9serve le droit d&rsquo;apporter sans pr\u00e9avis les modifications qu&rsquo;elle juge appropri\u00e9es \u00e0 son portail et peut modifier, supprimer ou incorporer \u00e0 la fois le contenu et les services fournis par son interm\u00e9diaire et la mani\u00e8re dont ils sont affich\u00e9s ou localis\u00e9s sur votre portail.<\/p>\n<p>RECOSA peut modifier \u00e0 tout moment les conditions \u00e9tablies ici, d\u00fbment publi\u00e9es telles qu&rsquo;elles apparaissent ici. La validit\u00e9 de ces conditions d\u00e9pendra de leur exposition et sera en vigueur jusqu&rsquo;\u00e0 ce qu&rsquo;elles soient modifi\u00e9es par d&rsquo;autres d\u00fbment publi\u00e9es.<\/p>\n<\/div><\/section><br \/>\n\n<style type=\"text\/css\" data-created_by=\"avia_inline_auto\" id=\"style-css-av-6izlja-6764df3f1eec858091336744fe52eed8\">\n#top .hr.hr-invisible.av-6izlja-6764df3f1eec858091336744fe52eed8{\nheight:50px;\n}\n<\/style>\n<div  class='hr av-6izlja-6764df3f1eec858091336744fe52eed8 hr-invisible  avia-builder-el-15  el_after_av_textblock  el_before_av_textblock '><span class='hr-inner '><span class=\"hr-inner-style\"><\/span><\/span><\/div><br \/>\n<section  class='av_textblock_section av-kzi95bbb-9cb31997bb43f17e163ac11c34ed8914 '   itemscope=\"itemscope\" itemtype=\"https:\/\/schema.org\/CreativeWork\" ><div class='avia_textblock'  itemprop=\"text\" ><h3>LIENS ET HYPERLIENS<\/h3>\n<p>Dans le cas o\u00f9 des liens ou hyperliens vers d&rsquo;autres sites Internet seraient activ\u00e9s sur le Site, RECOSA n&rsquo;exercera aucun contr\u00f4le sur ces sites et contenus. RECOSA n&rsquo;assumera en aucun cas la responsabilit\u00e9 du contenu de tout lien appartenant \u00e0 un site Web tiers, ni ne garantira la disponibilit\u00e9 technique, la qualit\u00e9, la fiabilit\u00e9, l&rsquo;exactitude, l&rsquo;\u00e9tendue, la v\u00e9racit\u00e9, la validit\u00e9 et la constitutionnalit\u00e9 de tout mat\u00e9riel ou information contenu dans un tel hyperliens ou d&rsquo;autres sites Internet. De m\u00eame, l&rsquo;inclusion de telles connexions externes n&rsquo;impliquera aucune sorte d&rsquo;association, d&rsquo;union ou de collaboration avec les entit\u00e9s connect\u00e9es.<\/p>\n<\/div><\/section><br \/>\n\n<style type=\"text\/css\" data-created_by=\"avia_inline_auto\" id=\"style-css-av-3mwt9y-95d4f3dcab0967df281ebc7fe9b9220f\">\n#top .hr.hr-invisible.av-3mwt9y-95d4f3dcab0967df281ebc7fe9b9220f{\nheight:50px;\n}\n<\/style>\n<div  class='hr av-3mwt9y-95d4f3dcab0967df281ebc7fe9b9220f hr-invisible  avia-builder-el-17  el_after_av_textblock  el_before_av_textblock '><span class='hr-inner '><span class=\"hr-inner-style\"><\/span><\/span><\/div><br \/>\n<section  class='av_textblock_section av-kzi95v08-7e630899b195750054903a6332e8e7a8 '   itemscope=\"itemscope\" itemtype=\"https:\/\/schema.org\/CreativeWork\" ><div class='avia_textblock'  itemprop=\"text\" ><h3>GENERALITES<\/h3>\n<p>RECOSA poursuivra la violation des pr\u00e9sentes conditions, ainsi que toute utilisation abusive de son portail en menant toutes les actions civiles et p\u00e9nales qui pourraient lui correspondre en droit.<\/p>\n<\/div><\/section><br \/>\n\n<style type=\"text\/css\" data-created_by=\"avia_inline_auto\" id=\"style-css-av-20mova-d6e23f16d0bb2ef94a6799d553b8917b\">\n#top .hr.hr-invisible.av-20mova-d6e23f16d0bb2ef94a6799d553b8917b{\nheight:50px;\n}\n<\/style>\n<div  class='hr av-20mova-d6e23f16d0bb2ef94a6799d553b8917b hr-invisible  avia-builder-el-19  el_after_av_textblock  el_before_av_textblock '><span class='hr-inner '><span class=\"hr-inner-style\"><\/span><\/span><\/div><br \/>\n<section  class='av_textblock_section av-kzi96awc-924a9fbca50b5acf3c3d10dd0e283289 '   itemscope=\"itemscope\" itemtype=\"https:\/\/schema.org\/CreativeWork\" ><div class='avia_textblock'  itemprop=\"text\" ><h3>LOI APPLICABLE ET JURIDICTION<\/h3>\n<p>Ces conditions seront r\u00e9gies ou comprises conform\u00e9ment \u00e0 la loi espagnole dans ce qui n&rsquo;est pas express\u00e9ment \u00e9tabli.<\/p>\n<\/div><\/section><\/p>\n<\/div><\/div>\n<\/div>\n\n<style type=\"text\/css\" data-created_by=\"avia_inline_auto\" id=\"style-css-av-3tcq1i-bfbbf234c4c969cf1bac2f28d1b6101f\">\n.avia-section.av-3tcq1i-bfbbf234c4c969cf1bac2f28d1b6101f{\nbackground-color:#ffffff;\nbackground-image:unset;\n}\n<\/style>\n<div id='av_section_2'  class='avia-section av-3tcq1i-bfbbf234c4c969cf1bac2f28d1b6101f main_color avia-section-default avia-no-shadow  avia-builder-el-21  el_after_av_layout_row  avia-builder-el-last  avia-bg-style-scroll container_wrap fullsize'  ><div class='container av-section-cont-open' ><div class='template-page content  av-content-full alpha units'><div class='post-entry post-entry-type-page post-entry-1277'><div class='entry-content-wrapper clearfix'>\n\n<style type=\"text\/css\" data-created_by=\"avia_inline_auto\" id=\"style-css-av-2yl97q-c47d5f0c449d768559aac8075e179fea\">\n.avia-image-container.av-2yl97q-c47d5f0c449d768559aac8075e179fea img.avia_image{\nbox-shadow:none;\n}\n.avia-image-container.av-2yl97q-c47d5f0c449d768559aac8075e179fea .av-image-caption-overlay-center{\ncolor:#ffffff;\n}\n<\/style>\n<div  class='avia-image-container av-2yl97q-c47d5f0c449d768559aac8075e179fea av-styling- avia-align-right  avia-builder-el-22  avia-builder-el-no-sibling '   itemprop=\"image\" itemscope=\"itemscope\" itemtype=\"https:\/\/schema.org\/ImageObject\" ><div class=\"avia-image-container-inner\"><div class=\"avia-image-overlay-wrap\"><a href=\"https:\/\/recosa.com\/wp-content\/uploads\/2026\/01\/2028-Certificat.pdf\" class='avia_image' target=\"_blank\" rel=\"noopener noreferrer\" aria-label='certificat'><img decoding=\"async\" fetchpriority=\"high\" class='wp-image-1571 avia-img-lazy-loading-not-1571 avia_image ' src=\"https:\/\/recosa.com\/wp-content\/uploads\/2016\/11\/certificat-1.jpg\" alt='' title='certificat'  height=\"86\" width=\"80\"  itemprop=\"thumbnailUrl\"  \/><\/a><\/div><\/div><\/div>\n\n","protected":false},"excerpt":{"rendered":"","protected":false},"author":1,"featured_media":0,"parent":0,"menu_order":0,"comment_status":"closed","ping_status":"closed","template":"","meta":{"footnotes":""},"_links":{"self":[{"href":"https:\/\/recosa.com\/fr\/wp-json\/wp\/v2\/pages\/1277"}],"collection":[{"href":"https:\/\/recosa.com\/fr\/wp-json\/wp\/v2\/pages"}],"about":[{"href":"https:\/\/recosa.com\/fr\/wp-json\/wp\/v2\/types\/page"}],"author":[{"embeddable":true,"href":"https:\/\/recosa.com\/fr\/wp-json\/wp\/v2\/users\/1"}],"replies":[{"embeddable":true,"href":"https:\/\/recosa.com\/fr\/wp-json\/wp\/v2\/comments?post=1277"}],"version-history":[{"count":7,"href":"https:\/\/recosa.com\/fr\/wp-json\/wp\/v2\/pages\/1277\/revisions"}],"predecessor-version":[{"id":1844,"href":"https:\/\/recosa.com\/fr\/wp-json\/wp\/v2\/pages\/1277\/revisions\/1844"}],"wp:attachment":[{"href":"https:\/\/recosa.com\/fr\/wp-json\/wp\/v2\/media?parent=1277"}],"curies":[{"name":"wp","href":"https:\/\/api.w.org\/{rel}","templated":true}]}}