{"id":1271,"date":"2014-09-26T17:23:42","date_gmt":"2014-09-26T17:23:42","guid":{"rendered":"https:\/\/recosa.com\/contacte\/"},"modified":"2026-03-23T12:54:03","modified_gmt":"2026-03-23T12:54:03","slug":"contact","status":"publish","type":"page","link":"https:\/\/recosa.com\/fr\/contact\/","title":{"rendered":"Contact"},"content":{"rendered":"<div  class='av_gmaps_sc_main_wrap av_gmaps_main_wrap '><div id='av_gmap_0' class='avia-google-map-container avia-google-map-sc av_gmaps_show_unconditionally av-no-fallback-img ' data-mapid='av_gmap_0'  style='height: 393px;'><a class=\"av_gmaps_browser_disabled av_text_confirm_link av_text_confirm_link_visible\" href=\"https:\/\/www.google.com\/maps\/search\/?api=1&#038;query=Av.%20de%20la%20Riera,%2010%20%20Sant%20Just%20Desvern%20%20Spain\" target=\"_blank\" rel=\"noopener\">Les cartes ont \u00e9t\u00e9 d\u00e9sactiv\u00e9es par le visiteur sur ce site. Cliquer pour ouvrir la carte dans une nouvelle fen\u00eatre.<\/a><\/div><\/div>\n\n<style type=\"text\/css\" data-created_by=\"avia_inline_auto\" id=\"style-css-av-ti8rnb-6f403eb9f4308d1087aad11a949a073d\">\n.avia-section.av-ti8rnb-6f403eb9f4308d1087aad11a949a073d{\nbackground-color:#2e7386;\nbackground-image:unset;\n}\n<\/style>\n<div id='barra'  class='avia-section av-ti8rnb-6f403eb9f4308d1087aad11a949a073d main_color avia-section-small avia-no-border-styling  avia-builder-el-1  el_after_av_google_map  el_before_av_layout_row  avia-bg-style-scroll container_wrap fullsize'  ><div class='container av-section-cont-open' ><div class='template-page content  av-content-full alpha units'><div class='post-entry post-entry-type-page post-entry-1271'><div class='entry-content-wrapper clearfix'>\n\n<style type=\"text\/css\" data-created_by=\"avia_inline_auto\" id=\"style-css-av-rin6fr-19d44f3b1428bdb963f6dfbdf8ebd7bc\">\n#top .av-special-heading.av-rin6fr-19d44f3b1428bdb963f6dfbdf8ebd7bc{\npadding-bottom:0;\ncolor:#ffffff;\n}\nbody .av-special-heading.av-rin6fr-19d44f3b1428bdb963f6dfbdf8ebd7bc .av-special-heading-tag .heading-char{\nfont-size:25px;\n}\n.av-special-heading.av-rin6fr-19d44f3b1428bdb963f6dfbdf8ebd7bc .special-heading-inner-border{\nborder-color:#ffffff;\n}\n.av-special-heading.av-rin6fr-19d44f3b1428bdb963f6dfbdf8ebd7bc .av-subheading{\nfont-size:15px;\n}\n<\/style>\n<div  class='av-special-heading av-rin6fr-19d44f3b1428bdb963f6dfbdf8ebd7bc av-special-heading-h1 custom-color-heading blockquote modern-quote modern-centered  avia-builder-el-2  el_before_av_hr  avia-builder-el-first '><h1 class='av-special-heading-tag'  itemprop=\"headline\"  >CONTACT<\/h1><div class=\"special-heading-border\"><div class=\"special-heading-inner-border\"><\/div><\/div><\/div>\n<div  class='hr av-pe9h8n-34e5ca346ce3a77d48e50c8156a79bad hr-full  avia-builder-el-3  el_after_av_heading  avia-builder-el-last  hr-shadow'><span class='hr-inner '><span class=\"hr-inner-style\"><\/span><\/span><\/div>\n\n<\/div><\/div><\/div><!-- close content main div --><\/div><\/div><div id='av-layout-grid-1'  class='av-layout-grid-container av-nq1hef-c21055ab839b675217335a43b87ccdbf entry-content-wrapper main_color av-flex-cells  avia-builder-el-4  el_after_av_section  el_before_av_section  grid-row-not-first  container_wrap fullsize'  >\n\n<style type=\"text\/css\" data-created_by=\"avia_inline_auto\" id=\"style-css-av-m6qyg7-f337dbbe67bf7ee7a9ad0fd47406af04\">\n.flex_cell.av-m6qyg7-f337dbbe67bf7ee7a9ad0fd47406af04{\nvertical-align:top;\n}\n.responsive #top #wrap_all .flex_cell.av-m6qyg7-f337dbbe67bf7ee7a9ad0fd47406af04{\npadding:30px 30px 30px 30px !important;\n}\n<\/style>\n<div class='flex_cell av-m6qyg7-f337dbbe67bf7ee7a9ad0fd47406af04 av-gridrow-cell av_two_third no_margin  avia-builder-el-5  el_before_av_cell_one_third  avia-builder-el-first '  ><div class='flex_cell_inner'><p>\n<style type=\"text\/css\" data-created_by=\"avia_inline_auto\" id=\"style-css-av-khliwn-76bae5d3c54ab185c99ea2a21e236541\">\n#top .av-special-heading.av-khliwn-76bae5d3c54ab185c99ea2a21e236541{\npadding-bottom:10px;\n}\nbody .av-special-heading.av-khliwn-76bae5d3c54ab185c99ea2a21e236541 .av-special-heading-tag .heading-char{\nfont-size:25px;\n}\n.av-special-heading.av-khliwn-76bae5d3c54ab185c99ea2a21e236541 .av-subheading{\nfont-size:15px;\n}\n<\/style>\n<div  class='av-special-heading av-khliwn-76bae5d3c54ab185c99ea2a21e236541 av-special-heading-h3 blockquote modern-quote  avia-builder-el-6  el_before_av_contact  avia-builder-el-first '><h3 class='av-special-heading-tag'  itemprop=\"headline\"  >Contacter<\/h3><div class=\"special-heading-border\"><div class=\"special-heading-inner-border\"><\/div><\/div><\/div><br \/>\n<form action=\"https:\/\/recosa.com\/fr\/contact\/\" method=\"post\" data-fields-with-error=\"Erreurs trouv\u00e9es dans les champs suivants :\" class=\"avia_ajax_form av-form-labels-visible   avia-builder-el-7  el_after_av_heading  avia-builder-el-last   \" data-avia-form-id=\"1\" data-avia-redirect='' ><fieldset><p class='  first_form  form_element form_element_half' id='element_avia_1_1'><label for=\"avia_1_1\">Pr\u00e9nom et nom <abbr class=\"required\" title=\"requis(e)\">*<\/abbr><\/label> <input name=\"avia_1_1\" class=\"text_input is_empty\" type=\"text\" id=\"avia_1_1\" value=\"\" \/><\/p><p class='  form_element form_element_half' id='element_avia_2_1'><label for=\"avia_2_1\">Entreprise <abbr class=\"required\" title=\"requis(e)\">*<\/abbr><\/label> <input name=\"avia_2_1\" class=\"text_input is_empty\" type=\"text\" id=\"avia_2_1\" value=\"\" \/><\/p><p class='  first_form  form_element form_element_half' id='element_avia_3_1'><label for=\"avia_3_1\">E-Mail <abbr class=\"required\" title=\"requis(e)\">*<\/abbr><\/label> <input name=\"avia_3_1\" class=\"text_input is_email\" type=\"text\" id=\"avia_3_1\" value=\"\" \/><\/p><p class='  form_element form_element_half' id='element_avia_4_1'><label for=\"avia_4_1\">Service concern\u00e9<\/label><select  name=\"avia_4_1\" class=\"select \" id=\"avia_4_1\"><option   value='Commercial'>Commercial<\/option><option   value='Administration'>Administration<\/option><option   value='Conception'>Conception<\/option><option   value='Qualit\u00e9'>Qualit\u00e9<\/option><\/select><\/p><p class='  first_form  form_element form_fullwidth' id='element_avia_5_1'><label for=\"avia_5_1\" class=\"textare_label hidden textare_label_avia_5_1\">Message <abbr class=\"required\" title=\"requis(e)\">*<\/abbr><\/label><textarea  name=\"avia_5_1\" class=\"text_area is_empty\" cols=\"40\" rows=\"7\" id=\"avia_5_1\" ><\/textarea><\/p><p class='  first_form  form_element form_fullwidth' id='element_avia_6_1'><input  name=\"avia_6_1\" class=\"input_checkbox is_empty\" type=\"checkbox\" id=\"avia_6_1\" value=\"true\"\/><label class=\"input_checkbox_label\" for=\"avia_6_1\">J\u2019accepte la <a href=\"http:\/\/recosa.com\/fr\/politique-de-confidentialite\" target=\"_blank\" rel=\"noopener\">Politique de confidentialit\u00e9 <\/a> <abbr class=\"required\" title=\"requis(e)\">*<\/abbr><\/label><\/p><div id='avia_7_1' class='av-form-text'><\/p>\n<div style=\"padding: 10px; font-size: 11px; background-color: #f7f7f7; border: 1px solid #e6e6e6; display: inline-block;\">\n<p style=\"text-align: left; margin: 0px 0px 5px;\">Conform\u00e9ment aux dispositions de la norme en vigueur en mati\u00e8re de protection des donn\u00e9es \u00e0 caract\u00e8re personnel, nous vous informons que vos donn\u00e9es seront incorpor\u00e9es au syst\u00e8me de traitement de RESINAS Y COLORES SA, titulaire du CIF no A08190894 et sise \u00e0 AVDA DE LA RIERA, 10 08960, SANT JUST DESVERN (BARCELONA), ESPAGNE, afin de r\u00e9pondre \u00e0 vos demandes et de vous envoyer des informations pouvant vous int\u00e9resser. Conform\u00e9ment \u00e0 la norme en vigueur, RESINAS Y COLORES SA vous informe que vos donn\u00e9es seront conserv\u00e9es pendant un d\u00e9lai strictement n\u00e9cessaire pour observer les pr\u00e9ceptes ci-dessus.<\/p>\n<p style=\"text-align: left; margin: 0px 0px 5px;\">Sauf mention contraire, nous consid\u00e9rerons que vos donn\u00e9es n\u2019ont pas \u00e9t\u00e9 modifi\u00e9es, que vous vous engagez \u00e0 nous informer de tout changement et que vous consentez \u00e0 ce que nous utilisions vos donn\u00e9es aux fins indiqu\u00e9es.<\/p>\n<p style=\"text-align: left; margin: 0px 0px 5px;\">RESINAS Y COLORES SA vous informe qu\u2019elle traitera vos donn\u00e9es de fa\u00e7on licite, loyale, transparente, adapt\u00e9e, pertinente, limit\u00e9e, exacte et actualis\u00e9e. Pour ce faire, RESINAS Y COLORES SA s\u2019engage \u00e0 adopter toutes les mesures raisonnables pour supprimer ou modifier rapidement vos donn\u00e9es lorsqu\u2019elles sont inexactes.<\/p>\n<p style=\"text-align: left; margin: 0px 0px 5px;\">Conform\u00e9ment aux droits que vous conf\u00e8re la norme en vigueur sur la protection des donn\u00e9es, vous pourrez exercer vos droits d\u2019acc\u00e8s, de rectification, de limitation de traitement, de suppression, de portabilit\u00e9 et d\u2019opposition au traitement de vos donn\u00e9es \u00e0 caract\u00e8re personnel ainsi qu\u2019au consentement donn\u00e9 pour le traitement de vos donn\u00e9es en adressant une demande \u00e0 l\u2019adresse postale pr\u00e9c\u00e9demment mentionn\u00e9e ou par e-mail \u00e0 <a href=\"mailto:recosa@recosa.com\">recosa@recosa.com<\/a>.<\/p>\n<p style=\"text-align: left; margin: 0px 0px 5px;\">Vous pourrez vous adresser \u00e0 l\u2019autorit\u00e9 de contr\u00f4le comp\u00e9tente pour pr\u00e9senter toute r\u00e9clamation.<\/p>\n<p style=\"text-align: left; margin: 0px 0px 5px;\">En envoyant le formulaire de collecte de donn\u00e9es, vous acceptez la politique de confidentialit\u00e9 de RESINES I COLORS SA.<\/p>\n<\/div>\n<p>\n<\/div><p class=\"hidden\"><input type=\"text\" name=\"avia_8_1\" class=\"hidden \" id=\"avia_8_1\" value=\"\" \/><\/p><div id='avia_9_1' class='av-recaptcha-area  first_form  form_element form_fullwidth '  data-container_class=\"\" data-custom_class=\"\" data-context=\"av_contact_form\" data-token_input=\"av_recaptcha_token\" data-version=\"avia_recaptcha_v2\" data-theme=\"light\" data-size=\"normal\" data-score=\"0.5\" data-text_to_preview=\"\" data-value=\"\"><div class=\"av-google-badge-message hidden\">Ce site est prot\u00e9g\u00e9 par reCAPTCHA et la <a href=\"https:\/\/policies.google.com\/privacy\">politique de confidentialit\u00e9<\/a> de Google et <a href=\"https:\/\/policies.google.com\/terms\">leur conditions d\u2019utilisation<\/a> s\u2019appliquent.<\/div><\/div><p class=\"form_element \"><input type=\"hidden\" value=\"1\" name=\"avia_generated_form1\" \/><input type=\"submit\" value=\"Enviar\" class=\"button\"  data-sending-label=\"Envoi\"\/><\/p><\/fieldset><div class=\"avia-disabled-form\">Ce formulaire est d\u00e9sactiv\u00e9 dans la mesure o\u00f9 vous refusez d\u2019accepter le service Google reCAPTCHA n\u00e9cessaire pour valider toute exp\u00e9dition de message depuis celui-ci.<\/div><\/form><div id=\"ajaxresponse_1\" class=\"ajaxresponse ajaxresponse_1 hidden\"><\/div><\/p>\n<\/div><\/div>\n<style type=\"text\/css\" data-created_by=\"avia_inline_auto\" id=\"style-css-av-85ias7-7e5fc2952ccc901d2b8b77f1ba813c1f\">\n.flex_cell.av-85ias7-7e5fc2952ccc901d2b8b77f1ba813c1f{\nvertical-align:top;\n}\n.responsive #top #wrap_all .flex_cell.av-85ias7-7e5fc2952ccc901d2b8b77f1ba813c1f{\npadding:30px 30px 30px 30px !important;\n}\n<\/style>\n<div class='flex_cell av-85ias7-7e5fc2952ccc901d2b8b77f1ba813c1f av-gridrow-cell av_one_third no_margin  avia-builder-el-8  el_after_av_cell_two_third  avia-builder-el-last '  ><div class='flex_cell_inner'><section  class='av_textblock_section av-5dnwmv-7bf3d2f2e681a0db35d08c58d8cf2f97 '   itemscope=\"itemscope\" itemtype=\"https:\/\/schema.org\/CreativeWork\" ><div class='avia_textblock'  itemprop=\"text\" ><p><strong>Adresse<\/strong><br \/>\nAv. de la Riera, 10<br \/>\n08960 Sant Just Desvern<br \/>\nBarcelona<br \/>\n<strong>T\u00e9l\u00e9phone:<\/strong> 93 371 19 13<br \/>\n<strong>Fax:<\/strong> 93 473 20 29<br \/>\n<strong>E-mail:<\/strong> info@recosa.com<br \/>\n<a class=\"whatsapp-contacte\" title=\"Whatsapp\" href=\"https:\/\/wa.me\/34681183186\" target=\"_blank\" rel=\"noopener noreferrer\">681 183 186<\/a><\/p>\n<\/div><\/section>\n<\/div><\/div><\/div>\n<style type=\"text\/css\" data-created_by=\"avia_inline_auto\" id=\"style-css-av-4nuc4n-461103696053fa5f5e02720bd1df7c8a\">\n.avia-section.av-4nuc4n-461103696053fa5f5e02720bd1df7c8a{\nbackground-color:#ffffff;\nbackground-image:unset;\n}\n<\/style>\n<div id='av_section_2'  class='avia-section av-4nuc4n-461103696053fa5f5e02720bd1df7c8a main_color avia-section-default avia-no-shadow  avia-builder-el-10  el_after_av_layout_row  avia-builder-el-last  avia-bg-style-scroll container_wrap fullsize'  ><div class='container av-section-cont-open' ><div class='template-page content  av-content-full alpha units'><div class='post-entry post-entry-type-page post-entry-1271'><div class='entry-content-wrapper clearfix'>\n\n<style type=\"text\/css\" data-created_by=\"avia_inline_auto\" id=\"style-css-av-2jqpl3-ecb4a45227fe95924232a0d2cd5e0578\">\n.avia-image-container.av-2jqpl3-ecb4a45227fe95924232a0d2cd5e0578 img.avia_image{\nbox-shadow:none;\n}\n.avia-image-container.av-2jqpl3-ecb4a45227fe95924232a0d2cd5e0578 .av-image-caption-overlay-center{\ncolor:#ffffff;\n}\n<\/style>\n<div  class='avia-image-container av-2jqpl3-ecb4a45227fe95924232a0d2cd5e0578 av-styling- avia-align-right  avia-builder-el-11  avia-builder-el-no-sibling '   itemprop=\"image\" itemscope=\"itemscope\" itemtype=\"https:\/\/schema.org\/ImageObject\" ><div class=\"avia-image-container-inner\"><div class=\"avia-image-overlay-wrap\"><a href=\"https:\/\/recosa.com\/wp-content\/uploads\/2026\/01\/2028-Certificat.pdf\" class='avia_image' target=\"_blank\" rel=\"noopener noreferrer\" aria-label='certificat'><img decoding=\"async\" fetchpriority=\"high\" class='wp-image-1571 avia-img-lazy-loading-not-1571 avia_image ' src=\"https:\/\/recosa.com\/wp-content\/uploads\/2016\/11\/certificat-1.jpg\" alt='' title='certificat'  height=\"86\" width=\"80\"  itemprop=\"thumbnailUrl\"  \/><\/a><\/div><\/div><\/div>\n<\/p>\n","protected":false},"excerpt":{"rendered":"","protected":false},"author":1,"featured_media":0,"parent":0,"menu_order":0,"comment_status":"open","ping_status":"open","template":"","meta":{"footnotes":""},"_links":{"self":[{"href":"https:\/\/recosa.com\/fr\/wp-json\/wp\/v2\/pages\/1271"}],"collection":[{"href":"https:\/\/recosa.com\/fr\/wp-json\/wp\/v2\/pages"}],"about":[{"href":"https:\/\/recosa.com\/fr\/wp-json\/wp\/v2\/types\/page"}],"author":[{"embeddable":true,"href":"https:\/\/recosa.com\/fr\/wp-json\/wp\/v2\/users\/1"}],"replies":[{"embeddable":true,"href":"https:\/\/recosa.com\/fr\/wp-json\/wp\/v2\/comments?post=1271"}],"version-history":[{"count":10,"href":"https:\/\/recosa.com\/fr\/wp-json\/wp\/v2\/pages\/1271\/revisions"}],"predecessor-version":[{"id":1873,"href":"https:\/\/recosa.com\/fr\/wp-json\/wp\/v2\/pages\/1271\/revisions\/1873"}],"wp:attachment":[{"href":"https:\/\/recosa.com\/fr\/wp-json\/wp\/v2\/media?parent=1271"}],"curies":[{"name":"wp","href":"https:\/\/api.w.org\/{rel}","templated":true}]}}