{"id":1268,"date":"2016-12-01T10:54:51","date_gmt":"2016-12-01T10:54:51","guid":{"rendered":"https:\/\/recosa.com\/mercats\/"},"modified":"2026-01-09T10:38:38","modified_gmt":"2026-01-09T10:38:38","slug":"marches","status":"publish","type":"page","link":"https:\/\/recosa.com\/fr\/marches\/","title":{"rendered":"March\u00e9s"},"content":{"rendered":"\n<style type=\"text\/css\" data-created_by=\"avia_inline_auto\" id=\"style-css-av-eqrr2c-01c404f4469b56a938809136f72cc54c\">\n.avia-section.av-eqrr2c-01c404f4469b56a938809136f72cc54c{\nbackground-repeat:no-repeat;\nbackground-image:url(https:\/\/recosa.com\/wp-content\/uploads\/2016\/12\/19-01-MERCATS-scrolling-banner-superior-Perfumeria.jpg);\nbackground-position:50% 50%;\nbackground-attachment:scroll;\n}\n<\/style>\n<div id='av_section_1'  class='avia-section av-eqrr2c-01c404f4469b56a938809136f72cc54c main_color avia-section-no-padding avia-no-border-styling  avia-builder-el-0  el_before_av_layout_row  avia-builder-el-first  slider-pral avia-bg-style-scroll av-minimum-height av-minimum-height-custom av-height-custom  container_wrap fullsize'  data-section-bg-repeat='no-repeat' data-av_minimum_height_px='475'><div class='container av-section-cont-open' style='height:475px'><main  role=\"main\" itemprop=\"mainContentOfPage\"  class='template-page content  av-content-full alpha units'><div class='post-entry post-entry-type-page post-entry-1268'><div class='entry-content-wrapper clearfix'>\n\n<style type=\"text\/css\" data-created_by=\"avia_inline_auto\" id=\"style-css-av-buf3v8-5233c22e3299ff0515ceba31091c8d2d\">\n.flex_column.av-buf3v8-5233c22e3299ff0515ceba31091c8d2d{\nborder-radius:0px 0px 0px 0px;\npadding:0px 0px 0px 0px;\nbackground-color:#bfac27;\n}\n<\/style>\n<div  class='flex_column av-buf3v8-5233c22e3299ff0515ceba31091c8d2d av_one_full  avia-builder-el-1  avia-builder-el-no-sibling  caption-pral first flex_column_div av-zero-column-padding  '     ><p>\n<style type=\"text\/css\" data-created_by=\"avia_inline_auto\" id=\"style-css-av-11xrn8-3bc22e93cbbe99e7c71fa0a40417122d\">\n#top .av-special-heading.av-11xrn8-3bc22e93cbbe99e7c71fa0a40417122d{\npadding-bottom:0;\ncolor:#ffffff;\n}\nbody .av-special-heading.av-11xrn8-3bc22e93cbbe99e7c71fa0a40417122d .av-special-heading-tag .heading-char{\nfont-size:25px;\n}\n.av-special-heading.av-11xrn8-3bc22e93cbbe99e7c71fa0a40417122d .special-heading-inner-border{\nborder-color:#ffffff;\n}\n.av-special-heading.av-11xrn8-3bc22e93cbbe99e7c71fa0a40417122d .av-subheading{\nfont-size:15px;\n}\n<\/style>\n<div  class='av-special-heading av-11xrn8-3bc22e93cbbe99e7c71fa0a40417122d av-special-heading-h1 custom-color-heading blockquote modern-quote modern-centered  avia-builder-el-2  el_before_av_hr  avia-builder-el-first '><h1 class='av-special-heading-tag'  itemprop=\"headline\"  >March\u00e9s<\/h1><div class=\"special-heading-border\"><div class=\"special-heading-inner-border\"><\/div><\/div><\/div><br \/>\n<div  class='hr av-8w0qck-96a5d9be6fedf9fc1e6bdd16bc9b7e2b hr-full  avia-builder-el-3  el_after_av_heading  avia-builder-el-last  hr-shadow'><span class='hr-inner '><span class=\"hr-inner-style\"><\/span><\/span><\/div><\/p><\/div>\n\n<\/div><\/div><\/main><!-- close content main element --><\/div><\/div><div id='av-layout-grid-1'  class='av-layout-grid-container av-6zhb6s-0807917be70043f416747b65ca67eb29 entry-content-wrapper main_color av-border-top-bottom av-flex-cells  avia-builder-el-4  el_after_av_section  el_before_av_section  grid-row-not-first  container_wrap fullsize'  >\n\n<style type=\"text\/css\" data-created_by=\"avia_inline_auto\" id=\"style-css-av-5k3dys-0c03ed3d23ee7bd85b1174c55edf85f8\">\n.flex_cell.av-5k3dys-0c03ed3d23ee7bd85b1174c55edf85f8{\nvertical-align:top;\n}\n.responsive #top #wrap_all .flex_cell.av-5k3dys-0c03ed3d23ee7bd85b1174c55edf85f8{\npadding:40px 60px 40px 60px !important;\n}\n<\/style>\n<div class='flex_cell av-5k3dys-0c03ed3d23ee7bd85b1174c55edf85f8 av-gridrow-cell av_one_full no_margin  avia-builder-el-5  avia-builder-el-no-sibling '  ><div class='flex_cell_inner'><section  class='av_textblock_section av-3r3hus-921794aef4859dfb04fe2f113d9d6fe2 '   itemscope=\"itemscope\" itemtype=\"https:\/\/schema.org\/CreativeWork\" ><div class='avia_textblock'  itemprop=\"text\" ><p>Le service de R&amp;D de\u00a0<strong>RECOSA<sup>\u00ae<\/sup><\/strong>\u00a0se maintient inform\u00e9 des derni\u00e8res nouveaut\u00e9s afin de marquer la tendance sur les diff\u00e9rents march\u00e9s de nos produits, aussi bien en mati\u00e8re de conformit\u00e9 aux normes requises (contact alimentaire, jouets, REACH, RoHS\u2026) que pour l\u2019incorporation de nouveaux pigments et mat\u00e9riaux. Nous disposons \u00e9galement d\u2019un service d\u2019assistance technique pour offrir des solutions rapides aux demandes et probl\u00e8mes de nos clients.<\/p>\n<p>Notre structure agile et flexible nous conf\u00e8re une grande polyvalence qui nous permet de proposer de grands volumes comme de petites quantit\u00e9s, le tout avec des d\u00e9lais de livraison rapides. Cela permet \u00e0 nos clients d\u2019offrir des produits exclusifs \u00e0 valeur ajout\u00e9e et \u00e0 prix r\u00e9duit.<\/p>\n<p>Tous ces facteurs nous rendent tr\u00e8s pr\u00e9sents sur des march\u00e9s tr\u00e8s exigeants comme la parfumerie et la cosm\u00e9tique, l\u2019emballage alimentaire, l\u2019automobile, les jouets et les pi\u00e8ces industrielles.<\/p>\n<\/div><\/section>\n<\/div><\/div>\n<\/div>\n\n<style type=\"text\/css\" data-created_by=\"avia_inline_auto\" id=\"style-css-av-23h5c4-b6c82c04969a60f51d653eb80feab1fb\">\n.avia-section.av-23h5c4-b6c82c04969a60f51d653eb80feab1fb{\nbackground-color:#ffffff;\nbackground-image:unset;\n}\n<\/style>\n<div id='av_section_2'  class='avia-section av-23h5c4-b6c82c04969a60f51d653eb80feab1fb main_color avia-section-default avia-no-shadow  avia-builder-el-7  el_after_av_layout_row  avia-builder-el-last  avia-bg-style-scroll container_wrap fullsize'  ><div class='container av-section-cont-open' ><div class='template-page content  av-content-full alpha units'><div class='post-entry post-entry-type-page post-entry-1268'><div class='entry-content-wrapper clearfix'>\n\n<style type=\"text\/css\" data-created_by=\"avia_inline_auto\" id=\"style-css-av-lb40par7-44bae7e557084a2aac850d5b029ec8e2\">\n.avia-image-container.av-lb40par7-44bae7e557084a2aac850d5b029ec8e2 img.avia_image{\nbox-shadow:none;\n}\n.avia-image-container.av-lb40par7-44bae7e557084a2aac850d5b029ec8e2 .av-image-caption-overlay-center{\ncolor:#ffffff;\n}\n<\/style>\n<div  class='avia-image-container av-lb40par7-44bae7e557084a2aac850d5b029ec8e2 av-styling- avia-align-right  avia-builder-el-8  avia-builder-el-no-sibling '   itemprop=\"image\" itemscope=\"itemscope\" itemtype=\"https:\/\/schema.org\/ImageObject\" ><div class=\"avia-image-container-inner\"><div class=\"avia-image-overlay-wrap\"><a href=\"https:\/\/recosa.com\/wp-content\/uploads\/2026\/01\/2028-Certificat.pdf\" class='avia_image' target=\"_blank\" rel=\"noopener noreferrer\" aria-label='certificat'><img decoding=\"async\" fetchpriority=\"high\" class='wp-image-1571 avia-img-lazy-loading-not-1571 avia_image ' src=\"https:\/\/recosa.com\/wp-content\/uploads\/2016\/11\/certificat-1.jpg\" alt='' title='certificat'  height=\"86\" width=\"80\"  itemprop=\"thumbnailUrl\"  \/><\/a><\/div><\/div><\/div>\n\n","protected":false},"excerpt":{"rendered":"","protected":false},"author":1,"featured_media":0,"parent":0,"menu_order":0,"comment_status":"closed","ping_status":"closed","template":"","meta":{"footnotes":""},"_links":{"self":[{"href":"https:\/\/recosa.com\/fr\/wp-json\/wp\/v2\/pages\/1268"}],"collection":[{"href":"https:\/\/recosa.com\/fr\/wp-json\/wp\/v2\/pages"}],"about":[{"href":"https:\/\/recosa.com\/fr\/wp-json\/wp\/v2\/types\/page"}],"author":[{"embeddable":true,"href":"https:\/\/recosa.com\/fr\/wp-json\/wp\/v2\/users\/1"}],"replies":[{"embeddable":true,"href":"https:\/\/recosa.com\/fr\/wp-json\/wp\/v2\/comments?post=1268"}],"version-history":[{"count":3,"href":"https:\/\/recosa.com\/fr\/wp-json\/wp\/v2\/pages\/1268\/revisions"}],"predecessor-version":[{"id":1848,"href":"https:\/\/recosa.com\/fr\/wp-json\/wp\/v2\/pages\/1268\/revisions\/1848"}],"wp:attachment":[{"href":"https:\/\/recosa.com\/fr\/wp-json\/wp\/v2\/media?parent=1268"}],"curies":[{"name":"wp","href":"https:\/\/api.w.org\/{rel}","templated":true}]}}