{"id":1259,"date":"2016-12-01T10:43:26","date_gmt":"2016-12-01T10:43:26","guid":{"rendered":"https:\/\/recosa.com\/produits\/productes-auxiliars\/"},"modified":"2026-01-09T10:39:44","modified_gmt":"2026-01-09T10:39:44","slug":"produits-auxiliaires","status":"publish","type":"page","link":"https:\/\/recosa.com\/fr\/produits\/produits-auxiliaires\/","title":{"rendered":"Produits Auxiliaires"},"content":{"rendered":"\n<style type=\"text\/css\" data-created_by=\"avia_inline_auto\" id=\"style-css-av-el99zv-598c366897324db2f250f572855edfb2\">\n.avia-section.av-el99zv-598c366897324db2f250f572855edfb2{\nbackground-repeat:no-repeat;\nbackground-image:url(https:\/\/recosa.com\/wp-content\/uploads\/2016\/12\/18-AUXILIARS-banner-superior.jpg);\nbackground-position:50% 50%;\nbackground-attachment:scroll;\n}\n<\/style>\n<div id='av_section_1'  class='avia-section av-el99zv-598c366897324db2f250f572855edfb2 main_color avia-section-no-padding avia-no-border-styling  avia-builder-el-0  el_before_av_layout_row  avia-builder-el-first  slider-pral avia-bg-style-scroll av-minimum-height av-minimum-height-custom av-height-custom  container_wrap fullsize'  data-section-bg-repeat='no-repeat' data-av_minimum_height_px='475'><div class='container av-section-cont-open' style='height:475px'><main  role=\"main\" itemprop=\"mainContentOfPage\"  class='template-page content  av-content-full alpha units'><div class='post-entry post-entry-type-page post-entry-1259'><div class='entry-content-wrapper clearfix'>\n\n<style type=\"text\/css\" data-created_by=\"avia_inline_auto\" id=\"style-css-av-cuqz6z-d153eeef70f00a1258a885ef62bc90b2\">\n.flex_column.av-cuqz6z-d153eeef70f00a1258a885ef62bc90b2{\nborder-radius:0px 0px 0px 0px;\npadding:0px 0px 0px 0px;\nbackground-color:#df0025;\n}\n<\/style>\n<div  class='flex_column av-cuqz6z-d153eeef70f00a1258a885ef62bc90b2 av_one_full  avia-builder-el-1  avia-builder-el-no-sibling  caption-pral first flex_column_div av-zero-column-padding  '     ><p>\n<style type=\"text\/css\" data-created_by=\"avia_inline_auto\" id=\"style-css-av-b6t20b-20362104fa88d03cfcd50f44dfc39022\">\n#top .av-special-heading.av-b6t20b-20362104fa88d03cfcd50f44dfc39022{\npadding-bottom:0;\ncolor:#ffffff;\n}\nbody .av-special-heading.av-b6t20b-20362104fa88d03cfcd50f44dfc39022 .av-special-heading-tag .heading-char{\nfont-size:25px;\n}\n.av-special-heading.av-b6t20b-20362104fa88d03cfcd50f44dfc39022 .special-heading-inner-border{\nborder-color:#ffffff;\n}\n.av-special-heading.av-b6t20b-20362104fa88d03cfcd50f44dfc39022 .av-subheading{\nfont-size:15px;\n}\n<\/style>\n<div  class='av-special-heading av-b6t20b-20362104fa88d03cfcd50f44dfc39022 av-special-heading-h1 custom-color-heading blockquote modern-quote modern-centered  avia-builder-el-2  el_before_av_hr  avia-builder-el-first '><h1 class='av-special-heading-tag'  itemprop=\"headline\"  >PRODUITS AUXILIAIRES<\/h1><div class=\"special-heading-border\"><div class=\"special-heading-inner-border\"><\/div><\/div><\/div><br \/>\n<div  class='hr av-99zrwr-be53583bb943a412a4c7f067c0007d2e hr-full  avia-builder-el-3  el_after_av_heading  avia-builder-el-last  hr-shadow'><span class='hr-inner '><span class=\"hr-inner-style\"><\/span><\/span><\/div><\/p><\/div>\n\n<\/div><\/div><\/main><!-- close content main element --><\/div><\/div><div id='av-layout-grid-1'  class='av-layout-grid-container av-7j4eff-341d8f7077d927cd68bea3d4081a7c2e entry-content-wrapper main_color av-border-top-bottom av-flex-cells  avia-builder-el-4  el_after_av_section  el_before_av_section  grid-row-not-first  container_wrap fullsize'  >\n\n<style type=\"text\/css\" data-created_by=\"avia_inline_auto\" id=\"style-css-av-kcmff-b4907e333450a69a7365a7a91da419c7\">\n.flex_cell.av-kcmff-b4907e333450a69a7365a7a91da419c7{\nvertical-align:top;\n}\n.responsive #top #wrap_all .flex_cell.av-kcmff-b4907e333450a69a7365a7a91da419c7{\npadding:40px 60px 40px 60px !important;\n}\n<\/style>\n<div class='flex_cell av-kcmff-b4907e333450a69a7365a7a91da419c7 av-gridrow-cell av_one_full no_margin  avia-builder-el-5  avia-builder-el-no-sibling '  ><div class='flex_cell_inner'><section  class='av_textblock_section av-4xn4qj-3d0e9b463d44afd1d2d79b39524cbc2a '   itemscope=\"itemscope\" itemtype=\"https:\/\/schema.org\/CreativeWork\" ><div class='avia_textblock'  itemprop=\"text\" ><p>Nous sommes distributeurs exclusifs de <strong>Technotrenn Trennmittel GmbH<\/strong>, sp\u00e9cialis\u00e9e dans la fabrication de d\u00e9moulants et de lubrifiants en spray.<\/p>\n<ul>\n<li><strong>ATOL-LE<\/strong><br \/>\nD\u00e9moulant sans silicone pour la production de pi\u00e8ces en plastique et caoutchouc.<br \/>\nFormul\u00e9 \u00e0 base d\u2019ingr\u00e9dients actifs d\u2019origine naturelle et biod\u00e9gradables qui \u00e9vitent la corrosion.<br \/>\nConvient pour la production de pi\u00e8ces en contact alimentaire.<\/li>\n<\/ul>\n<ul>\n<li><strong>SITOL-PLUS<\/strong><br \/>\nD\u00e9moulant et lubrifiant \u00e0 base de silicone.<br \/>\nSa viscosit\u00e9 est stable, y compris sous de grands changements de temp\u00e9rature.<br \/>\nConvient pour la production de pi\u00e8ces en contact alimentaire, notamment pour les applications d\u2019eau potable.<\/li>\n<\/ul>\n<ul>\n<li><strong>EROL-HE<\/strong><br \/>\nAntioxydant pour la conservation de moules.<br \/>\nSans dichlorom\u00e9thane ni silicone.<\/li>\n<\/ul>\n<\/div><\/section>\n<\/div><\/div>\n<\/div>\n\n<style type=\"text\/css\" data-created_by=\"avia_inline_auto\" id=\"style-css-av-1u2hyz-6557835943ac6b8fda190e13b98b60cd\">\n.avia-section.av-1u2hyz-6557835943ac6b8fda190e13b98b60cd{\nbackground-color:#ffffff;\nbackground-image:unset;\n}\n<\/style>\n<div id='av_section_2'  class='avia-section av-1u2hyz-6557835943ac6b8fda190e13b98b60cd main_color avia-section-default avia-no-border-styling  avia-builder-el-7  el_after_av_layout_row  avia-builder-el-last  avia-bg-style-scroll container_wrap fullsize'  ><div class='container av-section-cont-open' ><div class='template-page content  av-content-full alpha units'><div class='post-entry post-entry-type-page post-entry-1259'><div class='entry-content-wrapper clearfix'>\n\n<style type=\"text\/css\" data-created_by=\"avia_inline_auto\" id=\"style-css-av-lb40rpew-38642c37deb23ea08d8f52ae367464fe\">\n.avia-image-container.av-lb40rpew-38642c37deb23ea08d8f52ae367464fe img.avia_image{\nbox-shadow:none;\n}\n.avia-image-container.av-lb40rpew-38642c37deb23ea08d8f52ae367464fe .av-image-caption-overlay-center{\ncolor:#ffffff;\n}\n<\/style>\n<div  class='avia-image-container av-lb40rpew-38642c37deb23ea08d8f52ae367464fe av-styling- avia-align-right  avia-builder-el-8  avia-builder-el-no-sibling '   itemprop=\"image\" itemscope=\"itemscope\" itemtype=\"https:\/\/schema.org\/ImageObject\" ><div class=\"avia-image-container-inner\"><div class=\"avia-image-overlay-wrap\"><a href=\"https:\/\/recosa.com\/wp-content\/uploads\/2026\/01\/2028-Certificat.pdf\" class='avia_image' target=\"_blank\" rel=\"noopener noreferrer\" aria-label='certificat'><img decoding=\"async\" fetchpriority=\"high\" class='wp-image-1571 avia-img-lazy-loading-not-1571 avia_image ' src=\"https:\/\/recosa.com\/wp-content\/uploads\/2016\/11\/certificat-1.jpg\" alt='' title='certificat'  height=\"86\" width=\"80\"  itemprop=\"thumbnailUrl\"  \/><\/a><\/div><\/div><\/div>\n\n","protected":false},"excerpt":{"rendered":"","protected":false},"author":1,"featured_media":0,"parent":1254,"menu_order":0,"comment_status":"closed","ping_status":"closed","template":"","meta":{"footnotes":""},"_links":{"self":[{"href":"https:\/\/recosa.com\/fr\/wp-json\/wp\/v2\/pages\/1259"}],"collection":[{"href":"https:\/\/recosa.com\/fr\/wp-json\/wp\/v2\/pages"}],"about":[{"href":"https:\/\/recosa.com\/fr\/wp-json\/wp\/v2\/types\/page"}],"author":[{"embeddable":true,"href":"https:\/\/recosa.com\/fr\/wp-json\/wp\/v2\/users\/1"}],"replies":[{"embeddable":true,"href":"https:\/\/recosa.com\/fr\/wp-json\/wp\/v2\/comments?post=1259"}],"version-history":[{"count":4,"href":"https:\/\/recosa.com\/fr\/wp-json\/wp\/v2\/pages\/1259\/revisions"}],"predecessor-version":[{"id":1855,"href":"https:\/\/recosa.com\/fr\/wp-json\/wp\/v2\/pages\/1259\/revisions\/1855"}],"up":[{"embeddable":true,"href":"https:\/\/recosa.com\/fr\/wp-json\/wp\/v2\/pages\/1254"}],"wp:attachment":[{"href":"https:\/\/recosa.com\/fr\/wp-json\/wp\/v2\/media?parent=1259"}],"curies":[{"name":"wp","href":"https:\/\/api.w.org\/{rel}","templated":true}]}}