{"id":1257,"date":"2016-12-01T10:09:40","date_gmt":"2016-12-01T10:09:40","guid":{"rendered":"https:\/\/recosa.com\/produits\/dry-ryc\/"},"modified":"2026-01-09T10:39:24","modified_gmt":"2026-01-09T10:39:24","slug":"dry-ryc","status":"publish","type":"page","link":"https:\/\/recosa.com\/fr\/produits\/dry-ryc\/","title":{"rendered":"Dry-RYC<sup>\u00ae<\/sup>"},"content":{"rendered":"\n<style type=\"text\/css\" data-created_by=\"avia_inline_auto\" id=\"style-css-av-dpdau1-431da6b625038619f5dd039c296b2b39\">\n.avia-section.av-dpdau1-431da6b625038619f5dd039c296b2b39{\nbackground-repeat:no-repeat;\nbackground-image:url(https:\/\/recosa.com\/wp-content\/uploads\/2016\/12\/17-DRY-RYC-banner-superior.jpg);\nbackground-position:50% 50%;\nbackground-attachment:scroll;\n}\n<\/style>\n<div id='av_section_1'  class='avia-section av-dpdau1-431da6b625038619f5dd039c296b2b39 main_color avia-section-no-padding avia-no-border-styling  avia-builder-el-0  el_before_av_layout_row  avia-builder-el-first  slider-pral avia-bg-style-scroll av-minimum-height av-minimum-height-custom av-height-custom  container_wrap fullsize'  data-section-bg-repeat='no-repeat' data-av_minimum_height_px='475'><div class='container av-section-cont-open' style='height:475px'><main  role=\"main\" itemprop=\"mainContentOfPage\"  class='template-page content  av-content-full alpha units'><div class='post-entry post-entry-type-page post-entry-1257'><div class='entry-content-wrapper clearfix'>\n\n<style type=\"text\/css\" data-created_by=\"avia_inline_auto\" id=\"style-css-av-17nqrd-1c31dd7906e08040b32ec10110049fee\">\n.flex_column.av-17nqrd-1c31dd7906e08040b32ec10110049fee{\nborder-radius:0px 0px 0px 0px;\npadding:0px 0px 0px 0px;\nbackground-color:#df0025;\n}\n<\/style>\n<div  class='flex_column av-17nqrd-1c31dd7906e08040b32ec10110049fee av_one_full  avia-builder-el-1  avia-builder-el-no-sibling  caption-pral first flex_column_div av-zero-column-padding  '     ><p>\n<style type=\"text\/css\" data-created_by=\"avia_inline_auto\" id=\"style-css-av-adt8uh-015a56e4be8e82715bde4695bbc917b7\">\n#top .av-special-heading.av-adt8uh-015a56e4be8e82715bde4695bbc917b7{\npadding-bottom:0;\ncolor:#ffffff;\n}\nbody .av-special-heading.av-adt8uh-015a56e4be8e82715bde4695bbc917b7 .av-special-heading-tag .heading-char{\nfont-size:25px;\n}\n.av-special-heading.av-adt8uh-015a56e4be8e82715bde4695bbc917b7 .special-heading-inner-border{\nborder-color:#ffffff;\n}\n.av-special-heading.av-adt8uh-015a56e4be8e82715bde4695bbc917b7 .av-subheading{\nfont-size:15px;\n}\n<\/style>\n<div  class='av-special-heading av-adt8uh-015a56e4be8e82715bde4695bbc917b7 av-special-heading-h1 custom-color-heading blockquote modern-quote modern-centered  avia-builder-el-2  el_before_av_hr  avia-builder-el-first '><h1 class='av-special-heading-tag'  itemprop=\"headline\"  >DRY-RYC<sup>\u00ae<\/sup><\/h1><div class=\"special-heading-border\"><div class=\"special-heading-inner-border\"><\/div><\/div><\/div><br \/>\n<div  class='hr av-9ix29l-df9b5065ee3d1ce340a30675bb46946a hr-full  avia-builder-el-3  el_after_av_heading  avia-builder-el-last  hr-shadow'><span class='hr-inner '><span class=\"hr-inner-style\"><\/span><\/span><\/div><\/p><\/div>\n\n<\/div><\/div><\/main><!-- close content main element --><\/div><\/div><div id='av-layout-grid-1'  class='av-layout-grid-container av-7u8kah-fa315c67d1fa808a04559f9cb2477b97 entry-content-wrapper main_color av-flex-cells  avia-builder-el-4  el_after_av_section  el_before_av_section  grid-row-not-first  container_wrap fullsize'  >\n\n<style type=\"text\/css\" data-created_by=\"avia_inline_auto\" id=\"style-css-av-5ea73d-6db3473acd5ac83b9661ed5e09b64168\">\n.flex_cell.av-5ea73d-6db3473acd5ac83b9661ed5e09b64168{\nvertical-align:top;\n}\n.responsive #top #wrap_all .flex_cell.av-5ea73d-6db3473acd5ac83b9661ed5e09b64168{\npadding:40px 60px 40px 60px !important;\n}\n<\/style>\n<div class='flex_cell av-5ea73d-6db3473acd5ac83b9661ed5e09b64168 av-gridrow-cell av_one_full no_margin  avia-builder-el-5  avia-builder-el-no-sibling '  ><div class='flex_cell_inner'><section  class='av_textblock_section av-4a00ax-8a878122f0f692612cbcbef2ea3e75c9 '   itemscope=\"itemscope\" itemtype=\"https:\/\/schema.org\/CreativeWork\" ><div class='avia_textblock'  itemprop=\"text\" ><p>Les produits <strong>DRY-RYC<sup>\u00ae<\/sup><\/strong> sont des pigments et\/ou colorants pr\u00e9dispers\u00e9s dans une base de carbonate de calcium (<strong>CaCO<sub>3<\/sub><\/strong>), g\u00e9n\u00e9ralement utilis\u00e9s pour colorer diff\u00e9rents polym\u00e8res avec un produit identique. <strong>DRY-RYC<sup>\u00ae<\/sup><\/strong> est la marque d\u00e9pos\u00e9e des dry blend fabriqu\u00e9s \u00e0 <strong>RECOSA<sup>\u00ae<\/sup><\/strong>.<\/p>\n<p>Nous n\u2019avons pas de catalogue standard, mais nous formulons des couleurs sp\u00e9ciales selon les besoins de nos clients.<\/p>\n<p>Pour garantir leur homog\u00e9n\u00e9isation et leur r\u00e9p\u00e9titivit\u00e9, une commande minimum de 25 kg est requise pour ces produits.<\/p>\n<\/div><\/section>\n<\/div><\/div>\n<\/div>\n\n<style type=\"text\/css\" data-created_by=\"avia_inline_auto\" id=\"style-css-av-21d9uh-fee43b6b517c653f2f71b7d1106f1df7\">\n.avia-section.av-21d9uh-fee43b6b517c653f2f71b7d1106f1df7{\nbackground-color:#ffffff;\nbackground-image:unset;\n}\n<\/style>\n<div id='av_section_2'  class='avia-section av-21d9uh-fee43b6b517c653f2f71b7d1106f1df7 main_color avia-section-default avia-no-shadow  avia-builder-el-7  el_after_av_layout_row  avia-builder-el-last  avia-bg-style-scroll container_wrap fullsize'  ><div class='container av-section-cont-open' ><div class='template-page content  av-content-full alpha units'><div class='post-entry post-entry-type-page post-entry-1257'><div class='entry-content-wrapper clearfix'>\n\n<style type=\"text\/css\" data-created_by=\"avia_inline_auto\" id=\"style-css-av-lb40r06u-23dc87e4ef11638b75299aa3000777fc\">\n.avia-image-container.av-lb40r06u-23dc87e4ef11638b75299aa3000777fc img.avia_image{\nbox-shadow:none;\n}\n.avia-image-container.av-lb40r06u-23dc87e4ef11638b75299aa3000777fc .av-image-caption-overlay-center{\ncolor:#ffffff;\n}\n<\/style>\n<div  class='avia-image-container av-lb40r06u-23dc87e4ef11638b75299aa3000777fc av-styling- avia-align-right  avia-builder-el-8  avia-builder-el-no-sibling '   itemprop=\"image\" itemscope=\"itemscope\" itemtype=\"https:\/\/schema.org\/ImageObject\" ><div class=\"avia-image-container-inner\"><div class=\"avia-image-overlay-wrap\"><a href=\"https:\/\/recosa.com\/wp-content\/uploads\/2026\/01\/2028-Certificat.pdf\" class='avia_image' target=\"_blank\" rel=\"noopener noreferrer\" aria-label='certificat'><img decoding=\"async\" fetchpriority=\"high\" class='wp-image-1571 avia-img-lazy-loading-not-1571 avia_image ' src=\"https:\/\/recosa.com\/wp-content\/uploads\/2016\/11\/certificat-1.jpg\" alt='' title='certificat'  height=\"86\" width=\"80\"  itemprop=\"thumbnailUrl\"  \/><\/a><\/div><\/div><\/div>\n\n","protected":false},"excerpt":{"rendered":"","protected":false},"author":1,"featured_media":0,"parent":1254,"menu_order":0,"comment_status":"closed","ping_status":"closed","template":"","meta":{"footnotes":""},"_links":{"self":[{"href":"https:\/\/recosa.com\/fr\/wp-json\/wp\/v2\/pages\/1257"}],"collection":[{"href":"https:\/\/recosa.com\/fr\/wp-json\/wp\/v2\/pages"}],"about":[{"href":"https:\/\/recosa.com\/fr\/wp-json\/wp\/v2\/types\/page"}],"author":[{"embeddable":true,"href":"https:\/\/recosa.com\/fr\/wp-json\/wp\/v2\/users\/1"}],"replies":[{"embeddable":true,"href":"https:\/\/recosa.com\/fr\/wp-json\/wp\/v2\/comments?post=1257"}],"version-history":[{"count":3,"href":"https:\/\/recosa.com\/fr\/wp-json\/wp\/v2\/pages\/1257\/revisions"}],"predecessor-version":[{"id":1853,"href":"https:\/\/recosa.com\/fr\/wp-json\/wp\/v2\/pages\/1257\/revisions\/1853"}],"up":[{"embeddable":true,"href":"https:\/\/recosa.com\/fr\/wp-json\/wp\/v2\/pages\/1254"}],"wp:attachment":[{"href":"https:\/\/recosa.com\/fr\/wp-json\/wp\/v2\/media?parent=1257"}],"curies":[{"name":"wp","href":"https:\/\/api.w.org\/{rel}","templated":true}]}}