{"id":850,"date":"2016-12-01T10:09:40","date_gmt":"2016-12-01T10:09:40","guid":{"rendered":"http:\/\/recosa.com\/productes\/dry-ryc\/"},"modified":"2026-01-09T10:31:46","modified_gmt":"2026-01-09T10:31:46","slug":"dry-ryc","status":"publish","type":"page","link":"https:\/\/recosa.com\/es\/productos\/dry-ryc\/","title":{"rendered":"Dry-RYC<sup>\u00ae<\/sup>"},"content":{"rendered":"\n<style type=\"text\/css\" data-created_by=\"avia_inline_auto\" id=\"style-css-av-1fykxm-9cd96a3d69cffe5f8a2a56ed244bcc23\">\n.avia-section.av-1fykxm-9cd96a3d69cffe5f8a2a56ed244bcc23{\nbackground-repeat:no-repeat;\nbackground-image:url(https:\/\/recosa.com\/wp-content\/uploads\/2016\/12\/17-DRY-RYC-banner-superior.jpg);\nbackground-position:50% 50%;\nbackground-attachment:scroll;\n}\n<\/style>\n<div id='av_section_1'  class='avia-section av-1fykxm-9cd96a3d69cffe5f8a2a56ed244bcc23 main_color avia-section-no-padding avia-no-border-styling  avia-builder-el-0  el_before_av_layout_row  avia-builder-el-first  slider-pral avia-bg-style-scroll av-minimum-height av-minimum-height-custom av-height-custom  container_wrap fullsize'  data-section-bg-repeat='no-repeat' data-av_minimum_height_px='475'><div class='container av-section-cont-open' style='height:475px'><main  role=\"main\" itemprop=\"mainContentOfPage\"  class='template-page content  av-content-full alpha units'><div class='post-entry post-entry-type-page post-entry-850'><div class='entry-content-wrapper clearfix'>\n\n<style type=\"text\/css\" data-created_by=\"avia_inline_auto\" id=\"style-css-av-174f8a-7f8bae1cd1a01d6d057314e621a38404\">\n.flex_column.av-174f8a-7f8bae1cd1a01d6d057314e621a38404{\nborder-radius:0px 0px 0px 0px;\npadding:0px 0px 0px 0px;\nbackground-color:#df0025;\n}\n<\/style>\n<div  class='flex_column av-174f8a-7f8bae1cd1a01d6d057314e621a38404 av_one_full  avia-builder-el-1  avia-builder-el-no-sibling  caption-pral first flex_column_div av-zero-column-padding  '     ><p>\n<style type=\"text\/css\" data-created_by=\"avia_inline_auto\" id=\"style-css-av-11s3ma-12e5e3da3dfc56abadd98938c953f21f\">\n#top .av-special-heading.av-11s3ma-12e5e3da3dfc56abadd98938c953f21f{\npadding-bottom:0;\ncolor:#ffffff;\n}\nbody .av-special-heading.av-11s3ma-12e5e3da3dfc56abadd98938c953f21f .av-special-heading-tag .heading-char{\nfont-size:25px;\n}\n.av-special-heading.av-11s3ma-12e5e3da3dfc56abadd98938c953f21f .special-heading-inner-border{\nborder-color:#ffffff;\n}\n.av-special-heading.av-11s3ma-12e5e3da3dfc56abadd98938c953f21f .av-subheading{\nfont-size:15px;\n}\n<\/style>\n<div  class='av-special-heading av-11s3ma-12e5e3da3dfc56abadd98938c953f21f av-special-heading-h1 custom-color-heading blockquote modern-quote modern-centered  avia-builder-el-2  el_before_av_hr  avia-builder-el-first '><h1 class='av-special-heading-tag'  itemprop=\"headline\"  >DRY-RYC<sup>\u00ae<\/sup><\/h1><div class=\"special-heading-border\"><div class=\"special-heading-inner-border\"><\/div><\/div><\/div><br \/>\n<div  class='hr av-vddai-8eb8724228bfbdba8328d05628ddb0e8 hr-full  avia-builder-el-3  el_after_av_heading  avia-builder-el-last  hr-shadow'><span class='hr-inner '><span class=\"hr-inner-style\"><\/span><\/span><\/div><\/p><\/div>\n\n<\/div><\/div><\/main><!-- close content main element --><\/div><\/div><div id='av-layout-grid-1'  class='av-layout-grid-container av-r63ay-e4b3cc7a48ef1a7665af55187d078506 entry-content-wrapper main_color av-flex-cells  avia-builder-el-4  el_after_av_section  el_before_av_section  grid-row-not-first  container_wrap fullsize'  >\n\n<style type=\"text\/css\" data-created_by=\"avia_inline_auto\" id=\"style-css-av-ivacy-b0816de0962d9711fd56a2d8b366f84e\">\n.flex_cell.av-ivacy-b0816de0962d9711fd56a2d8b366f84e{\nvertical-align:top;\n}\n.responsive #top #wrap_all .flex_cell.av-ivacy-b0816de0962d9711fd56a2d8b366f84e{\npadding:40px 60px 40px 60px !important;\n}\n<\/style>\n<div class='flex_cell av-ivacy-b0816de0962d9711fd56a2d8b366f84e av-gridrow-cell av_one_full no_margin  avia-builder-el-5  avia-builder-el-no-sibling '  ><div class='flex_cell_inner'><section  class='av_textblock_section av-eyk02-dbf1297b8c60274fb9e0f2ea1395d5c5 '   itemscope=\"itemscope\" itemtype=\"https:\/\/schema.org\/CreativeWork\" ><div class='avia_textblock'  itemprop=\"text\" ><p>Los productos <strong>DRY-RYC<sup>\u00ae<\/sup><\/strong> son pigmentos y\/o colorantes predispersados en una base de carbonato de calcio (CaCO<sub>3<\/sub>) que se utilizan habitualmente para colorear diferentes pol\u00edmeros con un mismo producto. <strong>DRY-RYC<sup>\u00ae<\/sup><\/strong> es la marca registrada de los dry blend fabricados en <strong>RECOSA<sup>\u00ae<\/sup><\/strong><\/p>\n<p>En este caso no disponemos de cat\u00e1logo est\u00e1ndar, pero dise\u00f1amos colores especiales seg\u00fan los requisitos de nuestros clientes.<\/p>\n<p>Para garantizar su homogeneizaci\u00f3n y repetitividad estos productos est\u00e1n sujetos a un pedido m\u00ednimo de 25 kg.<\/p>\n<\/div><\/section>\n<\/div><\/div>\n<\/div>\n\n<style type=\"text\/css\" data-created_by=\"avia_inline_auto\" id=\"style-css-av-bov4a-f7d9fb683c31d112e8e90e4fddc55fa1\">\n.avia-section.av-bov4a-f7d9fb683c31d112e8e90e4fddc55fa1{\nbackground-color:#ffffff;\nbackground-image:unset;\n}\n<\/style>\n<div id='av_section_2'  class='avia-section av-bov4a-f7d9fb683c31d112e8e90e4fddc55fa1 main_color avia-section-default avia-no-shadow  avia-builder-el-7  el_after_av_layout_row  avia-builder-el-last  avia-bg-style-scroll container_wrap fullsize'  ><div class='container av-section-cont-open' ><div class='template-page content  av-content-full alpha units'><div class='post-entry post-entry-type-page post-entry-850'><div class='entry-content-wrapper clearfix'>\n\n<style type=\"text\/css\" data-created_by=\"avia_inline_auto\" id=\"style-css-av-lb40vwzx-bed6c584570276ffec6a88a56ad9a7cd\">\n.avia-image-container.av-lb40vwzx-bed6c584570276ffec6a88a56ad9a7cd img.avia_image{\nbox-shadow:none;\n}\n.avia-image-container.av-lb40vwzx-bed6c584570276ffec6a88a56ad9a7cd .av-image-caption-overlay-center{\ncolor:#ffffff;\n}\n<\/style>\n<div  class='avia-image-container av-lb40vwzx-bed6c584570276ffec6a88a56ad9a7cd av-styling- avia-align-right  avia-builder-el-8  avia-builder-el-no-sibling '   itemprop=\"image\" itemscope=\"itemscope\" itemtype=\"https:\/\/schema.org\/ImageObject\" ><div class=\"avia-image-container-inner\"><div class=\"avia-image-overlay-wrap\"><a href=\"https:\/\/recosa.com\/wp-content\/uploads\/2026\/01\/2028-Certificado.pdf\" class='avia_image' target=\"_blank\" rel=\"noopener noreferrer\" aria-label='certificat'><img decoding=\"async\" fetchpriority=\"high\" class='wp-image-1572 avia-img-lazy-loading-not-1572 avia_image ' src=\"https:\/\/recosa.com\/wp-content\/uploads\/2016\/11\/certificat-1.jpg\" alt='' title='certificat'  height=\"86\" width=\"80\"  itemprop=\"thumbnailUrl\"  \/><\/a><\/div><\/div><\/div>\n\n","protected":false},"excerpt":{"rendered":"","protected":false},"author":1,"featured_media":0,"parent":848,"menu_order":0,"comment_status":"closed","ping_status":"closed","template":"","meta":{"footnotes":""},"_links":{"self":[{"href":"https:\/\/recosa.com\/es\/wp-json\/wp\/v2\/pages\/850"}],"collection":[{"href":"https:\/\/recosa.com\/es\/wp-json\/wp\/v2\/pages"}],"about":[{"href":"https:\/\/recosa.com\/es\/wp-json\/wp\/v2\/types\/page"}],"author":[{"embeddable":true,"href":"https:\/\/recosa.com\/es\/wp-json\/wp\/v2\/users\/1"}],"replies":[{"embeddable":true,"href":"https:\/\/recosa.com\/es\/wp-json\/wp\/v2\/comments?post=850"}],"version-history":[{"count":7,"href":"https:\/\/recosa.com\/es\/wp-json\/wp\/v2\/pages\/850\/revisions"}],"predecessor-version":[{"id":1828,"href":"https:\/\/recosa.com\/es\/wp-json\/wp\/v2\/pages\/850\/revisions\/1828"}],"up":[{"embeddable":true,"href":"https:\/\/recosa.com\/es\/wp-json\/wp\/v2\/pages\/848"}],"wp:attachment":[{"href":"https:\/\/recosa.com\/es\/wp-json\/wp\/v2\/media?parent=850"}],"curies":[{"name":"wp","href":"https:\/\/api.w.org\/{rel}","templated":true}]}}