{"id":846,"date":"2016-12-01T10:57:31","date_gmt":"2016-12-01T10:57:31","guid":{"rendered":"http:\/\/recosa.com\/politica-de-qualitat\/"},"modified":"2026-01-16T09:23:11","modified_gmt":"2026-01-16T09:23:11","slug":"politica-de-calidad","status":"publish","type":"page","link":"https:\/\/recosa.com\/es\/politica-de-calidad\/","title":{"rendered":"Pol\u00edtica de Calidad"},"content":{"rendered":"\n<style type=\"text\/css\" data-created_by=\"avia_inline_auto\" id=\"style-css-av-1e8bf2-f2c80a3a8c4fcad1decdf6f4fda38b58\">\n.avia-section.av-1e8bf2-f2c80a3a8c4fcad1decdf6f4fda38b58{\nbackground-repeat:no-repeat;\nbackground-image:url(https:\/\/recosa.com\/wp-content\/uploads\/2016\/12\/20-QUALITAT-banner-superior.jpg);\nbackground-position:50% 50%;\nbackground-attachment:scroll;\n}\n<\/style>\n<div id='av_section_1'  class='avia-section av-1e8bf2-f2c80a3a8c4fcad1decdf6f4fda38b58 main_color avia-section-no-padding avia-no-border-styling  avia-builder-el-0  el_before_av_layout_row  avia-builder-el-first  slider-pral avia-bg-style-scroll av-minimum-height av-minimum-height-custom av-height-custom  container_wrap fullsize'  data-section-bg-repeat='no-repeat' data-av_minimum_height_px='475'><div class='container av-section-cont-open' style='height:475px'><main  role=\"main\" itemprop=\"mainContentOfPage\"  class='template-page content  av-content-full alpha units'><div class='post-entry post-entry-type-page post-entry-846'><div class='entry-content-wrapper clearfix'>\n\n<style type=\"text\/css\" data-created_by=\"avia_inline_auto\" id=\"style-css-av-18iu1i-dc233d6fc990ff0fc1c7081203ee87fc\">\n.flex_column.av-18iu1i-dc233d6fc990ff0fc1c7081203ee87fc{\nborder-radius:0px 0px 0px 0px;\npadding:0px 0px 0px 0px;\nbackground-color:#bfac27;\n}\n<\/style>\n<div  class='flex_column av-18iu1i-dc233d6fc990ff0fc1c7081203ee87fc av_one_full  avia-builder-el-1  avia-builder-el-no-sibling  caption-pral first flex_column_div av-zero-column-padding  '     ><p>\n<style type=\"text\/css\" data-created_by=\"avia_inline_auto\" id=\"style-css-av-10piq6-d30628e36717e1dc0a3bb9b08b90c2b3\">\n#top .av-special-heading.av-10piq6-d30628e36717e1dc0a3bb9b08b90c2b3{\npadding-bottom:0;\ncolor:#ffffff;\n}\nbody .av-special-heading.av-10piq6-d30628e36717e1dc0a3bb9b08b90c2b3 .av-special-heading-tag .heading-char{\nfont-size:25px;\n}\n.av-special-heading.av-10piq6-d30628e36717e1dc0a3bb9b08b90c2b3 .special-heading-inner-border{\nborder-color:#ffffff;\n}\n.av-special-heading.av-10piq6-d30628e36717e1dc0a3bb9b08b90c2b3 .av-subheading{\nfont-size:15px;\n}\n<\/style>\n<div  class='av-special-heading av-10piq6-d30628e36717e1dc0a3bb9b08b90c2b3 av-special-heading-h1 custom-color-heading blockquote modern-quote modern-centered  avia-builder-el-2  el_before_av_hr  avia-builder-el-first '><h1 class='av-special-heading-tag'  itemprop=\"headline\"  >Pol\u00edtica de Calidad<\/h1><div class=\"special-heading-border\"><div class=\"special-heading-inner-border\"><\/div><\/div><\/div><br \/>\n<div  class='hr av-xr60u-3989eff15081f9e478fd54654110bcbf hr-full  avia-builder-el-3  el_after_av_heading  avia-builder-el-last  hr-shadow'><span class='hr-inner '><span class=\"hr-inner-style\"><\/span><\/span><\/div><\/p><\/div>\n\n<\/div><\/div><\/main><!-- close content main element --><\/div><\/div><div id='av-layout-grid-1'  class='av-layout-grid-container av-sigta-81a53ba65545098f1fe6b82842c012b7 entry-content-wrapper main_color av-border-top-bottom av-flex-cells  avia-builder-el-4  el_after_av_section  el_before_av_section  grid-row-not-first  container_wrap fullsize'  >\n\n<style type=\"text\/css\" data-created_by=\"avia_inline_auto\" id=\"style-css-av-m5ata-a0689a59fe00436886cde13c96a3a9cc\">\n.flex_cell.av-m5ata-a0689a59fe00436886cde13c96a3a9cc{\nvertical-align:top;\n}\n.responsive #top #wrap_all .flex_cell.av-m5ata-a0689a59fe00436886cde13c96a3a9cc{\npadding:40px 60px 40px 60px !important;\n}\n<\/style>\n<div class='flex_cell av-m5ata-a0689a59fe00436886cde13c96a3a9cc av-gridrow-cell av_one_full no_margin  avia-builder-el-5  avia-builder-el-no-sibling '  ><div class='flex_cell_inner'><section  class='av_textblock_section av-gdo9y-30969e9b043acedb83f1702ffcd3e859 '   itemscope=\"itemscope\" itemtype=\"https:\/\/schema.org\/CreativeWork\" ><div class='avia_textblock'  itemprop=\"text\" ><p><strong>RESINAS Y COLORES, SA<\/strong>\u00a0es una empresa con vocaci\u00f3n de servicio. Mantiene, desde su creaci\u00f3n, una constante preocupaci\u00f3n por responder a las expectativas de sus clientes. Con este objetivo obtuvo la certificaci\u00f3n en la Norma ISO 9001 en noviembre del 2007 (Global Certification Spain SL, n\u00famero de Registro 015780). Actualmente tiene implantado un sistema de gesti\u00f3n de la calidad adaptado a la versi\u00f3n ISO 9001:2015 (accedan\u00a0<a class=\"m_-6329184177671764700pdf\" href=\"https:\/\/recosa.com\/wp-content\/uploads\/2026\/01\/2028-Certificado.pdf\" target=\"_blank\" rel=\"noopener\" data-saferedirecturl=\"https:\/\/www.google.com\/url?hl=ca&amp;q=http:\/\/recosa.com\/wp-content\/uploads\/2016\/12\/Certificado.pdf&amp;source=gmail&amp;ust=1517041814803000&amp;usg=AFQjCNE-d9bdPY-wKaWHRb1vrrMPfO-Glw\"><strong style=\"color: #2e7386; text-decoration: underline;\">aqu\u00ed<\/strong><\/a>\u00a0a nuestro certificado actualizado).<\/p>\n<p>Gerencia ha definido la estrategia empresarial de\u00a0<strong>RECOSA\u00ae<\/strong>\u00a0dentro del marco de la Calidad Total, como una medida que marca una diferenciaci\u00f3n en su sector para fidelizar a sus clientes y asegurar su satisfacci\u00f3n mediante la mejora continua de la empresa.<\/p>\n<p>Para cumplir con ello, Gerencia ha marcado las siguientes directrices y asume su compromiso:<\/p>\n<ul>\n<li>Establecer acciones para garantizar la mejora continua del sistema de gesti\u00f3n de la calidad con el objetivo de satisfacer los requisitos de nuestros clientes.<\/li>\n<\/ul>\n<ul>\n<li>Cumplir la Legislaci\u00f3n y Normativas de aplicaci\u00f3n dentro de nuestro campo de actuaci\u00f3n.<\/li>\n<\/ul>\n<ul>\n<li>Establecer objetivos de mejora continua de la Calidad de nuestros servicios coherentes con esta pol\u00edtica que sean asumibles por la organizaci\u00f3n y tambi\u00e9n facilitar los recursos necesarios para su cumplimiento.<\/li>\n<\/ul>\n<ul>\n<li>Mejorar los procesos en todas las \u00e1reas de la empresa para obtener un mayor rendimiento de nuestros recursos.<\/li>\n<\/ul>\n<ul>\n<li>Conseguir una mejora medioambiental en nuestros procesos, reduciendo nuestro gasto energ\u00e9tico y material, as\u00ed como nuestros residuos.<\/li>\n<\/ul>\n<ul>\n<li>Exigir a todos los niveles la participaci\u00f3n de todo el personal en mejorar la organizaci\u00f3n y los servicios de nuestra empresa.<\/li>\n<\/ul>\n<\/div><\/section>\n<\/div><\/div><\/div>\n<style type=\"text\/css\" data-created_by=\"avia_inline_auto\" id=\"style-css-av-a0ume-60a8459cf38d5c4e9f8bc4a6c0f2f520\">\n.avia-section.av-a0ume-60a8459cf38d5c4e9f8bc4a6c0f2f520{\nbackground-color:#ffffff;\nbackground-image:unset;\n}\n<\/style>\n<div id='av_section_2'  class='avia-section av-a0ume-60a8459cf38d5c4e9f8bc4a6c0f2f520 main_color avia-section-default avia-no-shadow  avia-builder-el-7  el_after_av_layout_row  avia-builder-el-last  avia-bg-style-scroll container_wrap fullsize'  ><div class='container av-section-cont-open' ><div class='template-page content  av-content-full alpha units'><div class='post-entry post-entry-type-page post-entry-846'><div class='entry-content-wrapper clearfix'>\n\n<style type=\"text\/css\" data-created_by=\"avia_inline_auto\" id=\"style-css-av-lb40uqxy-3238a578043e4c51b48978cdb4d430f7\">\n.avia-image-container.av-lb40uqxy-3238a578043e4c51b48978cdb4d430f7 img.avia_image{\nbox-shadow:none;\n}\n.avia-image-container.av-lb40uqxy-3238a578043e4c51b48978cdb4d430f7 .av-image-caption-overlay-center{\ncolor:#ffffff;\n}\n<\/style>\n<div  class='avia-image-container av-lb40uqxy-3238a578043e4c51b48978cdb4d430f7 av-styling- avia-align-right  avia-builder-el-8  avia-builder-el-no-sibling '   itemprop=\"image\" itemscope=\"itemscope\" itemtype=\"https:\/\/schema.org\/ImageObject\" ><div class=\"avia-image-container-inner\"><div class=\"avia-image-overlay-wrap\"><a href=\"https:\/\/recosa.com\/wp-content\/uploads\/2026\/01\/2028-Certificado.pdf\" class='avia_image' target=\"_blank\" rel=\"noopener noreferrer\" aria-label='certificat'><img decoding=\"async\" fetchpriority=\"high\" class='wp-image-1572 avia-img-lazy-loading-not-1572 avia_image ' src=\"https:\/\/recosa.com\/wp-content\/uploads\/2016\/11\/certificat-1.jpg\" alt='' title='certificat'  height=\"86\" width=\"80\"  itemprop=\"thumbnailUrl\"  \/><\/a><\/div><\/div><\/div>\n<\/p>\n","protected":false},"excerpt":{"rendered":"","protected":false},"author":1,"featured_media":0,"parent":0,"menu_order":0,"comment_status":"closed","ping_status":"closed","template":"","meta":{"footnotes":""},"_links":{"self":[{"href":"https:\/\/recosa.com\/es\/wp-json\/wp\/v2\/pages\/846"}],"collection":[{"href":"https:\/\/recosa.com\/es\/wp-json\/wp\/v2\/pages"}],"about":[{"href":"https:\/\/recosa.com\/es\/wp-json\/wp\/v2\/types\/page"}],"author":[{"embeddable":true,"href":"https:\/\/recosa.com\/es\/wp-json\/wp\/v2\/users\/1"}],"replies":[{"embeddable":true,"href":"https:\/\/recosa.com\/es\/wp-json\/wp\/v2\/comments?post=846"}],"version-history":[{"count":16,"href":"https:\/\/recosa.com\/es\/wp-json\/wp\/v2\/pages\/846\/revisions"}],"predecessor-version":[{"id":1860,"href":"https:\/\/recosa.com\/es\/wp-json\/wp\/v2\/pages\/846\/revisions\/1860"}],"wp:attachment":[{"href":"https:\/\/recosa.com\/es\/wp-json\/wp\/v2\/media?parent=846"}],"curies":[{"name":"wp","href":"https:\/\/api.w.org\/{rel}","templated":true}]}}