{"id":844,"date":"2016-12-01T10:54:51","date_gmt":"2016-12-01T10:54:51","guid":{"rendered":"http:\/\/recosa.com\/mercats\/"},"modified":"2026-01-09T10:30:36","modified_gmt":"2026-01-09T10:30:36","slug":"mercados","status":"publish","type":"page","link":"https:\/\/recosa.com\/es\/mercados\/","title":{"rendered":"Mercados"},"content":{"rendered":"\n<style type=\"text\/css\" data-created_by=\"avia_inline_auto\" id=\"style-css-av-1eehn0-f1114cfa3b38d8d799060bd97b27cf02\">\n.avia-section.av-1eehn0-f1114cfa3b38d8d799060bd97b27cf02{\nbackground-repeat:no-repeat;\nbackground-image:url(https:\/\/recosa.com\/wp-content\/uploads\/2016\/12\/19-01-MERCATS-scrolling-banner-superior-Perfumeria.jpg);\nbackground-position:50% 50%;\nbackground-attachment:scroll;\n}\n<\/style>\n<div id='av_section_1'  class='avia-section av-1eehn0-f1114cfa3b38d8d799060bd97b27cf02 main_color avia-section-no-padding avia-no-border-styling  avia-builder-el-0  el_before_av_layout_row  avia-builder-el-first  slider-pral avia-bg-style-scroll av-minimum-height av-minimum-height-custom av-height-custom  container_wrap fullsize'  data-section-bg-repeat='no-repeat' data-av_minimum_height_px='475'><div class='container av-section-cont-open' style='height:475px'><main  role=\"main\" itemprop=\"mainContentOfPage\"  class='template-page content  av-content-full alpha units'><div class='post-entry post-entry-type-page post-entry-844'><div class='entry-content-wrapper clearfix'>\n\n<style type=\"text\/css\" data-created_by=\"avia_inline_auto\" id=\"style-css-av-1aak0s-e9135c7180ffbd126a4726d0c1abc486\">\n.flex_column.av-1aak0s-e9135c7180ffbd126a4726d0c1abc486{\nborder-radius:0px 0px 0px 0px;\npadding:0px 0px 0px 0px;\nbackground-color:#bfac27;\n}\n<\/style>\n<div  class='flex_column av-1aak0s-e9135c7180ffbd126a4726d0c1abc486 av_one_full  avia-builder-el-1  avia-builder-el-no-sibling  caption-pral first flex_column_div av-zero-column-padding  '     ><p>\n<style type=\"text\/css\" data-created_by=\"avia_inline_auto\" id=\"style-css-av-10hsy4-28dcb13e3241716b139f98d39bdb626a\">\n#top .av-special-heading.av-10hsy4-28dcb13e3241716b139f98d39bdb626a{\npadding-bottom:0;\ncolor:#ffffff;\n}\nbody .av-special-heading.av-10hsy4-28dcb13e3241716b139f98d39bdb626a .av-special-heading-tag .heading-char{\nfont-size:25px;\n}\n.av-special-heading.av-10hsy4-28dcb13e3241716b139f98d39bdb626a .special-heading-inner-border{\nborder-color:#ffffff;\n}\n.av-special-heading.av-10hsy4-28dcb13e3241716b139f98d39bdb626a .av-subheading{\nfont-size:15px;\n}\n<\/style>\n<div  class='av-special-heading av-10hsy4-28dcb13e3241716b139f98d39bdb626a av-special-heading-h1 custom-color-heading blockquote modern-quote modern-centered  avia-builder-el-2  el_before_av_hr  avia-builder-el-first '><h1 class='av-special-heading-tag'  itemprop=\"headline\"  >Mercados<\/h1><div class=\"special-heading-border\"><div class=\"special-heading-inner-border\"><\/div><\/div><\/div><br \/>\n<div  class='hr av-z51jo-992528e297d529e57fe6bec7bfd3ae07 hr-full  avia-builder-el-3  el_after_av_heading  avia-builder-el-last  hr-shadow'><span class='hr-inner '><span class=\"hr-inner-style\"><\/span><\/span><\/div><\/p><\/div>\n\n<\/div><\/div><\/main><!-- close content main element --><\/div><\/div><div id='av-layout-grid-1'  class='av-layout-grid-container av-tkx2k-9a8f85ca92d01a5aa378112852af9cf7 entry-content-wrapper main_color av-border-top-bottom av-flex-cells  avia-builder-el-4  el_after_av_section  el_before_av_section  grid-row-not-first  container_wrap fullsize'  >\n\n<style type=\"text\/css\" data-created_by=\"avia_inline_auto\" id=\"style-css-av-nhpv8-eea918997bb305483f4db80200cc67b8\">\n.flex_cell.av-nhpv8-eea918997bb305483f4db80200cc67b8{\nvertical-align:top;\n}\n.responsive #top #wrap_all .flex_cell.av-nhpv8-eea918997bb305483f4db80200cc67b8{\npadding:40px 60px 40px 60px !important;\n}\n<\/style>\n<div class='flex_cell av-nhpv8-eea918997bb305483f4db80200cc67b8 av-gridrow-cell av_one_full no_margin  avia-builder-el-5  avia-builder-el-no-sibling '  ><div class='flex_cell_inner'><section  class='av_textblock_section av-cz83g-13b74383b3bcdd6947f29dd694d1fae8 '   itemscope=\"itemscope\" itemtype=\"https:\/\/schema.org\/CreativeWork\" ><div class='avia_textblock'  itemprop=\"text\" ><p>El departamento de I+D de <strong>RECOSA<sup>\u00ae<\/sup><\/strong> se mantiene al d\u00eda de las \u00faltimas novedades para poder marcar tendencia en los diferentes mercados de aplicaci\u00f3n de nuestros productos, tanto en cuanto al cumplimiento de normativas requeridas (contacto alimentario, juguetes, REACH, RoHS,&#8230;) como a la incorporaci\u00f3n de nuevos pigmentos y materiales. Tambi\u00e9n contamos con un servicio de asistencia t\u00e9cnica para dar soluciones r\u00e1pidas a las consultas y problemas de nuestros clientes.<\/p>\n<p>Nuestra estructura \u00e1gil y flexible nos permite tener una gran versatilidad, pudiendo hacer desde grandes vol\u00famenes a cantidades peque\u00f1as. Esto, junto con unos plazos de entrega cortos, facilitan que nuestros clientes puedan ofrecer productos exclusivos con valor a\u00f1adido a un coste reducido.<\/p>\n<p>Todos estos factores nos hacen estar muy presentes en mercados tan exigentes como la perfumer\u00eda y cosm\u00e9tica, el embalaje alimentario, la automoci\u00f3n, el sector de los juguetes y el de la pieza industrial.<\/p>\n<\/div><\/section>\n<\/div><\/div>\n<\/div>\n\n<style type=\"text\/css\" data-created_by=\"avia_inline_auto\" id=\"style-css-av-akszg-5c5f6818820bd52b5955058ae02e8c8c\">\n.avia-section.av-akszg-5c5f6818820bd52b5955058ae02e8c8c{\nbackground-color:#ffffff;\nbackground-image:unset;\n}\n<\/style>\n<div id='av_section_2'  class='avia-section av-akszg-5c5f6818820bd52b5955058ae02e8c8c main_color avia-section-default avia-no-shadow  avia-builder-el-7  el_after_av_layout_row  avia-builder-el-last  avia-bg-style-scroll container_wrap fullsize'  ><div class='container av-section-cont-open' ><div class='template-page content  av-content-full alpha units'><div class='post-entry post-entry-type-page post-entry-844'><div class='entry-content-wrapper clearfix'>\n\n<style type=\"text\/css\" data-created_by=\"avia_inline_auto\" id=\"style-css-av-lb40uf7z-ca8c4f6d05486e2ba588afc261cffc80\">\n.avia-image-container.av-lb40uf7z-ca8c4f6d05486e2ba588afc261cffc80 img.avia_image{\nbox-shadow:none;\n}\n.avia-image-container.av-lb40uf7z-ca8c4f6d05486e2ba588afc261cffc80 .av-image-caption-overlay-center{\ncolor:#ffffff;\n}\n<\/style>\n<div  class='avia-image-container av-lb40uf7z-ca8c4f6d05486e2ba588afc261cffc80 av-styling- avia-align-right  avia-builder-el-8  avia-builder-el-no-sibling '   itemprop=\"image\" itemscope=\"itemscope\" itemtype=\"https:\/\/schema.org\/ImageObject\" ><div class=\"avia-image-container-inner\"><div class=\"avia-image-overlay-wrap\"><a href=\"https:\/\/recosa.com\/wp-content\/uploads\/2026\/01\/2028-Certificado.pdf\" class='avia_image' target=\"_blank\" rel=\"noopener noreferrer\" aria-label='certificat'><img decoding=\"async\" fetchpriority=\"high\" class='wp-image-1572 avia-img-lazy-loading-not-1572 avia_image ' src=\"https:\/\/recosa.com\/wp-content\/uploads\/2016\/11\/certificat-1.jpg\" alt='' title='certificat'  height=\"86\" width=\"80\"  itemprop=\"thumbnailUrl\"  \/><\/a><\/div><\/div><\/div>\n\n","protected":false},"excerpt":{"rendered":"","protected":false},"author":1,"featured_media":0,"parent":0,"menu_order":0,"comment_status":"closed","ping_status":"closed","template":"","meta":{"footnotes":""},"_links":{"self":[{"href":"https:\/\/recosa.com\/es\/wp-json\/wp\/v2\/pages\/844"}],"collection":[{"href":"https:\/\/recosa.com\/es\/wp-json\/wp\/v2\/pages"}],"about":[{"href":"https:\/\/recosa.com\/es\/wp-json\/wp\/v2\/types\/page"}],"author":[{"embeddable":true,"href":"https:\/\/recosa.com\/es\/wp-json\/wp\/v2\/users\/1"}],"replies":[{"embeddable":true,"href":"https:\/\/recosa.com\/es\/wp-json\/wp\/v2\/comments?post=844"}],"version-history":[{"count":6,"href":"https:\/\/recosa.com\/es\/wp-json\/wp\/v2\/pages\/844\/revisions"}],"predecessor-version":[{"id":1823,"href":"https:\/\/recosa.com\/es\/wp-json\/wp\/v2\/pages\/844\/revisions\/1823"}],"wp:attachment":[{"href":"https:\/\/recosa.com\/es\/wp-json\/wp\/v2\/media?parent=844"}],"curies":[{"name":"wp","href":"https:\/\/api.w.org\/{rel}","templated":true}]}}