{"id":842,"date":"2014-09-26T17:23:42","date_gmt":"2014-09-26T17:23:42","guid":{"rendered":"http:\/\/recosa.com\/contacte\/"},"modified":"2026-03-23T12:53:18","modified_gmt":"2026-03-23T12:53:18","slug":"contacto","status":"publish","type":"page","link":"https:\/\/recosa.com\/es\/contacto\/","title":{"rendered":"Contacto"},"content":{"rendered":"<div  class='av_gmaps_sc_main_wrap av_gmaps_main_wrap '><div id='av_gmap_0' class='avia-google-map-container avia-google-map-sc av_gmaps_show_unconditionally av-no-fallback-img ' data-mapid='av_gmap_0'  style='height: 393px;'><a class=\"av_gmaps_browser_disabled av_text_confirm_link av_text_confirm_link_visible\" href=\"https:\/\/www.google.com\/maps\/search\/?api=1&#038;query=Av.%20de%20la%20Riera,%2010%20%20Sant%20Just%20Desvern%20%20Spain\" target=\"_blank\" rel=\"noopener\">Maps were disabled by the visitor on this site. Click to open the map in a new window.<\/a><\/div><\/div>\n\n<style type=\"text\/css\" data-created_by=\"avia_inline_auto\" id=\"style-css-av-2yevwy-3d4ef5034f412ebff9ce66a2c24a02c4\">\n.avia-section.av-2yevwy-3d4ef5034f412ebff9ce66a2c24a02c4{\nbackground-color:#2e7386;\nbackground-image:unset;\n}\n<\/style>\n<div id='barra'  class='avia-section av-2yevwy-3d4ef5034f412ebff9ce66a2c24a02c4 main_color avia-section-small avia-no-border-styling  avia-builder-el-1  el_after_av_google_map  el_before_av_layout_row  avia-bg-style-scroll container_wrap fullsize'  ><div class='container av-section-cont-open' ><div class='template-page content  av-content-full alpha units'><div class='post-entry post-entry-type-page post-entry-842'><div class='entry-content-wrapper clearfix'>\n\n<style type=\"text\/css\" data-created_by=\"avia_inline_auto\" id=\"style-css-av-2pyzbu-6e7ae86c649ac79a67939d62a25fb20c\">\n#top .av-special-heading.av-2pyzbu-6e7ae86c649ac79a67939d62a25fb20c{\npadding-bottom:0;\ncolor:#ffffff;\n}\nbody .av-special-heading.av-2pyzbu-6e7ae86c649ac79a67939d62a25fb20c .av-special-heading-tag .heading-char{\nfont-size:25px;\n}\n.av-special-heading.av-2pyzbu-6e7ae86c649ac79a67939d62a25fb20c .special-heading-inner-border{\nborder-color:#ffffff;\n}\n.av-special-heading.av-2pyzbu-6e7ae86c649ac79a67939d62a25fb20c .av-subheading{\nfont-size:15px;\n}\n<\/style>\n<div  class='av-special-heading av-2pyzbu-6e7ae86c649ac79a67939d62a25fb20c av-special-heading-h1 custom-color-heading blockquote modern-quote modern-centered  avia-builder-el-2  el_before_av_hr  avia-builder-el-first '><h1 class='av-special-heading-tag'  itemprop=\"headline\"  >CONTACTO<\/h1><div class=\"special-heading-border\"><div class=\"special-heading-inner-border\"><\/div><\/div><\/div>\n<div  class='hr av-2jbjqa-f3f1aca060179bdad5350baf7276a11c hr-full  avia-builder-el-3  el_after_av_heading  avia-builder-el-last  hr-shadow'><span class='hr-inner '><span class=\"hr-inner-style\"><\/span><\/span><\/div>\n\n<\/div><\/div><\/div><!-- close content main div --><\/div><\/div><div id='av-layout-grid-1'  class='av-layout-grid-container av-2cm902-f2ac34168a28c1b8afb603f7b6dc8e1f entry-content-wrapper main_color av-flex-cells  avia-builder-el-4  el_after_av_section  el_before_av_section  grid-row-not-first  container_wrap fullsize'  >\n\n<style type=\"text\/css\" data-created_by=\"avia_inline_auto\" id=\"style-css-av-29ctdm-630edae5f66a8f98f03e80b875067bdc\">\n.flex_cell.av-29ctdm-630edae5f66a8f98f03e80b875067bdc{\nvertical-align:top;\n}\n.responsive #top #wrap_all .flex_cell.av-29ctdm-630edae5f66a8f98f03e80b875067bdc{\npadding:30px 30px 30px 30px !important;\n}\n<\/style>\n<div class='flex_cell av-29ctdm-630edae5f66a8f98f03e80b875067bdc av-gridrow-cell av_two_third no_margin  avia-builder-el-5  el_before_av_cell_one_third  avia-builder-el-first '  ><div class='flex_cell_inner'><p>\n<style type=\"text\/css\" data-created_by=\"avia_inline_auto\" id=\"style-css-av-22lz3e-f29637836e1c83be3021658406050a58\">\n#top .av-special-heading.av-22lz3e-f29637836e1c83be3021658406050a58{\npadding-bottom:10px;\n}\nbody .av-special-heading.av-22lz3e-f29637836e1c83be3021658406050a58 .av-special-heading-tag .heading-char{\nfont-size:25px;\n}\n.av-special-heading.av-22lz3e-f29637836e1c83be3021658406050a58 .av-subheading{\nfont-size:15px;\n}\n<\/style>\n<div  class='av-special-heading av-22lz3e-f29637836e1c83be3021658406050a58 av-special-heading-h3 blockquote modern-quote  avia-builder-el-6  el_before_av_contact  avia-builder-el-first '><h3 class='av-special-heading-tag'  itemprop=\"headline\"  >Contactar<\/h3><div class=\"special-heading-border\"><div class=\"special-heading-inner-border\"><\/div><\/div><\/div><br \/>\n<form action=\"https:\/\/recosa.com\/es\/contacto\/\" method=\"post\" data-fields-with-error=\"Found errors in the following field(s):\" class=\"avia_ajax_form av-form-labels-visible   avia-builder-el-7  el_after_av_heading  avia-builder-el-last   \" data-avia-form-id=\"1\" data-avia-redirect='' ><fieldset><p class='  first_form  form_element form_element_half' id='element_avia_1_1'><label for=\"avia_1_1\">Nombre y apellidos <abbr class=\"required\" title=\"requerido\">*<\/abbr><\/label> <input name=\"avia_1_1\" class=\"text_input is_empty\" type=\"text\" id=\"avia_1_1\" value=\"\" \/><\/p><p class='  form_element form_element_half' id='element_avia_2_1'><label for=\"avia_2_1\">Empresa <abbr class=\"required\" title=\"requerido\">*<\/abbr><\/label> <input name=\"avia_2_1\" class=\"text_input is_empty\" type=\"text\" id=\"avia_2_1\" value=\"\" \/><\/p><p class='  first_form  form_element form_element_half' id='element_avia_3_1'><label for=\"avia_3_1\">E-Mail <abbr class=\"required\" title=\"requerido\">*<\/abbr><\/label> <input name=\"avia_3_1\" class=\"text_input is_email\" type=\"text\" id=\"avia_3_1\" value=\"\" \/><\/p><p class='  form_element form_element_half' id='element_avia_4_1'><label for=\"avia_4_1\">Departamento al que se quiere dirigir<\/label><select  name=\"avia_4_1\" class=\"select \" id=\"avia_4_1\"><option   value='Comercial'>Comercial<\/option><option   value='Administraci\u00f3n'>Administraci\u00f3n<\/option><option   value='Dise\u00f1o'>Dise\u00f1o<\/option><option   value='Calidad'>Calidad<\/option><\/select><\/p><p class='  first_form  form_element form_fullwidth' id='element_avia_5_1'><label for=\"avia_5_1\" class=\"textare_label hidden textare_label_avia_5_1\">Mensaje <abbr class=\"required\" title=\"requerido\">*<\/abbr><\/label><textarea  name=\"avia_5_1\" class=\"text_area is_empty\" cols=\"40\" rows=\"7\" id=\"avia_5_1\" ><\/textarea><\/p><p class='  first_form  form_element form_fullwidth' id='element_avia_6_1'><input  name=\"avia_6_1\" class=\"input_checkbox is_empty\" type=\"checkbox\" id=\"avia_6_1\" value=\"true\"\/><label class=\"input_checkbox_label\" for=\"avia_6_1\">Acepto la <a href=\"http:\/\/recosa.com\/es\/politica-de-privacidad\/\" target=\"_blank\" rel=\"noopener\">Pol\u00edtica de Privacidad<\/a> <abbr class=\"required\" title=\"requerido\">*<\/abbr><\/label><\/p><div id='avia_7_1' class='av-form-text'><\/p>\n<div style=\"padding: 10px; font-size: 11px; background-color: #f7f7f7; border: 1px solid #e6e6e6; display: inline-block;\">\n<p style=\"text-align: left; margin: 0px 0px 5px;\">De conformidad con lo establecido en la normativa vigente en Protecci\u00f3n de Datos de Car\u00e1cter Personal, le informamos que sus datos ser\u00e1n incorporados al sistema de tratamiento titularidad de RESINAS Y COLORES SA con CIF A08190894 y domicilio social sito en AVDA DE LA RIERA,10 08960, SANT JUST DESVERN (BARCELONA), con la finalidad de atender sus consultas y remitirle informaci\u00f3n relacionada que pueda ser de su inter\u00e9s. En cumplimiento con la normativa vigente, RESINAS Y COLORES SA informa que los datos ser\u00e1n conservados durante el plazo estrictamente necesario para cumplir con los preceptos mencionados con anterioridad.<\/p>\n<p style=\"text-align: left; margin: 0px 0px 5px;\">Mientras no nos comunique lo contrario, entenderemos que sus datos no han sido modificados, que usted se compromete a notificarnos cualquier variaci\u00f3n y que tenemos su consentimiento para utilizarlos para las finalidades mencionadas.<\/p>\n<p style=\"text-align: left; margin: 0px 0px 5px;\">RESINAS Y COLORES SA informa que proceder\u00e1 a tratar los datos de manera l\u00edcita, leal, transparente, adecuada, pertinente, limitada, exacta y actualizada. Es por ello que RESINAS Y COLORES SA se compromete a adoptar todas las medidas razonables para que estos se supriman o rectifiquen sin dilaci\u00f3n cuando sean inexactos.<\/p>\n<p style=\"text-align: left; margin: 0px 0px 5px;\">De acuerdo con los derechos que le confiere la normativa vigente en protecci\u00f3n de datos podr\u00e1 ejercer los derechos de acceso, rectificaci\u00f3n, limitaci\u00f3n de tratamiento, supresi\u00f3n, portabilidad y oposici\u00f3n al tratamiento de sus datos de car\u00e1cter personal as\u00ed como del consentimiento prestado para el tratamiento de los mismos, dirigiendo su petici\u00f3n a la direcci\u00f3n postal indicada m\u00e1s arriba o al correo electr\u00f3nico <a href=\"mailto:recosa@recosa.com\">recosa@recosa.com<\/a>.<\/p>\n<p style=\"text-align: left; margin: 0px 0px 5px;\">Podr\u00e1 dirigirse a la Autoridad de Control competente para presentar la reclamaci\u00f3n que considere oportuna.<\/p>\n<p style=\"text-align: left; margin: 0px 0px 5px;\">Con env\u00edo del formulario de recogida de datos usted acepta la pol\u00edtica de privacidad de RESINAS Y COLORES SA.<\/p>\n<\/div>\n<p>\n<\/div><p class=\"hidden\"><input type=\"text\" name=\"avia_8_1\" class=\"hidden \" id=\"avia_8_1\" value=\"\" \/><\/p><div id='avia_9_1' class='av-recaptcha-area  first_form  form_element form_fullwidth '  data-container_class=\"\" data-custom_class=\"\" data-context=\"av_contact_form\" data-token_input=\"av_recaptcha_token\" data-version=\"avia_recaptcha_v2\" data-theme=\"light\" data-size=\"normal\" data-score=\"0.5\" data-text_to_preview=\"\" data-value=\"\"><div class=\"av-google-badge-message hidden\">This site is protected by reCAPTCHA and the Google <a href=\"https:\/\/policies.google.com\/privacy\">Privacy Policy<\/a> and <a href=\"https:\/\/policies.google.com\/terms\">Terms of Service<\/a> apply.<\/div><\/div><p class=\"form_element \"><input type=\"hidden\" value=\"1\" name=\"avia_generated_form1\" \/><input type=\"submit\" value=\"Enviar\" class=\"button\"  data-sending-label=\"Enviando\"\/><\/p><\/fieldset><div class=\"avia-disabled-form\">This contact form is deactivated because you refused to accept Google reCaptcha service which is necessary to validate any messages sent by the form.<\/div><\/form><div id=\"ajaxresponse_1\" class=\"ajaxresponse ajaxresponse_1 hidden\"><\/div><\/p>\n<\/div><\/div>\n<style type=\"text\/css\" data-created_by=\"avia_inline_auto\" id=\"style-css-av-seb4a-6e38bf36d53a07088a3285716f4ba6dd\">\n.flex_cell.av-seb4a-6e38bf36d53a07088a3285716f4ba6dd{\nvertical-align:top;\n}\n.responsive #top #wrap_all .flex_cell.av-seb4a-6e38bf36d53a07088a3285716f4ba6dd{\npadding:30px 30px 30px 30px !important;\n}\n<\/style>\n<div class='flex_cell av-seb4a-6e38bf36d53a07088a3285716f4ba6dd av-gridrow-cell av_one_third no_margin  avia-builder-el-8  el_after_av_cell_two_third  avia-builder-el-last '  ><div class='flex_cell_inner'><section  class='av_textblock_section av-lj3fe-ab48c6f2c20e73131c3548cf80e857ac '   itemscope=\"itemscope\" itemtype=\"https:\/\/schema.org\/CreativeWork\" ><div class='avia_textblock'  itemprop=\"text\" ><p><strong>Direcci\u00f3n<\/strong><br \/>\nAv. de la Riera, 10<br \/>\n08960 Sant Just Desvern<br \/>\nBarcelona<br \/>\n<strong>Tel\u00e9fono:<\/strong> 93 371 19 13<br \/>\n<strong>Fax:<\/strong> 93 473 20 29<br \/>\n<strong>Mail:<\/strong> info@recosa.com<br \/>\n<a class=\"whatsapp-contacte\" title=\"Whatsapp\" href=\"https:\/\/wa.me\/34681183186\" target=\"_blank\" rel=\"noopener noreferrer\">681 183 186<\/a><\/p>\n<\/div><\/section>\n<\/div><\/div><\/div>\n<style type=\"text\/css\" data-created_by=\"avia_inline_auto\" id=\"style-css-av-gbhki-d81373df6b685bea1bda7958dc3bc44a\">\n.avia-section.av-gbhki-d81373df6b685bea1bda7958dc3bc44a{\nbackground-color:#ffffff;\nbackground-image:unset;\n}\n<\/style>\n<div id='av_section_2'  class='avia-section av-gbhki-d81373df6b685bea1bda7958dc3bc44a main_color avia-section-default avia-no-shadow  avia-builder-el-10  el_after_av_layout_row  avia-builder-el-last  avia-bg-style-scroll container_wrap fullsize'  ><div class='container av-section-cont-open' ><div class='template-page content  av-content-full alpha units'><div class='post-entry post-entry-type-page post-entry-842'><div class='entry-content-wrapper clearfix'>\n\n<style type=\"text\/css\" data-created_by=\"avia_inline_auto\" id=\"style-css-av-a87a2-ea67b66ce5b60977446f86f9010612fe\">\n.avia-image-container.av-a87a2-ea67b66ce5b60977446f86f9010612fe img.avia_image{\nbox-shadow:none;\n}\n.avia-image-container.av-a87a2-ea67b66ce5b60977446f86f9010612fe .av-image-caption-overlay-center{\ncolor:#ffffff;\n}\n<\/style>\n<div  class='avia-image-container av-a87a2-ea67b66ce5b60977446f86f9010612fe av-styling- avia-align-right  avia-builder-el-11  avia-builder-el-no-sibling '   itemprop=\"image\" itemscope=\"itemscope\" itemtype=\"https:\/\/schema.org\/ImageObject\" ><div class=\"avia-image-container-inner\"><div class=\"avia-image-overlay-wrap\"><a href=\"https:\/\/recosa.com\/wp-content\/uploads\/2026\/01\/2028-Certificado.pdf\" class='avia_image' target=\"_blank\" rel=\"noopener noreferrer\" aria-label='certificat'><img decoding=\"async\" fetchpriority=\"high\" class='wp-image-1572 avia-img-lazy-loading-not-1572 avia_image ' src=\"https:\/\/recosa.com\/wp-content\/uploads\/2016\/11\/certificat-1.jpg\" alt='' title='certificat'  height=\"86\" width=\"80\"  itemprop=\"thumbnailUrl\"  \/><\/a><\/div><\/div><\/div>\n<\/p>\n","protected":false},"excerpt":{"rendered":"","protected":false},"author":1,"featured_media":0,"parent":0,"menu_order":0,"comment_status":"open","ping_status":"open","template":"","meta":{"footnotes":""},"_links":{"self":[{"href":"https:\/\/recosa.com\/es\/wp-json\/wp\/v2\/pages\/842"}],"collection":[{"href":"https:\/\/recosa.com\/es\/wp-json\/wp\/v2\/pages"}],"about":[{"href":"https:\/\/recosa.com\/es\/wp-json\/wp\/v2\/types\/page"}],"author":[{"embeddable":true,"href":"https:\/\/recosa.com\/es\/wp-json\/wp\/v2\/users\/1"}],"replies":[{"embeddable":true,"href":"https:\/\/recosa.com\/es\/wp-json\/wp\/v2\/comments?post=842"}],"version-history":[{"count":20,"href":"https:\/\/recosa.com\/es\/wp-json\/wp\/v2\/pages\/842\/revisions"}],"predecessor-version":[{"id":1871,"href":"https:\/\/recosa.com\/es\/wp-json\/wp\/v2\/pages\/842\/revisions\/1871"}],"wp:attachment":[{"href":"https:\/\/recosa.com\/es\/wp-json\/wp\/v2\/media?parent=842"}],"curies":[{"name":"wp","href":"https:\/\/api.w.org\/{rel}","templated":true}]}}