{"id":1042,"date":"2016-12-18T22:43:27","date_gmt":"2016-12-18T22:43:27","guid":{"rendered":"http:\/\/recosa.com\/politica-de-cookies\/"},"modified":"2026-01-09T10:30:46","modified_gmt":"2026-01-09T10:30:46","slug":"politica-de-cookies","status":"publish","type":"page","link":"https:\/\/recosa.com\/es\/politica-de-cookies\/","title":{"rendered":"Pol\u00edtica de Cookies"},"content":{"rendered":"\n<style type=\"text\/css\" data-created_by=\"avia_inline_auto\" id=\"style-css-av-gajujx-c69c71fb33a04f8ecca0658a787557a4\">\n.avia-section.av-gajujx-c69c71fb33a04f8ecca0658a787557a4{\nbackground-repeat:no-repeat;\nbackground-image:url(https:\/\/recosa.com\/wp-content\/uploads\/2016\/12\/POLITICA-DE-PRIVACITAT-banner-superior.jpg);\nbackground-position:50% 50%;\nbackground-attachment:scroll;\n}\n<\/style>\n<div id='av_section_1'  class='avia-section av-gajujx-c69c71fb33a04f8ecca0658a787557a4 main_color avia-section-no-padding avia-no-border-styling  avia-builder-el-0  el_before_av_layout_row  avia-builder-el-first  slider-pral avia-bg-style-scroll av-minimum-height av-minimum-height-custom av-height-custom  container_wrap fullsize'  data-section-bg-repeat='no-repeat' data-av_minimum_height_px='475'><div class='container av-section-cont-open' style='height:475px'><main  role=\"main\" itemprop=\"mainContentOfPage\"  class='template-page content  av-content-full alpha units'><div class='post-entry post-entry-type-page post-entry-1042'><div class='entry-content-wrapper clearfix'>\n\n<style type=\"text\/css\" data-created_by=\"avia_inline_auto\" id=\"style-css-av-e2irf1-3de5fec75862ad343885189e071b083d\">\n.flex_column.av-e2irf1-3de5fec75862ad343885189e071b083d{\nborder-radius:0px 0px 0px 0px;\npadding:0px 0px 0px 0px;\nbackground-color:#bfac27;\n}\n<\/style>\n<div  class='flex_column av-e2irf1-3de5fec75862ad343885189e071b083d av_one_full  avia-builder-el-1  avia-builder-el-no-sibling  caption-pral first flex_column_div av-zero-column-padding  '     ><p>\n<style type=\"text\/css\" data-created_by=\"avia_inline_auto\" id=\"style-css-av-cs5qjh-20144974bec13e5a16586260e9e270d3\">\n#top .av-special-heading.av-cs5qjh-20144974bec13e5a16586260e9e270d3{\npadding-bottom:0;\ncolor:#ffffff;\n}\nbody .av-special-heading.av-cs5qjh-20144974bec13e5a16586260e9e270d3 .av-special-heading-tag .heading-char{\nfont-size:25px;\n}\n.av-special-heading.av-cs5qjh-20144974bec13e5a16586260e9e270d3 .special-heading-inner-border{\nborder-color:#ffffff;\n}\n.av-special-heading.av-cs5qjh-20144974bec13e5a16586260e9e270d3 .av-subheading{\nfont-size:15px;\n}\n<\/style>\n<div  class='av-special-heading av-cs5qjh-20144974bec13e5a16586260e9e270d3 av-special-heading-h1 custom-color-heading blockquote modern-quote modern-centered  avia-builder-el-2  el_before_av_hr  avia-builder-el-first '><h1 class='av-special-heading-tag'  itemprop=\"headline\"  >Pol\u00edtica de Cookies<\/h1><div class=\"special-heading-border\"><div class=\"special-heading-inner-border\"><\/div><\/div><\/div><br \/>\n<div  class='hr av-acxy4t-b569796f74c2f87de588ab9ee99afd2c hr-full  avia-builder-el-3  el_after_av_heading  avia-builder-el-last  hr-shadow'><span class='hr-inner '><span class=\"hr-inner-style\"><\/span><\/span><\/div><\/p><\/div>\n\n<\/div><\/div><\/main><!-- close content main element --><\/div><\/div><div id='av-layout-grid-1'  class='av-layout-grid-container av-8v4d1p-cf077799e0caaa639144e1a1560f0f18 entry-content-wrapper main_color av-border-top-bottom av-flex-cells  avia-builder-el-4  el_after_av_section  el_before_av_section  grid-row-not-first  container_wrap fullsize'  >\n\n<style type=\"text\/css\" data-created_by=\"avia_inline_auto\" id=\"style-css-av-75qcv1-ea4eb1ba36f3c3c5b7a4666a22b1a2aa\">\n.flex_cell.av-75qcv1-ea4eb1ba36f3c3c5b7a4666a22b1a2aa{\nvertical-align:top;\n}\n.responsive #top #wrap_all .flex_cell.av-75qcv1-ea4eb1ba36f3c3c5b7a4666a22b1a2aa{\npadding:40px 60px 40px 60px !important;\n}\n<\/style>\n<div class='flex_cell av-75qcv1-ea4eb1ba36f3c3c5b7a4666a22b1a2aa av-gridrow-cell av_one_full no_margin  avia-builder-el-5  avia-builder-el-no-sibling '  ><div class='flex_cell_inner'><section  class='av_textblock_section av-5firv1-a457d3af6e8d8a87ef4ab490b7c82b6d '   itemscope=\"itemscope\" itemtype=\"https:\/\/schema.org\/CreativeWork\" ><div class='avia_textblock'  itemprop=\"text\" ><h3 class=\"p1\">\u00bfQu\u00e9 son las cookies?<\/h3>\n<p>Una cookie es un fichero que se descarga en su ordenador al acceder a determinadas p\u00e1ginas web. Las cookies permiten a una p\u00e1gina web, entre otras cosas, almacenar y recuperar informaci\u00f3n sobre los h\u00e1bitos de navegaci\u00f3n de un usuario o de su equipo y, dependiendo de la informaci\u00f3n que contengan y de la forma en que utilice su equipo, pueden utilizarse para reconocer al usuario.<\/p>\n<p>El navegador del usuario memoriza cookies en el disco duro solamente durante la sesi\u00f3n actual ocupando un espacio de memoria m\u00ednimo y no perjudicando al ordenador. Las cookies no contienen ninguna clase de informaci\u00f3n personal espec\u00edfica, y la mayor\u00eda de las mismas se borran del disco duro al finalizar la sesi\u00f3n de navegador (las denominadas cookies de sesi\u00f3n).<\/p>\n<p>La mayor\u00eda de los navegadores aceptan como est\u00e1ndar a las cookies y, con independencia de las mismas, permiten o impiden en los ajustes de seguridad las cookies temporales o memorizadas.<\/p>\n<p>Seg\u00fan quien sea la entidad que gestione el dominio desde donde se env\u00edan las cookies y trate los datos que se obtengan se pueden distinguir dos tipos: cookies propias y cookies de terceros. Existe tambi\u00e9n una segunda clasificaci\u00f3n seg\u00fan el plazo de tiempo que permanecen almacenadas en el navegador del cliente, pudiendo tratarse de cookies de sesi\u00f3n o cookies persistentes. Por \u00faltimo, existe otra clasificaci\u00f3n con cinco tipos de cookies seg\u00fan la finalidad para la que se traten los datos obtenidos: cookies t\u00e9cnicas, cookies de personalizaci\u00f3n, cookies de an\u00e1lisis, cookies publicitarias y cookies de publicidad comportamental. Para m\u00e1s informaci\u00f3n a este respecto puede consultar la <a href=\"http:\/\/www.interior.gob.es\/documents\/10180\/13073\/Guia_Cookies.pdf\/7c72c988-1e55-42b5-aeee-f7c46a319903\" target=\"_blank\" rel=\"noopener noreferrer\">Gu\u00eda sobre el uso de las cookies de la Agencia Espa\u00f1ola de Protecci\u00f3n de Datos<\/a>.<\/p>\n<\/div><\/section><br \/>\n\n<style type=\"text\/css\" data-created_by=\"avia_inline_auto\" id=\"style-css-av-kzi69bd3-3f51f00b751660354aa4e9b2538de4e9\">\n#top .hr.hr-invisible.av-kzi69bd3-3f51f00b751660354aa4e9b2538de4e9{\nheight:40px;\n}\n<\/style>\n<div  class='hr av-kzi69bd3-3f51f00b751660354aa4e9b2538de4e9 hr-invisible  avia-builder-el-7  el_after_av_textblock  el_before_av_textblock '><span class='hr-inner '><span class=\"hr-inner-style\"><\/span><\/span><\/div><br \/>\n<section  class='av_textblock_section av-kzi67opx-4000121570e926fd824f777e3bbb0eb9 '   itemscope=\"itemscope\" itemtype=\"https:\/\/schema.org\/CreativeWork\" ><div class='avia_textblock'  itemprop=\"text\" ><h3 class=\"p1\">\u00bfQu\u00e9 uso le damos a los diferentes tipos de cookies?<\/h3>\n<p><strong>Seg\u00fan su finalidad:<\/strong><\/p>\n<table class=\"dcf-table dcf-table-responsive dcf-table-bordered dcf-table-striped dcf-w-100%\">\n<tbody>\n<tr>\n<td><strong>Cookies t\u00e9cnicas<\/strong><\/td>\n<td>Las cookies t\u00e9cnicas son aquellas facilitan la navegaci\u00f3n del usuario y la utilizaci\u00f3n de las diferentes opciones o servicios que ofrece la web como identificar la sesi\u00f3n, permitir el acceso a determinadas \u00e1reas, facilitar pedidos, compras, cumplimentaci\u00f3n de formularios, inscripciones, seguridad, facilitar funcionalidades (videos, redes sociales\u2026).<\/td>\n<\/tr>\n<tr>\n<td><strong>Cookies de personalizaci\u00f3n<\/strong><\/td>\n<td>Las cookies de personalizaci\u00f3n permiten al usuario acceder a los servicios seg\u00fan sus preferencias (idioma, navegador, configuraci\u00f3n\u2026).<\/td>\n<\/tr>\n<tr>\n<td><strong>Cookies anal\u00edticas<\/strong><\/td>\n<td>Las cookies de an\u00e1lisis son las utilizadas para llevar a cabo el an\u00e1lisis an\u00f3nimo del comportamiento de los usuarios de la web y que permiten medir la actividad del usuario y elaborar perfiles de navegaci\u00f3n con el fin objetivo de mejorar los sitios web.<\/td>\n<\/tr>\n<tr>\n<td><strong>Cookies publicitarias<\/strong><\/td>\n<td>Las cookies publicitarias permiten la gesti\u00f3n de los espacios publicitarios de la web. Adem\u00e1s, estas cookies pueden ser de publicidad personalizada y permitir as\u00ed la gesti\u00f3n de los espacios publicitarios de la web en base al comportamiento y h\u00e1bitos de navegaci\u00f3n de usuario, de donde se obtiene su perfil y permiten personalizar la publicidad que se muestra en el navegador del usuario u otros perfiles y redes sociales del usuario.<\/td>\n<\/tr>\n<\/tbody>\n<\/table>\n<\/div><\/section><br \/>\n<section  class='av_textblock_section av-kzi6y1e1-8dc390a97c3878802855cf426164ffd7 '   itemscope=\"itemscope\" itemtype=\"https:\/\/schema.org\/CreativeWork\" ><div class='avia_textblock'  itemprop=\"text\" ><p><strong>Seg\u00fan su plazo:<\/strong><\/p>\n<table class=\"dcf-table dcf-table-responsive dcf-table-bordered dcf-table-striped dcf-w-100%\">\n<tbody>\n<tr>\n<td><strong>Cookies de sesi\u00f3n<\/strong><\/td>\n<td>Las cookies de sesi\u00f3n son aquellas que duran el tiempo que el usuario est\u00e1 navegando por la p\u00e1gina Web y se borran al cerrar el navegador.<\/td>\n<\/tr>\n<tr>\n<td><strong>Cookies persistentes<\/strong><\/td>\n<td>Estas cookies quedan almacenadas en el terminal del usuario hasta que son eliminadas manualmente o haya concluido el periodo de duraci\u00f3n establecido para dicha cookie.<\/td>\n<\/tr>\n<\/tbody>\n<\/table>\n<\/div><\/section><br \/>\n<section  class='av_textblock_section av-kzi6yhp4-c771906c9a4931d7bb16e7d5479e4b99 '   itemscope=\"itemscope\" itemtype=\"https:\/\/schema.org\/CreativeWork\" ><div class='avia_textblock'  itemprop=\"text\" ><p><strong>Seg\u00fan su titularidad:<\/strong><\/p>\n<table class=\"dcf-table dcf-table-responsive dcf-table-bordered dcf-table-striped dcf-w-100%\">\n<tbody>\n<tr>\n<td><strong>Cookies propias<\/strong><\/td>\n<td>Aqu\u00e9llas que se env\u00edan al equipo terminal del usuario desde un equipo o dominio gestionado por el propio editor y desde el que se presta el servicio solicitado por el usuario.<\/td>\n<\/tr>\n<tr>\n<td><strong>Cookies de terceros<\/strong><\/td>\n<td>Aqu\u00e9llas que se env\u00edan al equipo terminal del usuario desde un equipo o dominio que no es gestionado por el editor, sino por otra entidad que trata los datos obtenidos trav\u00e9s de las cookies.<\/td>\n<\/tr>\n<\/tbody>\n<\/table>\n<\/div><\/section><br \/>\n\n<style type=\"text\/css\" data-created_by=\"avia_inline_auto\" id=\"style-css-av-kmh71-764eb172e696afd41773479394587515\">\n#top .hr.hr-invisible.av-kmh71-764eb172e696afd41773479394587515{\nheight:40px;\n}\n<\/style>\n<div  class='hr av-kmh71-764eb172e696afd41773479394587515 hr-invisible  avia-builder-el-11  el_after_av_textblock  el_before_av_textblock '><span class='hr-inner '><span class=\"hr-inner-style\"><\/span><\/span><\/div><br \/>\n<section  class='av_textblock_section av-kzi72fzw-7bb0f42c6aa8d1089975130ed0e08d32 '   itemscope=\"itemscope\" itemtype=\"https:\/\/schema.org\/CreativeWork\" ><div class='avia_textblock'  itemprop=\"text\" ><p><strong>La siguiente tabla recoge la clasificaci\u00f3n y descripci\u00f3n de las cookies utilizadas en la presente p\u00e1gina web para que puedas identificarlas en tu navegador:<\/strong><\/p>\n<table class=\"cookielawinfo-row-cat-table cookielawinfo-winter\"><thead><tr><th class=\"cookielawinfo-column-1\">Cookie<\/th><th class=\"cookielawinfo-column-2\">Tipo<\/th><th class=\"cookielawinfo-column-3\">Duraci\u00f3n<\/th><th class=\"cookielawinfo-column-4\">Descripci\u00f3n<\/th><\/tr><\/thead><tbody><tr class=\"cookielawinfo-row\"><td class=\"cookielawinfo-column-1\">_ga<\/td><td class=\"cookielawinfo-column-2\">Terceros<\/td><td class=\"cookielawinfo-column-3\">2 a\u00f1os<\/td><td class=\"cookielawinfo-column-4\">Esta cookie es instalada por Google Analytics. La cookie se utiliza para calcular datos de visitantes, sesiones, camapign y hacer un seguimiento del uso del sitio para el informe de an\u00e1lisis del sitio. Las cookies almacenan informaci\u00f3n de forma an\u00f3nima y asignan un n\u00famero generado aleatoriamente para identificar visitantes \u00fanicos.<\/td><\/tr><tr class=\"cookielawinfo-row\"><td class=\"cookielawinfo-column-1\">_ga_N2HR7GE0GR<\/td><td class=\"cookielawinfo-column-2\">Terceros<\/td><td class=\"cookielawinfo-column-3\">2 a\u00f1os<\/td><td class=\"cookielawinfo-column-4\">Esta cookie es instalada por Google Analytics.<\/td><\/tr><tr class=\"cookielawinfo-row\"><td class=\"cookielawinfo-column-1\">cookielawinfo-checkbox-advertisement<\/td><td class=\"cookielawinfo-column-2\">Propias<\/td><td class=\"cookielawinfo-column-3\">1 a\u00f1o<\/td><td class=\"cookielawinfo-column-4\">Establecida por el complemento de consentimiento de cookies de GDPR, esta cookie se utiliza para registrar el consentimiento del usuario para las cookies en la categor\u00eda \"Publicidad\".<\/td><\/tr><tr class=\"cookielawinfo-row\"><td class=\"cookielawinfo-column-1\">cookielawinfo-checkbox-analytics<\/td><td class=\"cookielawinfo-column-2\">Propias<\/td><td class=\"cookielawinfo-column-3\">1 a\u00f1o<\/td><td class=\"cookielawinfo-column-4\">Establecida por el complemento de consentimiento de cookies de GDPR, esta cookie se utiliza para registrar el consentimiento del usuario para las cookies en la categor\u00eda \"An\u00e1lisis\".<\/td><\/tr><tr class=\"cookielawinfo-row\"><td class=\"cookielawinfo-column-1\">cookielawinfo-checkbox-functional<\/td><td class=\"cookielawinfo-column-2\">Propias<\/td><td class=\"cookielawinfo-column-3\">1 a\u00f1o<\/td><td class=\"cookielawinfo-column-4\">La cookie est\u00e1 configurada por el complemento de consentimiento de cookies de GDPR para registrar el consentimiento del usuario para las cookies en la categor\u00eda \"Funcional\".<\/td><\/tr><tr class=\"cookielawinfo-row\"><td class=\"cookielawinfo-column-1\">cookielawinfo-checkbox-necessary<\/td><td class=\"cookielawinfo-column-2\">Propias<\/td><td class=\"cookielawinfo-column-3\">1 a\u00f1o<\/td><td class=\"cookielawinfo-column-4\">Establecida por el complemento de consentimiento de cookies de GDPR, esta cookie se utiliza para registrar el consentimiento del usuario para las cookies en la categor\u00eda \"Necesarias\".<\/td><\/tr><tr class=\"cookielawinfo-row\"><td class=\"cookielawinfo-column-1\">cookielawinfo-checkbox-others<\/td><td class=\"cookielawinfo-column-2\">Propias<\/td><td class=\"cookielawinfo-column-3\">1 a\u00f1o<\/td><td class=\"cookielawinfo-column-4\">Establecida por el complemento de consentimiento de cookies de GDPR, esta cookie se utiliza para almacenar el consentimiento del usuario para las cookies en la categor\u00eda \"Otros\".<\/td><\/tr><tr class=\"cookielawinfo-row\"><td class=\"cookielawinfo-column-1\">CookieLawInfoConsent<\/td><td class=\"cookielawinfo-column-2\">Propias<\/td><td class=\"cookielawinfo-column-3\">1 a\u00f1o<\/td><td class=\"cookielawinfo-column-4\">Registra el estado del bot\u00f3n predeterminado de la categor\u00eda correspondiente y el estado de CCPA. Funciona solo en coordinaci\u00f3n con la cookie principal.<\/td><\/tr><tr class=\"cookielawinfo-row\"><td class=\"cookielawinfo-column-1\">PHPSESSID<\/td><td class=\"cookielawinfo-column-2\">Propias<\/td><td class=\"cookielawinfo-column-3\">Sesi\u00f3n<\/td><td class=\"cookielawinfo-column-4\">Esta cookie es nativa de las aplicaciones PHP. La cookie se utiliza para almacenar e identificar la ID de sesi\u00f3n \u00fanica de un usuario con el fin de administrar la sesi\u00f3n del usuario en el sitio web. La cookie es una cookie de sesi\u00f3n y se elimina cuando se cierran todas las ventanas del navegador.<\/td><\/tr><\/tbody><\/table>\n<h3 class=\"p1\"><\/h3>\n<\/div><\/section><br \/>\n\n<style type=\"text\/css\" data-created_by=\"avia_inline_auto\" id=\"style-css-av-43ulgd-d660e900d0565a5f97c61c48f7f7cb77\">\n#top .hr.hr-invisible.av-43ulgd-d660e900d0565a5f97c61c48f7f7cb77{\nheight:40px;\n}\n<\/style>\n<div  class='hr av-43ulgd-d660e900d0565a5f97c61c48f7f7cb77 hr-invisible  avia-builder-el-13  el_after_av_textblock  el_before_av_textblock '><span class='hr-inner '><span class=\"hr-inner-style\"><\/span><\/span><\/div><br \/>\n<section  class='av_textblock_section av-kzi73jav-ef5892401e374827fb5ac3d62d762e69 '   itemscope=\"itemscope\" itemtype=\"https:\/\/schema.org\/CreativeWork\" ><div class='avia_textblock'  itemprop=\"text\" ><h3>Aceptaci\u00f3n de la pol\u00edtica de cookies<\/h3>\n<p>El usuario acepta expresamente, por la utilizaci\u00f3n de este Site,\u00a0el tratamiento de la informaci\u00f3n\u00a0recabada en la forma y con los fines anteriormente mencionados. Y asimismo reconoce conocer la posibilidad de rechazar el tratamiento de\u00a0tales datos o informaci\u00f3n\u00a0rechazando el uso de cookies mediante la selecci\u00f3n de la configuraci\u00f3n apropiada a tal fin en su navegador. Si bien esta opci\u00f3n de bloqueo de cookies en su navegador puede no permitirle el uso pleno de todas las funcionalidades del Website.<\/p>\n<p>De este modo, le mostramos informaci\u00f3n sobre la pol\u00edtica de cookies en la parte inferior de las p\u00e1ginas del site con el objeto de que usted sea consciente. Ante esta informaci\u00f3n es posible llevar a cabo las siguientes acciones:<\/p>\n<ul>\n<li>Ocultar este mensaje. Se oculta el aviso en la presente p\u00e1gina.<\/li>\n<li>Modificar su configuraci\u00f3n. Podr\u00e1 obtener m\u00e1s informaci\u00f3n sobre qu\u00e9 son las cookies, conocer la pol\u00edtica de cookies y modificar la configuraci\u00f3n de su navegador.<\/li>\n<\/ul>\n<h3 class=\"p1\"><\/h3>\n<\/div><\/section><br \/>\n\n<style type=\"text\/css\" data-created_by=\"avia_inline_auto\" id=\"style-css-av-1xulhp-4e7056d1282bd8dce10848dd6ff5e4c0\">\n#top .hr.hr-invisible.av-1xulhp-4e7056d1282bd8dce10848dd6ff5e4c0{\nheight:40px;\n}\n<\/style>\n<div  class='hr av-1xulhp-4e7056d1282bd8dce10848dd6ff5e4c0 hr-invisible  avia-builder-el-15  el_after_av_textblock  el_before_av_textblock '><span class='hr-inner '><span class=\"hr-inner-style\"><\/span><\/span><\/div><br \/>\n<section  class='av_textblock_section av-kzi74dx5-529729c58da1d6023691216502768fd3 '   itemscope=\"itemscope\" itemtype=\"https:\/\/schema.org\/CreativeWork\" ><div class='avia_textblock'  itemprop=\"text\" ><h3>\u00bfC\u00f3mo bloquear o eliminar las cookies?<\/h3>\n<table class=\"dcf-table dcf-table-responsive dcf-table-bordered dcf-table-striped dcf-w-100%\">\n<tbody>\n<tr>\n<td><strong>Chrome<\/strong><\/td>\n<td>Configuraci\u00f3n &gt; Mostrar opciones avanzadas &gt; Privacidad &gt; Configuraci\u00f3n de contenido.<\/td>\n<td><a href=\"https:\/\/support.google.com\/\" target=\"_blank\" rel=\"noopener noreferrer\">support.google.com<\/a><\/td>\n<\/tr>\n<tr>\n<td><strong>Firefox<\/strong><\/td>\n<td>Herramientas &gt; Opciones &gt; Privacidad &gt; Historial &gt; Configuraci\u00f3n Personalizada.<\/td>\n<td><a href=\"https:\/\/support.mozilla.org\" target=\"_blank\" rel=\"noopener noreferrer\">support.mozilla.org<\/a><\/td>\n<\/tr>\n<tr>\n<td><strong>Internet Explorer<\/strong><\/td>\n<td>Herramientas &gt; Opciones de Internet &gt; Privacidad &gt; Configuraci\u00f3n.<\/td>\n<td><a href=\"https:\/\/www.microsoft.com\/es-es\/windows\/\" target=\"_blank\" rel=\"noopener noreferrer\">windows.microsoft.com<\/a><\/td>\n<\/tr>\n<tr>\n<td><strong>Opera<\/strong><\/td>\n<td>Herramientas &gt; Preferencias &gt; Editar preferencias &gt; Cookies.<\/td>\n<td><a href=\"http:\/\/www.opera.com\/help\/tutorials\/security\/cookies\/\" target=\"_blank\" rel=\"noopener noreferrer\">http:\/\/www.opera.com\/help\/tutorials\/security\/cookies\/<\/a><\/td>\n<\/tr>\n<tr>\n<td><strong>Safari<\/strong><\/td>\n<td>Preferencias &gt; Seguridad.<\/td>\n<td><a href=\"http:\/\/www.apple.com\" target=\"_blank\" rel=\"noopener noreferrer\">http:\/\/www.apple.com<\/a><\/td>\n<\/tr>\n<tr>\n<td><strong>Edge<\/strong><\/td>\n<td>Configuraci\u00f3n &gt; Ver configuraci\u00f3n avanzada &gt; Privacidad y servicios &gt; Cookies.<\/td>\n<td width=\"184\"><a href=\"https:\/\/privacy.microsoft.com\/es-es\/windows-10-microsoft-edge-and-privacy\" target=\"_blank\" rel=\"noopener noreferrer\">https:\/\/privacy.microsoft.com\/es-es\/windows-10-microsoft-edge-and-privacy<\/a><\/td>\n<\/tr>\n<\/tbody>\n<\/table>\n<h3 class=\"p1\"><\/h3>\n<\/div><\/section><\/p>\n<\/div><\/div>\n<\/div>\n\n<style type=\"text\/css\" data-created_by=\"avia_inline_auto\" id=\"style-css-av-3vc3i5-b2495b2e9ac3704de824c90ed0dfe1f8\">\n.avia-section.av-3vc3i5-b2495b2e9ac3704de824c90ed0dfe1f8{\nbackground-color:#ffffff;\nbackground-image:unset;\n}\n<\/style>\n<div id='av_section_2'  class='avia-section av-3vc3i5-b2495b2e9ac3704de824c90ed0dfe1f8 main_color avia-section-default avia-no-shadow  avia-builder-el-17  el_after_av_layout_row  avia-builder-el-last  avia-bg-style-scroll container_wrap fullsize'  ><div class='container av-section-cont-open' ><div class='template-page content  av-content-full alpha units'><div class='post-entry post-entry-type-page post-entry-1042'><div class='entry-content-wrapper clearfix'>\n\n<style type=\"text\/css\" data-created_by=\"avia_inline_auto\" id=\"style-css-av-2phytp-9c93432cedea1d84be1a22f6ea10c68b\">\n.avia-image-container.av-2phytp-9c93432cedea1d84be1a22f6ea10c68b img.avia_image{\nbox-shadow:none;\n}\n.avia-image-container.av-2phytp-9c93432cedea1d84be1a22f6ea10c68b .av-image-caption-overlay-center{\ncolor:#ffffff;\n}\n<\/style>\n<div  class='avia-image-container av-2phytp-9c93432cedea1d84be1a22f6ea10c68b av-styling- avia-align-right  avia-builder-el-18  avia-builder-el-no-sibling '   itemprop=\"image\" itemscope=\"itemscope\" itemtype=\"https:\/\/schema.org\/ImageObject\" ><div class=\"avia-image-container-inner\"><div class=\"avia-image-overlay-wrap\"><a href=\"https:\/\/recosa.com\/wp-content\/uploads\/2026\/01\/2028-Certificado.pdf\" class='avia_image' target=\"_blank\" rel=\"noopener noreferrer\" aria-label='certificat'><img decoding=\"async\" fetchpriority=\"high\" class='wp-image-1572 avia-img-lazy-loading-not-1572 avia_image ' src=\"https:\/\/recosa.com\/wp-content\/uploads\/2016\/11\/certificat-1.jpg\" alt='' title='certificat'  height=\"86\" width=\"80\"  itemprop=\"thumbnailUrl\"  \/><\/a><\/div><\/div><\/div>\n\n","protected":false},"excerpt":{"rendered":"","protected":false},"author":1,"featured_media":0,"parent":0,"menu_order":0,"comment_status":"closed","ping_status":"closed","template":"","meta":{"footnotes":""},"_links":{"self":[{"href":"https:\/\/recosa.com\/es\/wp-json\/wp\/v2\/pages\/1042"}],"collection":[{"href":"https:\/\/recosa.com\/es\/wp-json\/wp\/v2\/pages"}],"about":[{"href":"https:\/\/recosa.com\/es\/wp-json\/wp\/v2\/types\/page"}],"author":[{"embeddable":true,"href":"https:\/\/recosa.com\/es\/wp-json\/wp\/v2\/users\/1"}],"replies":[{"embeddable":true,"href":"https:\/\/recosa.com\/es\/wp-json\/wp\/v2\/comments?post=1042"}],"version-history":[{"count":11,"href":"https:\/\/recosa.com\/es\/wp-json\/wp\/v2\/pages\/1042\/revisions"}],"predecessor-version":[{"id":1824,"href":"https:\/\/recosa.com\/es\/wp-json\/wp\/v2\/pages\/1042\/revisions\/1824"}],"wp:attachment":[{"href":"https:\/\/recosa.com\/es\/wp-json\/wp\/v2\/media?parent=1042"}],"curies":[{"name":"wp","href":"https:\/\/api.w.org\/{rel}","templated":true}]}}