{"id":1020,"date":"2016-12-15T23:48:54","date_gmt":"2016-12-15T23:48:54","guid":{"rendered":"http:\/\/recosa.com\/politica-de-privacitat\/"},"modified":"2026-01-09T10:30:58","modified_gmt":"2026-01-09T10:30:58","slug":"politica-de-privacidad","status":"publish","type":"page","link":"https:\/\/recosa.com\/es\/politica-de-privacidad\/","title":{"rendered":"Pol\u00edtica de Privacidad"},"content":{"rendered":"\n<style type=\"text\/css\" data-created_by=\"avia_inline_auto\" id=\"style-css-av-egsb24-8f3d68e69475fc8ae0e0342173e44f7e\">\n.avia-section.av-egsb24-8f3d68e69475fc8ae0e0342173e44f7e{\nbackground-repeat:no-repeat;\nbackground-image:url(https:\/\/recosa.com\/wp-content\/uploads\/2016\/12\/POLITICA-DE-PRIVACITAT-banner-superior.jpg);\nbackground-position:50% 50%;\nbackground-attachment:scroll;\n}\n<\/style>\n<div id='av_section_1'  class='avia-section av-egsb24-8f3d68e69475fc8ae0e0342173e44f7e main_color avia-section-no-padding avia-no-border-styling  avia-builder-el-0  el_before_av_layout_row  avia-builder-el-first  slider-pral avia-bg-style-scroll av-minimum-height av-minimum-height-custom av-height-custom  container_wrap fullsize'  data-section-bg-repeat='no-repeat' data-av_minimum_height_px='475'><div class='container av-section-cont-open' style='height:475px'><main  role=\"main\" itemprop=\"mainContentOfPage\"  class='template-page content  av-content-full alpha units'><div class='post-entry post-entry-type-page post-entry-1020'><div class='entry-content-wrapper clearfix'>\n\n<style type=\"text\/css\" data-created_by=\"avia_inline_auto\" id=\"style-css-av-brixoc-e89250a46687365146942cbf22fe893d\">\n.flex_column.av-brixoc-e89250a46687365146942cbf22fe893d{\nborder-radius:0px 0px 0px 0px;\npadding:0px 0px 0px 0px;\nbackground-color:#bfac27;\n}\n<\/style>\n<div  class='flex_column av-brixoc-e89250a46687365146942cbf22fe893d av_one_full  avia-builder-el-1  avia-builder-el-no-sibling  caption-pral first flex_column_div av-zero-column-padding  '     ><p>\n<style type=\"text\/css\" data-created_by=\"avia_inline_auto\" id=\"style-css-av-be3tp8-b2023b364a9cc4d0392f76467d4e865c\">\n#top .av-special-heading.av-be3tp8-b2023b364a9cc4d0392f76467d4e865c{\npadding-bottom:0;\ncolor:#ffffff;\n}\nbody .av-special-heading.av-be3tp8-b2023b364a9cc4d0392f76467d4e865c .av-special-heading-tag .heading-char{\nfont-size:25px;\n}\n.av-special-heading.av-be3tp8-b2023b364a9cc4d0392f76467d4e865c .special-heading-inner-border{\nborder-color:#ffffff;\n}\n.av-special-heading.av-be3tp8-b2023b364a9cc4d0392f76467d4e865c .av-subheading{\nfont-size:15px;\n}\n<\/style>\n<div  class='av-special-heading av-be3tp8-b2023b364a9cc4d0392f76467d4e865c av-special-heading-h1 custom-color-heading blockquote modern-quote modern-centered  avia-builder-el-2  el_before_av_hr  avia-builder-el-first '><h1 class='av-special-heading-tag'  itemprop=\"headline\"  >Pol\u00edtica de Privacidad<\/h1><div class=\"special-heading-border\"><div class=\"special-heading-inner-border\"><\/div><\/div><\/div><br \/>\n<div  class='hr av-8jy20c-fc45bc53108dd627115118118f603941 hr-full  avia-builder-el-3  el_after_av_heading  avia-builder-el-last  hr-shadow'><span class='hr-inner '><span class=\"hr-inner-style\"><\/span><\/span><\/div><\/p><\/div>\n\n<\/div><\/div><\/main><!-- close content main element --><\/div><\/div><div id='av-layout-grid-1'  class='av-layout-grid-container av-6yzxzw-9960221ea036682cc4cc616bb93ae2f6 entry-content-wrapper main_color av-border-top-bottom av-flex-cells  avia-builder-el-4  el_after_av_section  el_before_av_section  grid-row-not-first  container_wrap fullsize'  >\n\n<style type=\"text\/css\" data-created_by=\"avia_inline_auto\" id=\"style-css-av-61pta4-b9df88d65d4e7e95c7ff2aa2776a99d6\">\n.flex_cell.av-61pta4-b9df88d65d4e7e95c7ff2aa2776a99d6{\nvertical-align:top;\n}\n.responsive #top #wrap_all .flex_cell.av-61pta4-b9df88d65d4e7e95c7ff2aa2776a99d6{\npadding:40px 60px 40px 60px !important;\n}\n<\/style>\n<div class='flex_cell av-61pta4-b9df88d65d4e7e95c7ff2aa2776a99d6 av-gridrow-cell av_one_full no_margin  avia-builder-el-5  avia-builder-el-no-sibling '  ><div class='flex_cell_inner'><section  class='av_textblock_section av-3h6u5o-929f0ce6d2eed3e4fb53c2f704c89383 '   itemscope=\"itemscope\" itemtype=\"https:\/\/schema.org\/CreativeWork\" ><div class='avia_textblock'  itemprop=\"text\" ><p>El 25 de mayo de 2016 entr\u00f3 en vigor la normativa europea de protecci\u00f3n de datos, m\u00e1s conocida como Reglamento General 2016\/679 (UE) de Protecci\u00f3n de Datos (en adelante, \u201cRGPD\u201d), asimismo el pasado 25 de mayo de 2018 esta normativa paso a ser de plena aplicaci\u00f3n.<\/p>\n<p>De esta manera, en RESINAS Y COLORES SA estamos prepar\u00e1ndonos para asumir los nuevos compromisos que establece la regulaci\u00f3n en materia de protecci\u00f3n de datos de car\u00e1cter personal y as\u00ed ofrecerles un servicio ajustado a los requerimientos del marco legal futuro.<\/p>\n<p>En este sentido, nos dirigimos a usted a fin de poner en su conocimiento los cambios m\u00e1s importantes que incorpora esta nueva normativa Europea de Protecci\u00f3n de datos personales, las cuales se detallan a continuaci\u00f3n, a modo de ejemplo, de algunas de las modificaciones y novedades que se despenden de su aplicaci\u00f3n:<\/p>\n<ul>\n<li>Ampliaci\u00f3n de los derechos como interesado o afectado proporcionados, que incluyen novedades como son el derecho al olvido y el derecho a la portabilidad de los datos.<\/li>\n<li>La figura del Delegado de Protecci\u00f3n de Datos.<\/li>\n<li>La obligatoriedad de recabar el consentimiento mediante acci\u00f3n clara o afirmativa del interesado.<\/li>\n<li>La aparici\u00f3n de nuevas bases legitimas que permiten los tratamientos de datos.<\/li>\n<li>La obligatoriedad de comunicar los incidentes de seguridad que puedan afectar a los derechos y libertades de los interesados.<\/li>\n<\/ul>\n<p>En RESINAS Y COLORES SA le informamos que los tratamientos son requeridos para el correcto desarrollo de la relaci\u00f3n contractual entre usted y RESINAS Y COLORES SA.<\/p>\n<p>En RESINAS Y COLORES SA le informamos que seguimos tratando sus datos conforme a la existencia de su consentimiento.<\/p>\n<p>De acuerdo con los derechos que le confiere la normativa vigente y aplicable en protecci\u00f3n de datos podr\u00e1 ejercer los derechos de acceso, rectificaci\u00f3n, limitaci\u00f3n de tratamiento, supresi\u00f3n (\u201cderecho al olvido\u201d), portabilidad y oposici\u00f3n al tratamiento de sus datos de car\u00e1cter personal as\u00ed como la revocaci\u00f3n del consentimiento prestado para el tratamiento de los mismos, dirigiendo su petici\u00f3n a la direcci\u00f3n postal AVDA DE LA RIERA,10 08960, SANT JUST DESVERN (BARCELONA) o al correo electr\u00f3nico <a href=\"mailto:recosa@recosa.com\">recosa@recosa.com<\/a>. Podr\u00e1 dirigirse a la Autoridad de Control competente para presentar la reclamaci\u00f3n que considere oportuna.<\/p>\n<p><strong>Firmado:<br \/>\n<\/strong>RESINAS Y COLORES SA<\/p>\n<\/div><\/section>\n<\/div><\/div>\n<\/div>\n\n<style type=\"text\/css\" data-created_by=\"avia_inline_auto\" id=\"style-css-av-233ur0-88cebaa5563d5b8743e2af438efa56b1\">\n.avia-section.av-233ur0-88cebaa5563d5b8743e2af438efa56b1{\nbackground-color:#ffffff;\nbackground-image:unset;\n}\n<\/style>\n<div id='av_section_2'  class='avia-section av-233ur0-88cebaa5563d5b8743e2af438efa56b1 main_color avia-section-default avia-no-shadow  avia-builder-el-7  el_after_av_layout_row  avia-builder-el-last  avia-bg-style-scroll container_wrap fullsize'  ><div class='container av-section-cont-open' ><div class='template-page content  av-content-full alpha units'><div class='post-entry post-entry-type-page post-entry-1020'><div class='entry-content-wrapper clearfix'>\n\n<style type=\"text\/css\" data-created_by=\"avia_inline_auto\" id=\"style-css-av-lb40var9-c6d9095d2861eecb265ee0c0496f5a10\">\n.avia-image-container.av-lb40var9-c6d9095d2861eecb265ee0c0496f5a10 img.avia_image{\nbox-shadow:none;\n}\n.avia-image-container.av-lb40var9-c6d9095d2861eecb265ee0c0496f5a10 .av-image-caption-overlay-center{\ncolor:#ffffff;\n}\n<\/style>\n<div  class='avia-image-container av-lb40var9-c6d9095d2861eecb265ee0c0496f5a10 av-styling- avia-align-right  avia-builder-el-8  avia-builder-el-no-sibling '   itemprop=\"image\" itemscope=\"itemscope\" itemtype=\"https:\/\/schema.org\/ImageObject\" ><div class=\"avia-image-container-inner\"><div class=\"avia-image-overlay-wrap\"><a href=\"https:\/\/recosa.com\/wp-content\/uploads\/2026\/01\/2028-Certificado.pdf\" class='avia_image' target=\"_blank\" rel=\"noopener noreferrer\" aria-label='certificat'><img decoding=\"async\" fetchpriority=\"high\" class='wp-image-1572 avia-img-lazy-loading-not-1572 avia_image ' src=\"https:\/\/recosa.com\/wp-content\/uploads\/2016\/11\/certificat-1.jpg\" alt='' title='certificat'  height=\"86\" width=\"80\"  itemprop=\"thumbnailUrl\"  \/><\/a><\/div><\/div><\/div>\n\n","protected":false},"excerpt":{"rendered":"","protected":false},"author":1,"featured_media":0,"parent":0,"menu_order":0,"comment_status":"closed","ping_status":"closed","template":"","meta":{"footnotes":""},"_links":{"self":[{"href":"https:\/\/recosa.com\/es\/wp-json\/wp\/v2\/pages\/1020"}],"collection":[{"href":"https:\/\/recosa.com\/es\/wp-json\/wp\/v2\/pages"}],"about":[{"href":"https:\/\/recosa.com\/es\/wp-json\/wp\/v2\/types\/page"}],"author":[{"embeddable":true,"href":"https:\/\/recosa.com\/es\/wp-json\/wp\/v2\/users\/1"}],"replies":[{"embeddable":true,"href":"https:\/\/recosa.com\/es\/wp-json\/wp\/v2\/comments?post=1020"}],"version-history":[{"count":7,"href":"https:\/\/recosa.com\/es\/wp-json\/wp\/v2\/pages\/1020\/revisions"}],"predecessor-version":[{"id":1825,"href":"https:\/\/recosa.com\/es\/wp-json\/wp\/v2\/pages\/1020\/revisions\/1825"}],"wp:attachment":[{"href":"https:\/\/recosa.com\/es\/wp-json\/wp\/v2\/media?parent=1020"}],"curies":[{"name":"wp","href":"https:\/\/api.w.org\/{rel}","templated":true}]}}