{"id":1018,"date":"2016-12-15T23:50:33","date_gmt":"2016-12-15T23:50:33","guid":{"rendered":"http:\/\/recosa.com\/avis-legal\/"},"modified":"2026-01-09T10:29:50","modified_gmt":"2026-01-09T10:29:50","slug":"aviso-legal","status":"publish","type":"page","link":"https:\/\/recosa.com\/es\/aviso-legal\/","title":{"rendered":"Aviso Legal"},"content":{"rendered":"\n<style type=\"text\/css\" data-created_by=\"avia_inline_auto\" id=\"style-css-av-g1lhli-f0d9339ba0bd42e76b1a46d02b489a61\">\n.avia-section.av-g1lhli-f0d9339ba0bd42e76b1a46d02b489a61{\nbackground-repeat:no-repeat;\nbackground-image:url(https:\/\/recosa.com\/wp-content\/uploads\/2016\/12\/POLITICA-DE-PRIVACITAT-banner-superior.jpg);\nbackground-position:50% 50%;\nbackground-attachment:scroll;\n}\n<\/style>\n<div id='av_section_1'  class='avia-section av-g1lhli-f0d9339ba0bd42e76b1a46d02b489a61 main_color avia-section-no-padding avia-no-border-styling  avia-builder-el-0  el_before_av_layout_row  avia-builder-el-first  slider-pral avia-bg-style-scroll av-minimum-height av-minimum-height-custom av-height-custom  container_wrap fullsize'  data-section-bg-repeat='no-repeat' data-av_minimum_height_px='475'><div class='container av-section-cont-open' style='height:475px'><main  role=\"main\" itemprop=\"mainContentOfPage\"  class='template-page content  av-content-full alpha units'><div class='post-entry post-entry-type-page post-entry-1018'><div class='entry-content-wrapper clearfix'>\n\n<style type=\"text\/css\" data-created_by=\"avia_inline_auto\" id=\"style-css-av-ef5d52-e6536afb0902b183023468ad912196c8\">\n.flex_column.av-ef5d52-e6536afb0902b183023468ad912196c8{\nborder-radius:0px 0px 0px 0px;\npadding:0px 0px 0px 0px;\nbackground-color:#bfac27;\n}\n<\/style>\n<div  class='flex_column av-ef5d52-e6536afb0902b183023468ad912196c8 av_one_full  avia-builder-el-1  avia-builder-el-no-sibling  caption-pral first flex_column_div av-zero-column-padding  '     ><p>\n<style type=\"text\/css\" data-created_by=\"avia_inline_auto\" id=\"style-css-av-18r6bq-f6c792f23d4640a469572068e04a60d9\">\n#top .av-special-heading.av-18r6bq-f6c792f23d4640a469572068e04a60d9{\npadding-bottom:0;\ncolor:#ffffff;\n}\nbody .av-special-heading.av-18r6bq-f6c792f23d4640a469572068e04a60d9 .av-special-heading-tag .heading-char{\nfont-size:25px;\n}\n.av-special-heading.av-18r6bq-f6c792f23d4640a469572068e04a60d9 .special-heading-inner-border{\nborder-color:#ffffff;\n}\n.av-special-heading.av-18r6bq-f6c792f23d4640a469572068e04a60d9 .av-subheading{\nfont-size:15px;\n}\n<\/style>\n<div  class='av-special-heading av-18r6bq-f6c792f23d4640a469572068e04a60d9 av-special-heading-h1 custom-color-heading blockquote modern-quote modern-centered  avia-builder-el-2  el_before_av_hr  avia-builder-el-first '><h1 class='av-special-heading-tag'  itemprop=\"headline\"  >Aviso Legal<\/h1><div class=\"special-heading-border\"><div class=\"special-heading-inner-border\"><\/div><\/div><\/div><br \/>\n<div  class='hr av-aadzxi-d50f70650b460b2fe0f32ceccb0794ad hr-full  avia-builder-el-3  el_after_av_heading  avia-builder-el-last  hr-shadow'><span class='hr-inner '><span class=\"hr-inner-style\"><\/span><\/span><\/div><\/p><\/div>\n\n<\/div><\/div><\/main><!-- close content main element --><\/div><\/div><div id='av-layout-grid-1'  class='av-layout-grid-container av-8lwsau-22e03efb3ffd373da1a3e75dee3f068b entry-content-wrapper main_color av-border-top-bottom av-flex-cells  avia-builder-el-4  el_after_av_section  el_before_av_section  grid-row-not-first  container_wrap fullsize'  >\n\n<style type=\"text\/css\" data-created_by=\"avia_inline_auto\" id=\"style-css-av-7wk5d2-2de9c1c40f04de37d56c1520a223676c\">\n.flex_cell.av-7wk5d2-2de9c1c40f04de37d56c1520a223676c{\nvertical-align:top;\n}\n.responsive #top #wrap_all .flex_cell.av-7wk5d2-2de9c1c40f04de37d56c1520a223676c{\npadding:40px 60px 40px 60px !important;\n}\n<\/style>\n<div class='flex_cell av-7wk5d2-2de9c1c40f04de37d56c1520a223676c av-gridrow-cell av_one_full no_margin  avia-builder-el-5  avia-builder-el-no-sibling '  ><div class='flex_cell_inner'><p><section  class='av_textblock_section av-5zskzq-5fb1c3123831b8b25572247c9fd2281d '   itemscope=\"itemscope\" itemtype=\"https:\/\/schema.org\/CreativeWork\" ><div class='avia_textblock'  itemprop=\"text\" ><p><strong>Cumpliendo con el deber de informaci\u00f3n seg\u00fan art\u00edculo 10 de la Ley 34\/2002, de 11 de Julio, de Servicios de la sociedad de la Informaci\u00f3n y del Comercio Electr\u00f3nico, les informamos de los siguientes datos:<\/strong><\/p>\n<p>La empresa titular del dominio web es <strong>RESINAS\u00a0Y\u00a0COLORES\u00a0S.A.<\/strong> (en adelante \u201cRECOSA\u201d), con domicilio en Avenida de la riera 10, 08960, Sant Just Desvern, Barcelona, NIF: A08190894 e inscrita en el Registro Mercantil de Barcelona, tomo 23790, folio 70, hoja B-63618. Para cualquier consulta, nos puede contactar por e-mail: recosa@recosa.com, o bien al tel\u00e9fono 933711913.<\/p>\n<p>Cualquier persona que navegue por este Sitio Web asumir\u00e1 el papel de Usuario y se compromete a observar y cumplimentar rigurosamente las disposiciones aqu\u00ed dispuestas, as\u00ed como a cualquier otra disposici\u00f3n legal que sea aplicable.<\/p>\n<\/div><\/section><br \/>\n\n<style type=\"text\/css\" data-created_by=\"avia_inline_auto\" id=\"style-css-av-kzi931jo-7c5b73706799836091f8d0171b59561c\">\n#top .hr.hr-invisible.av-kzi931jo-7c5b73706799836091f8d0171b59561c{\nheight:50px;\n}\n<\/style>\n<div  class='hr av-kzi931jo-7c5b73706799836091f8d0171b59561c hr-invisible  avia-builder-el-7  el_after_av_textblock  el_before_av_textblock '><span class='hr-inner '><span class=\"hr-inner-style\"><\/span><\/span><\/div><br \/>\n<section  class='av_textblock_section av-kzi92rx4-93ab45136be98a5c0696492b40612d59 '   itemscope=\"itemscope\" itemtype=\"https:\/\/schema.org\/CreativeWork\" ><div class='avia_textblock'  itemprop=\"text\" ><h3>CONDICIONES GENERALES DE USO<\/h3>\n<p>Est\u00e1 usted accediendo al Sitio Web de RECOSA. Las p\u00e1ginas web que componen este Sitio Web pueden ser visitadas libremente por los Usuarios y de forma gratuita, siempre que su uso sea exclusivamente personal. La utilizaci\u00f3n de esta p\u00e1gina Web supone la aceptaci\u00f3n de este aviso legal.<\/p>\n<p>El Usuario accede libremente a este Sitio Web, lo que supone que lo utilizar\u00e1 conforme al presente aviso legal, el resto de avisos y cl\u00e1usulas legales, la Ley, la moral, la buena fe y\/o las buenas costumbres.<\/p>\n<p>RECOSA se reserva el derecho a variar sin previo aviso el contenido de este aviso legal, por este motivo, y para una correcta utilizaci\u00f3n del Sitio Web, le recomendamos que visite peri\u00f3dicamente esta secci\u00f3n. Asimismo, RECOSA se reserva el derecho a denegar o quitar el acceso a este Sitio Web y\/o a los servicios contenidos en \u00e9ste, en cualquier momento y sin previo aviso, a cualquier Usuario que no cumpla con lo que se establece en el presente aviso legal y, especialmente, con lo que se establece en el p\u00e1rrafo anterior.<\/p>\n<p>Por lo general, no se requiere el previo registro como Usuario de este Sitio Web. Sin embargo, la utilizaci\u00f3n de determinados servicios y\/o contenidos puede necesitar la previa identificaci\u00f3n y\/o registro, en la forma indicada en cada caso. Las p\u00e1ginas restringidas a los Usuarios previamente autorizados por RECOSA mediante registro, reclaman que el Usuario no revele a terceros el nombre de Usuario y contrase\u00f1a, que son personales e intransferibles. El Usuario acepta la responsabilidad por cualesquiera da\u00f1os y perjuicios, directos o indirectos, que pudieran derivarse de su utilizaci\u00f3n indebida, as\u00ed como de su cesi\u00f3n a terceros. En cualquier momento RECOSA por motivos de seguridad, podr\u00e1 modificar la contrase\u00f1a del Usuario, previa comunicaci\u00f3n.<\/p>\n<p>El Usuario se compromete a hacer un uso correcto de los contenidos y servicios (como por ejemplo servicios de consultorio, foros de comentarios\/discusi\u00f3n) que RECOSA ofrece a trav\u00e9s de este Sitio Web. Con car\u00e1cter enunciativo, pero no limitativo, a no utilizarlos para:<\/p>\n<ul>\n<li>Incurrir en actividades il\u00edcitas, ilegales o contrarias a la buena fe y al orden p\u00fablico;<\/li>\n<li>Propagar contenidos o propaganda de car\u00e1cter racista, xen\u00f3fobo, pornogr\u00e1fico-ilegal, de apolog\u00eda del terrorismo o atentatorio contra los derechos humanos;<\/li>\n<li>Originar da\u00f1os en los sistemas f\u00edsicos y l\u00f3gicos de RECOSA, de sus proveedores o de terceras personas, insertar o difundir en la red virus inform\u00e1ticos o cualesquiera otros sistemas f\u00edsicos o l\u00f3gicos que sean susceptibles de provocar los da\u00f1os anteriormente citados.<\/li>\n<\/ul>\n<p>Este sitio web est\u00e1 moderado. RECOSA se reserva el derecho de retirar todos aquellos comentarios y aportaciones que vulneren el respeto a la dignidad de la persona, que sean discriminatorios, xen\u00f3fobos, racistas, pornogr\u00e1ficos, que atenten contra la juventud o la infancia, el orden o la seguridad p\u00fablica o que, a su juicio, no derivaran adecuados para su publicaci\u00f3n. En cualquier caso, RECOSA no ser\u00e1 responsable de las opiniones vertidas por los Usuarios a trav\u00e9s de los foros, consultorios, comentarios, u otras herramientas de participaci\u00f3n<\/p>\n<\/div><\/section><br \/>\n\n<style type=\"text\/css\" data-created_by=\"avia_inline_auto\" id=\"style-css-av-aumb2e-9a2b3f7133ebfbbe9cbea84f97320011\">\n#top .hr.hr-invisible.av-aumb2e-9a2b3f7133ebfbbe9cbea84f97320011{\nheight:50px;\n}\n<\/style>\n<div  class='hr av-aumb2e-9a2b3f7133ebfbbe9cbea84f97320011 hr-invisible  avia-builder-el-9  el_after_av_textblock  el_before_av_textblock '><span class='hr-inner '><span class=\"hr-inner-style\"><\/span><\/span><\/div><br \/>\n<section  class='av_textblock_section av-kzi93okh-b8666e9ee590519ca24a4d43f7ea2669 '   itemscope=\"itemscope\" itemtype=\"https:\/\/schema.org\/CreativeWork\" ><div class='avia_textblock'  itemprop=\"text\" ><h3>PROPIEDAD INTELECTUAL E INDUSTRIAL<\/h3>\n<p>RECOSA, por s\u00ed sola o como cesionaria, es titular de todos los derechos de propiedad intelectual e industrial de esta p\u00e1gina web, as\u00ed como de los elementos contenidos en la misma (a t\u00edtulo enunciativo, im\u00e1genes, sonido, audio, v\u00eddeo, software o textos, marcas o logotipos, combinaciones de colores, estructura y dise\u00f1o, selecci\u00f3n de materiales usados, programas de ordenador necesarios para su funcionamiento, acceso y uso, etc.), titularidad de RECOSA o de sus licenciadores. Todos los derechos reservados. En virtud de lo dispuesto en los art\u00edculos 8 y 32.1, p\u00e1rrafo segundo, de la Ley de Propiedad Intelectual, quedan expresamente prohibidas la reproducci\u00f3n, distribuci\u00f3n y comunicaci\u00f3n p\u00fablica, incluida su modalidad de puesta a disposici\u00f3n, de la totalidad o parte de los contenidos de esta p\u00e1gina web, con fines comerciales, en cualquier soporte y por cualquier medio t\u00e9cnico, sin la autorizaci\u00f3n expresa de RECOSA.<\/p>\n<p>El Usuario se responsabiliza en respetar los derechos de Propiedad Intelectual e Industrial titularidad de RECOSA. Podr\u00e1 visualizar los elementos del portal e incluso imprimirlos, copiarlos y guardarlos en el disco duro de su ordenador o en cualquier otro soporte f\u00edsico siempre que sea, \u00fanica y exclusivamente, para su uso personal y privado. El Usuario deber\u00e1 abstenerse de eliminar, alterar, eludir o manipular cualquier dispositivo de protecci\u00f3n o sistema de seguridad que estuviera instalado en las p\u00e1ginas de RECOSA.<\/p>\n<\/div><\/section><br \/>\n\n<style type=\"text\/css\" data-created_by=\"avia_inline_auto\" id=\"style-css-av-94d81y-84bab31c6eb9cb7c12a70a4d80d55ea3\">\n#top .hr.hr-invisible.av-94d81y-84bab31c6eb9cb7c12a70a4d80d55ea3{\nheight:50px;\n}\n<\/style>\n<div  class='hr av-94d81y-84bab31c6eb9cb7c12a70a4d80d55ea3 hr-invisible  avia-builder-el-11  el_after_av_textblock  el_before_av_textblock '><span class='hr-inner '><span class=\"hr-inner-style\"><\/span><\/span><\/div><br \/>\n<section  class='av_textblock_section av-kzi94573-ab1b4bbd68070483350bb11a6680835b '   itemscope=\"itemscope\" itemtype=\"https:\/\/schema.org\/CreativeWork\" ><div class='avia_textblock'  itemprop=\"text\" ><h3>EXCLUSI\u00d3N DE GARANT\u00cdAS Y RESPONSABILIDAD<\/h3>\n<p>RECOSA no se hace responsable, en ning\u00fan momento, de los da\u00f1os y perjuicios de cualquier naturaleza que pudieran originar, a t\u00edtulo enunciativo: errores u omisiones en los contenidos, falta de disponibilidad del portal o la transmisi\u00f3n de virus o programas maliciosos o lesivos en los contenidos , a pesar de haber adoptado todas las medidas tecnol\u00f3gicas necesarias para evitarlo.<\/p>\n<\/div><\/section><br \/>\n\n<style type=\"text\/css\" data-created_by=\"avia_inline_auto\" id=\"style-css-av-6y5xqu-1c18dddea63049e597f0e8a8d7b414d8\">\n#top .hr.hr-invisible.av-6y5xqu-1c18dddea63049e597f0e8a8d7b414d8{\nheight:50px;\n}\n<\/style>\n<div  class='hr av-6y5xqu-1c18dddea63049e597f0e8a8d7b414d8 hr-invisible  avia-builder-el-13  el_after_av_textblock  el_before_av_textblock '><span class='hr-inner '><span class=\"hr-inner-style\"><\/span><\/span><\/div><br \/>\n<section  class='av_textblock_section av-kzi94l7h-b5d99d83735aa329726655594a664d70 '   itemscope=\"itemscope\" itemtype=\"https:\/\/schema.org\/CreativeWork\" ><div class='avia_textblock'  itemprop=\"text\" ><h3>MODIFICACIONES<\/h3>\n<p>RECOSA se reserva el derecho de realizar sin previo aviso las transformaciones que considere oportunas en su portal, pudiendo cambiar, suprimir o incorporar tanto los contenidos y servicios que se presten a trav\u00e9s de la misma como la forma en la que \u00e9stos aparezcan mostrados o situados en su portal.<\/p>\n<p>RECOSA podr\u00e1 modificar en cualquier momento las condiciones aqu\u00ed establecidas, siendo debidamente publicadas como aqu\u00ed aparecen. La vigencia de estas condiciones ir\u00e1 en funci\u00f3n de su exposici\u00f3n y estar\u00e1n vigentes hasta que sean modificadas por otras debidamente publicadas.<\/p>\n<\/div><\/section><br \/>\n\n<style type=\"text\/css\" data-created_by=\"avia_inline_auto\" id=\"style-css-av-6izlja-6764df3f1eec858091336744fe52eed8\">\n#top .hr.hr-invisible.av-6izlja-6764df3f1eec858091336744fe52eed8{\nheight:50px;\n}\n<\/style>\n<div  class='hr av-6izlja-6764df3f1eec858091336744fe52eed8 hr-invisible  avia-builder-el-15  el_after_av_textblock  el_before_av_textblock '><span class='hr-inner '><span class=\"hr-inner-style\"><\/span><\/span><\/div><br \/>\n<section  class='av_textblock_section av-kzi95bbb-9cb31997bb43f17e163ac11c34ed8914 '   itemscope=\"itemscope\" itemtype=\"https:\/\/schema.org\/CreativeWork\" ><div class='avia_textblock'  itemprop=\"text\" ><h3>ENLACES E HIPERV\u00cdNCULOS<\/h3>\n<p>En caso de que en el Sitio Web se habiliten enlaces o hiperv\u00ednculos a otros sitios de Internet, RECOSA no ejercer\u00e1 ning\u00fan tipo de control sobre estos sitios y contenidos. En ning\u00fan caso RECOSA asumir\u00e1 responsabilidad alguna por los contenidos de alg\u00fan enlace perteneciente a un Sitio Web ajeno, ni garantizar\u00e1 la disponibilidad t\u00e9cnica, calidad, fiabilidad, exactitud, amplitud, veracidad, validez y constitucionalidad de cualquier material o informaci\u00f3n contenida en ninguno de dichos hiperv\u00ednculos u otros sitios de Internet. Asimismo, la inclusi\u00f3n de estas conexiones externas no implicar\u00e1 ning\u00fan tipo de asociaci\u00f3n, uni\u00f3n o colaboraci\u00f3n con las entidades conectadas.<\/p>\n<\/div><\/section><br \/>\n\n<style type=\"text\/css\" data-created_by=\"avia_inline_auto\" id=\"style-css-av-3mwt9y-95d4f3dcab0967df281ebc7fe9b9220f\">\n#top .hr.hr-invisible.av-3mwt9y-95d4f3dcab0967df281ebc7fe9b9220f{\nheight:50px;\n}\n<\/style>\n<div  class='hr av-3mwt9y-95d4f3dcab0967df281ebc7fe9b9220f hr-invisible  avia-builder-el-17  el_after_av_textblock  el_before_av_textblock '><span class='hr-inner '><span class=\"hr-inner-style\"><\/span><\/span><\/div><br \/>\n<section  class='av_textblock_section av-kzi95v08-7e630899b195750054903a6332e8e7a8 '   itemscope=\"itemscope\" itemtype=\"https:\/\/schema.org\/CreativeWork\" ><div class='avia_textblock'  itemprop=\"text\" ><h3>GENERALIDADES<\/h3>\n<p>RECOSA perseguir\u00e1 el incumplimiento de las presentes condiciones, as\u00ed como cualquier utilizaci\u00f3n indebida de su portal practicando todas las acciones civiles y penales que pudieran corresponderle en derecho.<\/p>\n<\/div><\/section><br \/>\n\n<style type=\"text\/css\" data-created_by=\"avia_inline_auto\" id=\"style-css-av-20mova-d6e23f16d0bb2ef94a6799d553b8917b\">\n#top .hr.hr-invisible.av-20mova-d6e23f16d0bb2ef94a6799d553b8917b{\nheight:50px;\n}\n<\/style>\n<div  class='hr av-20mova-d6e23f16d0bb2ef94a6799d553b8917b hr-invisible  avia-builder-el-19  el_after_av_textblock  el_before_av_textblock '><span class='hr-inner '><span class=\"hr-inner-style\"><\/span><\/span><\/div><br \/>\n<section  class='av_textblock_section av-kzi96awc-924a9fbca50b5acf3c3d10dd0e283289 '   itemscope=\"itemscope\" itemtype=\"https:\/\/schema.org\/CreativeWork\" ><div class='avia_textblock'  itemprop=\"text\" ><h3>LEY APLICABLE Y JURISDICCI\u00d3N<\/h3>\n<p>Estas condiciones se regir\u00e1n o entender\u00e1n conforme a la legislaci\u00f3n espa\u00f1ola en lo que no est\u00e9 expresamente establecido.<\/p>\n<\/div><\/section><\/p>\n<\/div><\/div>\n<\/div>\n\n<style type=\"text\/css\" data-created_by=\"avia_inline_auto\" id=\"style-css-av-3tcq1i-bfbbf234c4c969cf1bac2f28d1b6101f\">\n.avia-section.av-3tcq1i-bfbbf234c4c969cf1bac2f28d1b6101f{\nbackground-color:#ffffff;\nbackground-image:unset;\n}\n<\/style>\n<div id='av_section_2'  class='avia-section av-3tcq1i-bfbbf234c4c969cf1bac2f28d1b6101f main_color avia-section-default avia-no-shadow  avia-builder-el-21  el_after_av_layout_row  avia-builder-el-last  avia-bg-style-scroll container_wrap fullsize'  ><div class='container av-section-cont-open' ><div class='template-page content  av-content-full alpha units'><div class='post-entry post-entry-type-page post-entry-1018'><div class='entry-content-wrapper clearfix'>\n\n<style type=\"text\/css\" data-created_by=\"avia_inline_auto\" id=\"style-css-av-2yl97q-8d40e86809e80c3e4bfe514f496316e1\">\n.avia-image-container.av-2yl97q-8d40e86809e80c3e4bfe514f496316e1 img.avia_image{\nbox-shadow:none;\n}\n.avia-image-container.av-2yl97q-8d40e86809e80c3e4bfe514f496316e1 .av-image-caption-overlay-center{\ncolor:#ffffff;\n}\n<\/style>\n<div  class='avia-image-container av-2yl97q-8d40e86809e80c3e4bfe514f496316e1 av-styling- avia-align-right  avia-builder-el-22  avia-builder-el-no-sibling '   itemprop=\"image\" itemscope=\"itemscope\" itemtype=\"https:\/\/schema.org\/ImageObject\" ><div class=\"avia-image-container-inner\"><div class=\"avia-image-overlay-wrap\"><a href=\"https:\/\/recosa.com\/wp-content\/uploads\/2026\/01\/2028-Certificado.pdf\" class='avia_image' target=\"_blank\" rel=\"noopener noreferrer\" aria-label='certificat'><img decoding=\"async\" fetchpriority=\"high\" class='wp-image-1572 avia-img-lazy-loading-not-1572 avia_image ' src=\"https:\/\/recosa.com\/wp-content\/uploads\/2016\/11\/certificat-1.jpg\" alt='' title='certificat'  height=\"86\" width=\"80\"  itemprop=\"thumbnailUrl\"  \/><\/a><\/div><\/div><\/div>\n\n","protected":false},"excerpt":{"rendered":"","protected":false},"author":1,"featured_media":0,"parent":0,"menu_order":0,"comment_status":"closed","ping_status":"closed","template":"","meta":{"footnotes":""},"_links":{"self":[{"href":"https:\/\/recosa.com\/es\/wp-json\/wp\/v2\/pages\/1018"}],"collection":[{"href":"https:\/\/recosa.com\/es\/wp-json\/wp\/v2\/pages"}],"about":[{"href":"https:\/\/recosa.com\/es\/wp-json\/wp\/v2\/types\/page"}],"author":[{"embeddable":true,"href":"https:\/\/recosa.com\/es\/wp-json\/wp\/v2\/users\/1"}],"replies":[{"embeddable":true,"href":"https:\/\/recosa.com\/es\/wp-json\/wp\/v2\/comments?post=1018"}],"version-history":[{"count":11,"href":"https:\/\/recosa.com\/es\/wp-json\/wp\/v2\/pages\/1018\/revisions"}],"predecessor-version":[{"id":1819,"href":"https:\/\/recosa.com\/es\/wp-json\/wp\/v2\/pages\/1018\/revisions\/1819"}],"wp:attachment":[{"href":"https:\/\/recosa.com\/es\/wp-json\/wp\/v2\/media?parent=1018"}],"curies":[{"name":"wp","href":"https:\/\/api.w.org\/{rel}","templated":true}]}}