{"id":796,"date":"2016-11-30T11:16:02","date_gmt":"2016-11-30T11:16:02","guid":{"rendered":"http:\/\/recosa.com\/inici\/"},"modified":"2026-01-09T10:24:23","modified_gmt":"2026-01-09T10:24:23","slug":"inici","status":"publish","type":"page","link":"https:\/\/recosa.com\/en\/","title":{"rendered":"Home"},"content":{"rendered":"\n<style type=\"text\/css\" data-created_by=\"avia_inline_auto\" id=\"style-css-av-4xovng-2d15293b83f87542564a6c2bfd02b610\">\n.avia-section.av-4xovng-2d15293b83f87542564a6c2bfd02b610{\nbackground-repeat:no-repeat;\nbackground-image:url(https:\/\/recosa.com\/wp-content\/uploads\/2016\/11\/INICI-banner-superior2.jpg);\nbackground-position:50% 50%;\nbackground-attachment:scroll;\n}\n<\/style>\n<div id='av_section_1'  class='avia-section av-4xovng-2d15293b83f87542564a6c2bfd02b610 main_color avia-section-no-padding avia-no-border-styling  avia-builder-el-0  el_before_av_layout_row  avia-builder-el-first  slider-pral avia-bg-style-scroll av-minimum-height av-minimum-height-custom av-height-custom  container_wrap fullsize'  data-section-bg-repeat='no-repeat' data-av_minimum_height_px='475'><div class='container av-section-cont-open' style='height:475px'><main  role=\"main\" itemprop=\"mainContentOfPage\"  class='template-page content  av-content-full alpha units'><div class='post-entry post-entry-type-page post-entry-796'><div class='entry-content-wrapper clearfix'>\n\n<style type=\"text\/css\" data-created_by=\"avia_inline_auto\" id=\"style-css-av-h6z0s-634da54a29ec103f3c4eaea9fc41d9de\">\n.avia-image-container.av-h6z0s-634da54a29ec103f3c4eaea9fc41d9de img.avia_image{\nbox-shadow:none;\n}\n.avia-image-container.av-h6z0s-634da54a29ec103f3c4eaea9fc41d9de .av-image-caption-overlay-center{\ncolor:#ffffff;\n}\n<\/style>\n<div  class='avia-image-container av-h6z0s-634da54a29ec103f3c4eaea9fc41d9de av-styling- avia-align-center  avia-builder-el-1  el_before_av_one_full  avia-builder-el-first  logo-frontpage'   itemprop=\"image\" itemscope=\"itemscope\" itemtype=\"https:\/\/schema.org\/ImageObject\" ><div class=\"avia-image-container-inner\"><div class=\"avia-image-overlay-wrap\"><img decoding=\"async\" fetchpriority=\"high\" class='wp-image-1462 avia-img-lazy-loading-not-1462 avia_image ' src=\"https:\/\/recosa.com\/wp-content\/uploads\/2016\/11\/Logo-Recosa-50-rodo.png\" alt='' title='logo-recosa-50-rodo'  height=\"261\" width=\"260\"  itemprop=\"thumbnailUrl\" srcset=\"https:\/\/recosa.com\/wp-content\/uploads\/2016\/11\/Logo-Recosa-50-rodo.png 260w, https:\/\/recosa.com\/wp-content\/uploads\/2016\/11\/Logo-Recosa-50-rodo-80x80.png 80w, https:\/\/recosa.com\/wp-content\/uploads\/2016\/11\/Logo-Recosa-50-rodo-36x36.png 36w, https:\/\/recosa.com\/wp-content\/uploads\/2016\/11\/Logo-Recosa-50-rodo-180x180.png 180w, https:\/\/recosa.com\/wp-content\/uploads\/2016\/11\/Logo-Recosa-50-rodo-120x120.png 120w\" sizes=\"(max-width: 260px) 100vw, 260px\" \/><\/div><\/div><\/div>\n\n<style type=\"text\/css\" data-created_by=\"avia_inline_auto\" id=\"style-css-av-4k1k5g-aea78a9cd6a69866279f40dd01bdaa3d\">\n.flex_column.av-4k1k5g-aea78a9cd6a69866279f40dd01bdaa3d{\nborder-radius:0px 0px 0px 0px;\npadding:0px 0px 0px 0px;\nbackground-color:#2e7386;\n}\n<\/style>\n<div  class='flex_column av-4k1k5g-aea78a9cd6a69866279f40dd01bdaa3d av_one_full  avia-builder-el-2  el_after_av_image  avia-builder-el-last  caption-pral first flex_column_div av-zero-column-padding  '     ><p>\n<style type=\"text\/css\" data-created_by=\"avia_inline_auto\" id=\"style-css-av-fqi4s-651731f429c73fb46ad11d6cd42b791c\">\n#top .av-special-heading.av-fqi4s-651731f429c73fb46ad11d6cd42b791c{\npadding-bottom:0;\ncolor:#ffffff;\n}\nbody .av-special-heading.av-fqi4s-651731f429c73fb46ad11d6cd42b791c .av-special-heading-tag .heading-char{\nfont-size:25px;\n}\n.av-special-heading.av-fqi4s-651731f429c73fb46ad11d6cd42b791c .special-heading-inner-border{\nborder-color:#ffffff;\n}\n.av-special-heading.av-fqi4s-651731f429c73fb46ad11d6cd42b791c .av-subheading{\nfont-size:15px;\n}\n<\/style>\n<div  class='av-special-heading av-fqi4s-651731f429c73fb46ad11d6cd42b791c av-special-heading-h1 custom-color-heading blockquote modern-quote modern-centered  avia-builder-el-3  el_before_av_hr  avia-builder-el-first '><h1 class='av-special-heading-tag'  itemprop=\"headline\"  >1966 \u00b7 50 YEARS \u00b7 2016<\/h1><div class=\"special-heading-border\"><div class=\"special-heading-inner-border\"><\/div><\/div><\/div><br \/>\n<div  class='hr av-469nj0-1717576e63a4e8eb3b14e16b337711a5 hr-full  avia-builder-el-4  el_after_av_heading  avia-builder-el-last  hr-shadow'><span class='hr-inner '><span class=\"hr-inner-style\"><\/span><\/span><\/div><\/p><\/div>\n\n<\/div><\/div><\/main><!-- close content main element --><\/div><\/div><div id='av-layout-grid-1'  class='av-layout-grid-container av-40r1u4-0db22fe4d1a9ba0c57c2398c7e0585b8 entry-content-wrapper main_color av-flex-cells  avia-builder-el-5  el_after_av_section  el_before_av_section  grid-row-not-first  container_wrap fullsize'  >\n\n<style type=\"text\/css\" data-created_by=\"avia_inline_auto\" id=\"style-css-av-e49ok-30b13ef82fc2c2d34525a6418338fbc5\">\n.flex_cell.av-e49ok-30b13ef82fc2c2d34525a6418338fbc5{\nvertical-align:top;\n}\n.responsive #top #wrap_all .flex_cell.av-e49ok-30b13ef82fc2c2d34525a6418338fbc5{\npadding:40px 60px 40px 60px !important;\n}\n<\/style>\n<div class='flex_cell av-e49ok-30b13ef82fc2c2d34525a6418338fbc5 av-gridrow-cell av_one_half no_margin  avia-builder-el-6  el_before_av_cell_one_half  avia-builder-el-first '  ><div class='flex_cell_inner'><section  class='av_textblock_section av-3scjek-369149cd677b950f056a5145d093db1e '   itemscope=\"itemscope\" itemtype=\"https:\/\/schema.org\/CreativeWork\" ><div class='avia_textblock'  itemprop=\"text\" ><p><strong>RESINES I COLORS, SA<sup>\u00ae<\/sup><\/strong> was founded in 1966 by Gen\u00eds S\u00e1nchez Fern\u00e1ndez, being a pioneer in the import and distribution of masterbatch in our country under the trademark MASTER-RYC\u00ae.<\/p>\n<p>At the beginning of the 1980s, under the direction of Josep M\u00aa Esp\u00edn and Montserrat S\u00e1nchez, the company began to manufacture its own products and moved to the current plant in the Sant Just Desvern industrial park.<\/p>\n<\/div><\/section>\n<\/div><\/div>\n<style type=\"text\/css\" data-created_by=\"avia_inline_auto\" id=\"style-css-av-3mydfo-e0a50aa4007dfa51bd151fb688d0479f\">\n.flex_cell.av-3mydfo-e0a50aa4007dfa51bd151fb688d0479f{\nvertical-align:top;\nbackground-color:#ffffff;\n}\n.responsive #top #wrap_all .flex_cell.av-3mydfo-e0a50aa4007dfa51bd151fb688d0479f{\npadding:40px 60px 40px 60px !important;\n}\n<\/style>\n<div class='flex_cell av-3mydfo-e0a50aa4007dfa51bd151fb688d0479f av-gridrow-cell av_one_half no_margin  avia-builder-el-8  el_after_av_cell_one_half  avia-builder-el-last '  ><div class='flex_cell_inner'><section  class='av_textblock_section av-3dwv2k-3ca3ac413e52581bf41dd880550e48d3 '   itemscope=\"itemscope\" itemtype=\"https:\/\/schema.org\/CreativeWork\" ><div class='avia_textblock'  itemprop=\"text\" ><p>Currently<strong> RECOSA<sup>\u00ae<\/sup><\/strong> is headed by the third generation of the family, maintaining an agile and flexible structure that allows us to adapt quickly and efficiently to the requirements of our clients.<\/p>\n<p>50 years of experience guarantee our product and allow us to enjoy an excellent position in markets as demanding as perfumery and cosmetics, food packaging, automotive and technical parts.<\/p>\n<\/div><\/section>\n<\/div><\/div>\n<\/div>\n\n<style type=\"text\/css\" data-created_by=\"avia_inline_auto\" id=\"style-css-av-39o98s-03f32531ea7522f2a40c26002f1a7fd7\">\n.avia-section.av-39o98s-03f32531ea7522f2a40c26002f1a7fd7{\nbackground-color:#fafafa;\nbackground-image:unset;\n}\n<\/style>\n<div id='av_section_2'  class='avia-section av-39o98s-03f32531ea7522f2a40c26002f1a7fd7 main_color avia-section-default avia-no-shadow  avia-builder-el-10  el_after_av_layout_row  el_before_av_section  avia-bg-style-scroll container_wrap fullsize'  ><div class='container av-section-cont-open' ><div class='template-page content  av-content-full alpha units'><div class='post-entry post-entry-type-page post-entry-796'><div class='entry-content-wrapper clearfix'>\n\n<style type=\"text\/css\" data-created_by=\"avia_inline_auto\" id=\"style-css-av-2zzg58-c22b9c73bd34be52fcbec54bcb4e55bd\">\n#top .av-special-heading.av-2zzg58-c22b9c73bd34be52fcbec54bcb4e55bd{\npadding-bottom:10px;\n}\nbody .av-special-heading.av-2zzg58-c22b9c73bd34be52fcbec54bcb4e55bd .av-special-heading-tag .heading-char{\nfont-size:25px;\n}\n.av-special-heading.av-2zzg58-c22b9c73bd34be52fcbec54bcb4e55bd .av-subheading{\nfont-size:15px;\n}\n<\/style>\n<div  class='av-special-heading av-2zzg58-c22b9c73bd34be52fcbec54bcb4e55bd av-special-heading-h3 blockquote modern-quote modern-centered  avia-builder-el-11  el_before_av_hr  avia-builder-el-first '><h3 class='av-special-heading-tag'  itemprop=\"headline\"  ><a href=\"https:\/\/recosa.com\/en\/products\/\">PRODUCTS<\/a><\/h3><div class=\"special-heading-border\"><div class=\"special-heading-inner-border\"><\/div><\/div><\/div>\n\n<style type=\"text\/css\" data-created_by=\"avia_inline_auto\" id=\"style-css-av-2wa2g4-c9728b9cbaa2a8eaca1835fc7b2964ca\">\n#top .hr.hr-invisible.av-2wa2g4-c9728b9cbaa2a8eaca1835fc7b2964ca{\nheight:20px;\n}\n<\/style>\n<div  class='hr av-2wa2g4-c9728b9cbaa2a8eaca1835fc7b2964ca hr-invisible  avia-builder-el-12  el_after_av_heading  el_before_av_one_full '><span class='hr-inner '><span class=\"hr-inner-style\"><\/span><\/span><\/div>\n\n<style type=\"text\/css\" data-created_by=\"avia_inline_auto\" id=\"style-css-av-2sw0xg-099771895a7977fd9a13632b23e249dd\">\n.flex_column.av-2sw0xg-099771895a7977fd9a13632b23e249dd{\nborder-width:32px;\nborder-color:#f4f4f4;\nborder-style:solid;\nborder-radius:0px 0px 0px 0px;\npadding:70px 70px 70px 70px;\nbackground:url(https:\/\/recosa.com\/wp-content\/uploads\/2016\/11\/02-INICI-Productes.jpg) 50% 50% no-repeat scroll ;\n}\n<\/style>\n<div  class='flex_column av-2sw0xg-099771895a7977fd9a13632b23e249dd av_one_full  avia-builder-el-13  el_after_av_hr  el_before_av_hr  first flex_column_div avia-full-stretch  '     ><div  class='avia-button-wrap av-2mpoas-9239cbada332e2354e830e1eb3f948fb-wrap avia-button-center  avia-builder-el-14  avia-builder-el-no-sibling '>\n<style type=\"text\/css\" data-created_by=\"avia_inline_auto\" id=\"style-css-av-2mpoas-9239cbada332e2354e830e1eb3f948fb\">\n#top #wrap_all .avia-button.av-2mpoas-9239cbada332e2354e830e1eb3f948fb{\nbackground-color:#2e7386;\nborder-color:#2e7386;\ncolor:#ffffff;\ntransition:all 0.4s ease-in-out;\n}\n<\/style>\n<a href='https:\/\/recosa.com\/en\/products\/'  class='avia-button av-2mpoas-9239cbada332e2354e830e1eb3f948fb avia-icon_select-yes-right-icon avia-size-small avia-position-center av-icon-on-hover'  ><span class='avia_iconbox_title' >SEE PRODUCTS<\/span><span class='avia_button_icon avia_button_icon_right' aria-hidden='true' data-av_icon='\ue879' data-av_iconfont='entypo-fontello'><\/span><\/a><\/div><\/div>\n<style type=\"text\/css\" data-created_by=\"avia_inline_auto\" id=\"style-css-av-2e3624-61aa83c43d9fe5387b78e5e8309924f3\">\n#top .hr.hr-invisible.av-2e3624-61aa83c43d9fe5387b78e5e8309924f3{\nheight:40px;\n}\n<\/style>\n<div  class='hr av-2e3624-61aa83c43d9fe5387b78e5e8309924f3 hr-invisible  avia-builder-el-15  el_after_av_one_full  el_before_av_one_third '><span class='hr-inner '><span class=\"hr-inner-style\"><\/span><\/span><\/div>\n<div class='flex_column_table av-2afiv0-5a144a749a390b0635ca47868562d72d sc-av_one_third av-equal-height-column-flextable'>\n<style type=\"text\/css\" data-created_by=\"avia_inline_auto\" id=\"style-css-av-2afiv0-5a144a749a390b0635ca47868562d72d\">\n.flex_column.av-2afiv0-5a144a749a390b0635ca47868562d72d{\nborder-width:1px;\nborder-color:#ececec;\nborder-style:solid;\nborder-radius:0px 0px 0px 0px;\npadding:32px 32px 32px 32px;\nbackground-color:#f4f4f4;\n}\n<\/style>\n<div  class='flex_column av-2afiv0-5a144a749a390b0635ca47868562d72d av_one_third  avia-builder-el-16  el_after_av_hr  el_before_av_one_third  col1 first flex_column_table_cell av-equal-height-column av-align-top  '     ><p>\n<style type=\"text\/css\" data-created_by=\"avia_inline_auto\" id=\"style-css-av-7ahos-41a4f76673d5d44e5fb4a24bf9b1d378\">\n.avia-image-container.av-7ahos-41a4f76673d5d44e5fb4a24bf9b1d378 img.avia_image{\nbox-shadow:none;\n}\n.avia-image-container.av-7ahos-41a4f76673d5d44e5fb4a24bf9b1d378 .av-image-caption-overlay-center{\ncolor:#ffffff;\n}\n<\/style>\n<div  class='avia-image-container av-7ahos-41a4f76673d5d44e5fb4a24bf9b1d378 av-styling- av-hover-grow avia-align-center  avia-builder-el-17  el_before_av_heading  avia-builder-el-first '   itemprop=\"image\" itemscope=\"itemscope\" itemtype=\"https:\/\/schema.org\/ImageObject\" ><div class=\"avia-image-container-inner\"><div class=\"avia-image-overlay-wrap\"><a href=\"https:\/\/recosa.com\/en\/products\/master-ryc\/\" class='avia_image'  aria-label='inici-master-ryc2'><img decoding=\"async\" fetchpriority=\"high\" class='wp-image-1540 avia-img-lazy-loading-not-1540 avia_image ' src=\"https:\/\/recosa.com\/wp-content\/uploads\/2016\/11\/INICI-Master-ryc2-e1481844709469.jpg\" alt='' title='inici-master-ryc2'  height=\"199\" width=\"316\"  itemprop=\"thumbnailUrl\"  \/><\/a><\/div><\/div><\/div><br \/>\n\n<style type=\"text\/css\" data-created_by=\"avia_inline_auto\" id=\"style-css-av-1utx9o-9d83eed289a8df1216ab60c7da965847\">\n#top .av-special-heading.av-1utx9o-9d83eed289a8df1216ab60c7da965847{\npadding-bottom:5px;\n}\nbody .av-special-heading.av-1utx9o-9d83eed289a8df1216ab60c7da965847 .av-special-heading-tag .heading-char{\nfont-size:25px;\n}\n.av-special-heading.av-1utx9o-9d83eed289a8df1216ab60c7da965847 .av-subheading{\nfont-size:15px;\n}\n<\/style>\n<div  class='av-special-heading av-1utx9o-9d83eed289a8df1216ab60c7da965847 av-special-heading-h3 blockquote modern-quote  avia-builder-el-18  el_after_av_image  el_before_av_textblock '><h3 class='av-special-heading-tag'  itemprop=\"headline\"  ><a href=\"https:\/\/recosa.com\/en\/products\/master-ryc\/\">MASTER-RYC<sup>\u00ae<\/sup><\/a><\/h3><div class=\"special-heading-border\"><div class=\"special-heading-inner-border\"><\/div><\/div><\/div><br \/>\n<section  class='av_textblock_section av-1pxgn8-0925cc99be7c12c66c0da5a7fe608e81 '   itemscope=\"itemscope\" itemtype=\"https:\/\/schema.org\/CreativeWork\" ><div class='avia_textblock'  itemprop=\"text\" ><p>MASTER-RYC<sup>\u00ae<\/sup> is the registered trademark of the masterbatch in pellets manufactured in RECOSA<sup>\u00ae<\/sup>.<\/p>\n<\/div><\/section><\/p><\/div><div class='av-flex-placeholder'><\/div>\n<style type=\"text\/css\" data-created_by=\"avia_inline_auto\" id=\"style-css-av-1krqos-c45e2d748b784d8f9df900d61c883cc6\">\n.flex_column.av-1krqos-c45e2d748b784d8f9df900d61c883cc6{\nborder-width:1px;\nborder-color:#ececec;\nborder-style:solid;\nborder-radius:0px 0px 0px 0px;\npadding:32px 32px 32px 32px;\nbackground-color:#f4f4f4;\n}\n<\/style>\n<div  class='flex_column av-1krqos-c45e2d748b784d8f9df900d61c883cc6 av_one_third  avia-builder-el-20  el_after_av_one_third  el_before_av_one_third  col2 flex_column_table_cell av-equal-height-column av-align-top  '     ><p>\n<style type=\"text\/css\" data-created_by=\"avia_inline_auto\" id=\"style-css-av-50c4k-84456f738b403c979d7b5eb1a6ab0a8b\">\n.avia-image-container.av-50c4k-84456f738b403c979d7b5eb1a6ab0a8b img.avia_image{\nbox-shadow:none;\n}\n.avia-image-container.av-50c4k-84456f738b403c979d7b5eb1a6ab0a8b .av-image-caption-overlay-center{\ncolor:#ffffff;\n}\n<\/style>\n<div  class='avia-image-container av-50c4k-84456f738b403c979d7b5eb1a6ab0a8b av-styling- av-hover-grow avia-align-center  avia-builder-el-21  el_before_av_heading  avia-builder-el-first '   itemprop=\"image\" itemscope=\"itemscope\" itemtype=\"https:\/\/schema.org\/ImageObject\" ><div class=\"avia-image-container-inner\"><div class=\"avia-image-overlay-wrap\"><a href=\"https:\/\/recosa.com\/en\/products\/dry-ryc\/\" class='avia_image'  aria-label='03-inici-dry-ryc'><img decoding=\"async\" fetchpriority=\"high\" class='wp-image-1480 avia-img-lazy-loading-not-1480 avia_image ' src=\"https:\/\/recosa.com\/wp-content\/uploads\/2016\/11\/03-INICI-Dry-ryc.jpg\" alt='' title='03-inici-dry-ryc'  height=\"199\" width=\"316\"  itemprop=\"thumbnailUrl\" srcset=\"https:\/\/recosa.com\/wp-content\/uploads\/2016\/11\/03-INICI-Dry-ryc.jpg 316w, https:\/\/recosa.com\/wp-content\/uploads\/2016\/11\/03-INICI-Dry-ryc-300x189.jpg 300w\" sizes=\"(max-width: 316px) 100vw, 316px\" \/><\/a><\/div><\/div><\/div><br \/>\n\n<style type=\"text\/css\" data-created_by=\"avia_inline_auto\" id=\"style-css-av-1bjkcs-988e35633b7efe050de5417e7a027a36\">\n#top .av-special-heading.av-1bjkcs-988e35633b7efe050de5417e7a027a36{\npadding-bottom:5px;\n}\nbody .av-special-heading.av-1bjkcs-988e35633b7efe050de5417e7a027a36 .av-special-heading-tag .heading-char{\nfont-size:25px;\n}\n.av-special-heading.av-1bjkcs-988e35633b7efe050de5417e7a027a36 .av-subheading{\nfont-size:15px;\n}\n<\/style>\n<div  class='av-special-heading av-1bjkcs-988e35633b7efe050de5417e7a027a36 av-special-heading-h3 blockquote modern-quote  avia-builder-el-22  el_after_av_image  el_before_av_textblock '><h3 class='av-special-heading-tag'  itemprop=\"headline\"  ><a href=\"https:\/\/recosa.com\/en\/products\/dry-ryc\/\">DRY-RYC<sup>\u00ae<\/sup><\/a><\/h3><div class=\"special-heading-border\"><div class=\"special-heading-inner-border\"><\/div><\/div><\/div><br \/>\n<section  class='av_textblock_section av-1130ss-2a8ce612c3823a223f3cdc0dfc4a9314 '   itemscope=\"itemscope\" itemtype=\"https:\/\/schema.org\/CreativeWork\" ><div class='avia_textblock'  itemprop=\"text\" ><p>DRY-RYC<sup>\u00ae\u00a0<\/sup>is the registered trademark of the dry blend manufactured in\u00a0RECOSA<sup>\u00ae<\/sup>.<\/p>\n<\/div><\/section><\/p><\/div><div class='av-flex-placeholder'><\/div>\n<style type=\"text\/css\" data-created_by=\"avia_inline_auto\" id=\"style-css-av-wy58c-02f034e2a0fdc015b4302f4f7fb78266\">\n.flex_column.av-wy58c-02f034e2a0fdc015b4302f4f7fb78266{\nborder-width:1px;\nborder-color:#ececec;\nborder-style:solid;\nborder-radius:0px 0px 0px 0px;\npadding:32px 32px 32px 32px;\nbackground-color:#f4f4f4;\n}\n<\/style>\n<div  class='flex_column av-wy58c-02f034e2a0fdc015b4302f4f7fb78266 av_one_third  avia-builder-el-24  el_after_av_one_third  avia-builder-el-last  col3 flex_column_table_cell av-equal-height-column av-align-top  '     ><p>\n<style type=\"text\/css\" data-created_by=\"avia_inline_auto\" id=\"style-css-av-tf02k-b038933176b3da450552e778722a8570\">\n.avia-image-container.av-tf02k-b038933176b3da450552e778722a8570 img.avia_image{\nbox-shadow:none;\n}\n.avia-image-container.av-tf02k-b038933176b3da450552e778722a8570 .av-image-caption-overlay-center{\ncolor:#ffffff;\n}\n<\/style>\n<div  class='avia-image-container av-tf02k-b038933176b3da450552e778722a8570 av-styling- av-hover-grow avia-align-center  avia-builder-el-25  el_before_av_heading  avia-builder-el-first '   itemprop=\"image\" itemscope=\"itemscope\" itemtype=\"https:\/\/schema.org\/ImageObject\" ><div class=\"avia-image-container-inner\"><div class=\"avia-image-overlay-wrap\"><a href=\"https:\/\/recosa.com\/en\/products\/auxiliary-products\/\" class='avia_image'  aria-label='04-inici-auxiliars'><img decoding=\"async\" fetchpriority=\"high\" class='wp-image-1483 avia-img-lazy-loading-not-1483 avia_image ' src=\"https:\/\/recosa.com\/wp-content\/uploads\/2016\/11\/04-INICI-Auxiliars.jpg\" alt='' title='04-inici-auxiliars'  height=\"199\" width=\"316\"  itemprop=\"thumbnailUrl\" srcset=\"https:\/\/recosa.com\/wp-content\/uploads\/2016\/11\/04-INICI-Auxiliars.jpg 316w, https:\/\/recosa.com\/wp-content\/uploads\/2016\/11\/04-INICI-Auxiliars-300x189.jpg 300w\" sizes=\"(max-width: 316px) 100vw, 316px\" \/><\/a><\/div><\/div><\/div><br \/>\n\n<style type=\"text\/css\" data-created_by=\"avia_inline_auto\" id=\"style-css-av-ivs2c-6431fa3c8c97e060c5386a3b18dc413a\">\n#top .av-special-heading.av-ivs2c-6431fa3c8c97e060c5386a3b18dc413a{\npadding-bottom:5px;\n}\nbody .av-special-heading.av-ivs2c-6431fa3c8c97e060c5386a3b18dc413a .av-special-heading-tag .heading-char{\nfont-size:25px;\n}\n.av-special-heading.av-ivs2c-6431fa3c8c97e060c5386a3b18dc413a .av-subheading{\nfont-size:15px;\n}\n<\/style>\n<div  class='av-special-heading av-ivs2c-6431fa3c8c97e060c5386a3b18dc413a av-special-heading-h3 blockquote modern-quote  avia-builder-el-26  el_after_av_image  el_before_av_textblock '><h3 class='av-special-heading-tag'  itemprop=\"headline\"  ><a href=\"https:\/\/recosa.com\/en\/products\/auxiliary-products\/\">AUXILIARY<\/a><\/h3><div class=\"special-heading-border\"><div class=\"special-heading-inner-border\"><\/div><\/div><\/div><br \/>\n<section  class='av_textblock_section av-cqr9w-60419447c726a9976cd6be0ebd4aa2a4 '   itemscope=\"itemscope\" itemtype=\"https:\/\/schema.org\/CreativeWork\" ><div class='avia_textblock'  itemprop=\"text\" ><p>We are exclusive distributors of our represented Technotrenn Trennmittel GmbH, specialized in the manufacture of release agents and spray lubricants.<\/p>\n<\/div><\/section><\/p><\/div><\/div><!--close column table wrapper. Autoclose: 1 -->\n\n<\/div><\/div><\/div><!-- close content main div --><\/div><\/div>\n<style type=\"text\/css\" data-created_by=\"avia_inline_auto\" id=\"style-css-av-wkok-f003dc0aee745ae0e0ea7b59c58bd512\">\n.avia-section.av-wkok-f003dc0aee745ae0e0ea7b59c58bd512{\nbackground-color:#ffffff;\nbackground-image:unset;\n}\n<\/style>\n<div id='av_section_3'  class='avia-section av-wkok-f003dc0aee745ae0e0ea7b59c58bd512 main_color avia-section-default avia-no-shadow  avia-builder-el-28  el_after_av_section  avia-builder-el-last  avia-bg-style-scroll container_wrap fullsize'  ><div class='container av-section-cont-open' ><div class='template-page content  av-content-full alpha units'><div class='post-entry post-entry-type-page post-entry-796'><div class='entry-content-wrapper clearfix'>\n\n<style type=\"text\/css\" data-created_by=\"avia_inline_auto\" id=\"style-css-av-lb3krwdy-6aca82e28531422c35972fccc956113e\">\n.avia-image-container.av-lb3krwdy-6aca82e28531422c35972fccc956113e img.avia_image{\nbox-shadow:none;\n}\n.avia-image-container.av-lb3krwdy-6aca82e28531422c35972fccc956113e .av-image-caption-overlay-center{\ncolor:#ffffff;\n}\n<\/style>\n<div  class='avia-image-container av-lb3krwdy-6aca82e28531422c35972fccc956113e av-styling- avia-align-right  avia-builder-el-29  avia-builder-el-no-sibling '   itemprop=\"image\" itemscope=\"itemscope\" itemtype=\"https:\/\/schema.org\/ImageObject\" ><div class=\"avia-image-container-inner\"><div class=\"avia-image-overlay-wrap\"><a href=\"https:\/\/recosa.com\/wp-content\/uploads\/2026\/01\/2028-Certificado.pdf\" class='avia_image' target=\"_blank\" rel=\"noopener noreferrer\" aria-label='certificat'><img decoding=\"async\" fetchpriority=\"high\" class='wp-image-1570 avia-img-lazy-loading-not-1570 avia_image ' src=\"https:\/\/recosa.com\/wp-content\/uploads\/2016\/11\/certificat-1.jpg\" alt='' title='certificat'  height=\"86\" width=\"80\"  itemprop=\"thumbnailUrl\"  \/><\/a><\/div><\/div><\/div>\n\n","protected":false},"excerpt":{"rendered":"","protected":false},"author":1,"featured_media":0,"parent":0,"menu_order":0,"comment_status":"closed","ping_status":"closed","template":"","meta":{"footnotes":""},"_links":{"self":[{"href":"https:\/\/recosa.com\/en\/wp-json\/wp\/v2\/pages\/796"}],"collection":[{"href":"https:\/\/recosa.com\/en\/wp-json\/wp\/v2\/pages"}],"about":[{"href":"https:\/\/recosa.com\/en\/wp-json\/wp\/v2\/types\/page"}],"author":[{"embeddable":true,"href":"https:\/\/recosa.com\/en\/wp-json\/wp\/v2\/users\/1"}],"replies":[{"embeddable":true,"href":"https:\/\/recosa.com\/en\/wp-json\/wp\/v2\/comments?post=796"}],"version-history":[{"count":39,"href":"https:\/\/recosa.com\/en\/wp-json\/wp\/v2\/pages\/796\/revisions"}],"predecessor-version":[{"id":1805,"href":"https:\/\/recosa.com\/en\/wp-json\/wp\/v2\/pages\/796\/revisions\/1805"}],"wp:attachment":[{"href":"https:\/\/recosa.com\/en\/wp-json\/wp\/v2\/media?parent=796"}],"curies":[{"name":"wp","href":"https:\/\/api.w.org\/{rel}","templated":true}]}}